{"id":6816,"date":"2017-03-08T13:00:55","date_gmt":"2017-03-08T12:00:55","guid":{"rendered":"http:\/\/brosa.es\/agroalimentari\/"},"modified":"2017-03-10T13:47:45","modified_gmt":"2017-03-10T12:47:45","slug":"agroalimentari","status":"publish","type":"page","link":"https:\/\/brosa.es\/ca\/arees-de-practica\/agroalimentari\/","title":{"rendered":"Agroalimentari"},"content":{"rendered":"<p>[vc_row][vc_column][vc_column_text]En el\u00a0Departament de Dret Agroalimentari\u00a0oferim un servei jur\u00eddic integral, especialitzat en el dret de l\u2019aliment i l\u2019empresa aliment\u00e0ria. L\u2019objecte de la nostra tasca \u00e9s un dels sectors m\u00e9s antics i a la vegada m\u00e9s sofisticat de l\u2019economia, el de la producci\u00f3 i el comer\u00e7 d\u2019aliments que compte amb un r\u00e8gim legal altament intervencionista. El nostre client \u00e9s tant el productor d\u2019aliments com el distribu\u00efdor i el consumidor final, aix\u00ed com les associacions empresarials que agrupen en nivells diferents a les empreses del sector.<\/p>\n<p>Adaptem el nostre assessorament a l\u2019especialitat de l\u2019empresa aliment\u00e0ria i tenim en compte les peculiaritats de l\u2019empresa familiar, de la cooperativa i de altres formes d\u2019organitzaci\u00f3 productiva en el sector primari.[\/vc_column_text][\/vc_column][\/vc_row][vc_row][vc_column width=&#8221;1\/2&#8243;][vc_column_text]\n<h3>El comer\u00e7 d\u2019aliments, la seguretat aliment\u00e0ria<\/h3>\n<p>El nostres professionals assessoren als clients en tots els aspectes jur\u00eddics espec\u00edfics a considerar tant en el funcionament de l\u2019empresa aliment\u00e0ria com en el comer\u00e7 d\u2019aliments, tenint en compte aspectes tal com la lliure circulaci\u00f3 d\u2019aliments a Espanya i Europa, el compliment de la normativa d\u2019higiene, la seguretat aliment\u00e0ria i la tra\u00e7abilitat. Realitzem un assessorament preventiu i representem als nostres clients en recursos en front a sancions, immobilitzaci\u00f3 u obstacles a la distribuci\u00f3 d\u2019un producte.[\/vc_column_text][\/vc_column][vc_column width=&#8221;1\/2&#8243;][vc_column_text]\n<h3>Les noves categories d\u2019aliments<\/h3>\n<p>Assessorem als nostres clients en tots aquells aspectes jur\u00eddics a tenir en compte en la fabricaci\u00f3 i comercialitzaci\u00f3 dels aliments bio, els aliments funcionals, els organismes gen\u00e8ticament modificats i els nous aliments. De la mateixa manera, assessorem sobre la normativa sobre additius, contaminants i residus.[\/vc_column_text][\/vc_column][\/vc_row][vc_row][vc_column width=&#8221;1\/2&#8243;][vc_column_text]\n<h3>Aplicaci\u00f3 de les normes de la compet\u00e8ncia als aliments i a l\u2019empresa aliment\u00e0ria<\/h3>\n<p>Publicitat dels aliments i compet\u00e8ncia deslleial. Els nostres professionals assessoren als clients en les implicacions concorrencials dels acords i fusions en el sector alimentari i en els sup\u00f2sit d\u2019ab\u00fas de posici\u00f3 dominant. Dret de la Compet\u00e8ncia i Organitzacions Interprofessionals.[\/vc_column_text][\/vc_column][vc_column width=&#8221;1\/2&#8243;][vc_column_text]\n<h3>Responsabilitat de l\u2019empresari alimentari i responsabilitat patrimonial de l\u2019Administraci\u00f3<\/h3>\n<p>Recolzem als nostres clients en tot els aspectes de responsabilitat civil, penal i administrativa de l\u2019empresari alimentari, representant-los en la via administrativa i judicial. La responsabilitat patrimonial de l\u2019Administraci\u00f3 \u00e9s tamb\u00e9 un \u00e0rea sensible en la que representem a clients que hagin pogut sofrir l\u2019anormal funcionament de les Administracions p\u00fabliques.[\/vc_column_text][\/vc_column][\/vc_row][vc_row][vc_column width=&#8221;1\/2&#8243;][vc_column_text]\n<h3>Contractaci\u00f3 nacional i internacional<\/h3>\n<p>Amb el recolzament dels nostres professionals del Departament Mercantil, assessorem als nostres clients en la contractaci\u00f3 mercantil, i la distribuci\u00f3 nacional i internacional dels aliments. Implantaci\u00f3 a l\u2019estranger, distribuci\u00f3, constituci\u00f3 de sucursals, adquisici\u00f3 de societats. Contractes d\u2019arrendament, parceries, contractes d\u2019integraci\u00f3, etc. Contractaci\u00f3 electr\u00f2nica d\u2019aliments.[\/vc_column_text][\/vc_column][vc_column width=&#8221;1\/2&#8243;][vc_column_text]\n<h3>Dret corporatiu i fiscal de l\u2019empresa aliment\u00e0ria<\/h3>\n<p>Amb la col\u00b7laboraci\u00f3 dels nostres advocats i economistes del Departament Fiscal, assessorem a l\u2019empresa familiar, a les cooperatives i a organitzacions de productors i Interprofessionals. La fiscalitat de l\u2019aliment.[\/vc_column_text][\/vc_column][\/vc_row][vc_row][vc_column width=&#8221;1\/2&#8243;][vc_column_text]\n<h3>Les denominacions aliment\u00e0ries i les marques<\/h3>\n<p>Dret de la propietat industrial i intel\u00b7lectual. Registre i defensa jur\u00eddica de les denominacions d\u2019origen, indicacions geogr\u00e0fiques i marques de qualitat.[\/vc_column_text][\/vc_column][\/vc_row]\n","protected":false},"excerpt":{"rendered":"<p>[vc_row][vc_column][vc_column_text]En el\u00a0Departament de Dret Agroalimentari\u00a0oferim un servei jur\u00eddic integral, especialitzat en el dret de l\u2019aliment i l\u2019empresa aliment\u00e0ria. L\u2019objecte de la nostra tasca \u00e9s un dels sectors m\u00e9s antics i a la vegada m\u00e9s sofisticat de l\u2019economia, el de la producci\u00f3 i el comer\u00e7 d\u2019aliments que compte amb un r\u00e8gim legal altament intervencionista. El nostre&#8230;<\/p>\n","protected":false},"author":1,"featured_media":0,"parent":7071,"menu_order":0,"comment_status":"closed","ping_status":"closed","template":"","meta":[],"_links":{"self":[{"href":"https:\/\/brosa.es\/ca\/wp-json\/wp\/v2\/pages\/6816"}],"collection":[{"href":"https:\/\/brosa.es\/ca\/wp-json\/wp\/v2\/pages"}],"about":[{"href":"https:\/\/brosa.es\/ca\/wp-json\/wp\/v2\/types\/page"}],"author":[{"embeddable":true,"href":"https:\/\/brosa.es\/ca\/wp-json\/wp\/v2\/users\/1"}],"replies":[{"embeddable":true,"href":"https:\/\/brosa.es\/ca\/wp-json\/wp\/v2\/comments?post=6816"}],"version-history":[{"count":5,"href":"https:\/\/brosa.es\/ca\/wp-json\/wp\/v2\/pages\/6816\/revisions"}],"predecessor-version":[{"id":7358,"href":"https:\/\/brosa.es\/ca\/wp-json\/wp\/v2\/pages\/6816\/revisions\/7358"}],"up":[{"embeddable":true,"href":"https:\/\/brosa.es\/ca\/wp-json\/wp\/v2\/pages\/7071"}],"wp:attachment":[{"href":"https:\/\/brosa.es\/ca\/wp-json\/wp\/v2\/media?parent=6816"}],"curies":[{"name":"wp","href":"https:\/\/api.w.org\/{rel}","templated":true}]}}