{"id":6828,"date":"2017-03-08T13:09:48","date_gmt":"2017-03-08T12:09:48","guid":{"rendered":"http:\/\/brosa.es\/civil\/"},"modified":"2017-03-10T14:04:32","modified_gmt":"2017-03-10T13:04:32","slug":"civil","status":"publish","type":"page","link":"https:\/\/brosa.es\/ca\/arees-de-practica\/civil\/","title":{"rendered":"Civil"},"content":{"rendered":"<p>[vc_row][vc_column][vc_column_text]Des de l&#8217;\u00e0rea de dret civil i amb una estreta col\u00b7laboraci\u00f3 amb les \u00e0rees mercantil i fiscal,\u00a0<strong>BROSA <\/strong>aporta un eficient assessorament en les q\u00fcestions contractuals, familiars i successores dels empresaris.<\/p>\n<ul>\n<li>Contractaci\u00f3<\/li>\n<li>Drets reals<\/li>\n<li>Successi\u00f3 en l&#8217;empresa familiar<\/li>\n<li>Successi\u00f3 de patrimonis particulars<\/li>\n<li>Fundacions i associacions<\/li>\n<\/ul>\n[\/vc_column_text][\/vc_column][\/vc_row]\n","protected":false},"excerpt":{"rendered":"<p>[vc_row][vc_column][vc_column_text]Des de l&#8217;\u00e0rea de dret civil i amb una estreta col\u00b7laboraci\u00f3 amb les \u00e0rees mercantil i fiscal,\u00a0BROSA aporta un eficient assessorament en les q\u00fcestions contractuals, familiars i successores dels empresaris. Contractaci\u00f3 Drets reals Successi\u00f3 en l&#8217;empresa familiar Successi\u00f3 de patrimonis particulars Fundacions i associacions [\/vc_column_text][\/vc_column][\/vc_row]<\/p>\n","protected":false},"author":1,"featured_media":0,"parent":7071,"menu_order":0,"comment_status":"closed","ping_status":"closed","template":"","meta":[],"_links":{"self":[{"href":"https:\/\/brosa.es\/ca\/wp-json\/wp\/v2\/pages\/6828"}],"collection":[{"href":"https:\/\/brosa.es\/ca\/wp-json\/wp\/v2\/pages"}],"about":[{"href":"https:\/\/brosa.es\/ca\/wp-json\/wp\/v2\/types\/page"}],"author":[{"embeddable":true,"href":"https:\/\/brosa.es\/ca\/wp-json\/wp\/v2\/users\/1"}],"replies":[{"embeddable":true,"href":"https:\/\/brosa.es\/ca\/wp-json\/wp\/v2\/comments?post=6828"}],"version-history":[{"count":5,"href":"https:\/\/brosa.es\/ca\/wp-json\/wp\/v2\/pages\/6828\/revisions"}],"predecessor-version":[{"id":7370,"href":"https:\/\/brosa.es\/ca\/wp-json\/wp\/v2\/pages\/6828\/revisions\/7370"}],"up":[{"embeddable":true,"href":"https:\/\/brosa.es\/ca\/wp-json\/wp\/v2\/pages\/7071"}],"wp:attachment":[{"href":"https:\/\/brosa.es\/ca\/wp-json\/wp\/v2\/media?parent=6828"}],"curies":[{"name":"wp","href":"https:\/\/api.w.org\/{rel}","templated":true}]}}