{"id":6832,"date":"2017-03-08T21:45:08","date_gmt":"2017-03-08T20:45:08","guid":{"rendered":"http:\/\/brosa.es\/comunitari-i-internacional\/"},"modified":"2017-03-10T13:46:32","modified_gmt":"2017-03-10T12:46:32","slug":"comunitari-i-internacional","status":"publish","type":"page","link":"https:\/\/brosa.es\/ca\/arees-de-practica\/comunitari-i-internacional\/","title":{"rendered":"Comunitari i internacional"},"content":{"rendered":"<p>[vc_row][vc_column][vc_column_text]Oferim assessorament als nostres clients en les seg\u00fcents mat\u00e8ries:<\/p>\n<ul>\n<li>Dret de la compet\u00e8ncia<\/li>\n<li>Ajudes i subvencions<\/li>\n<li>Concursos europeus<\/li>\n<li>Lobbying<\/li>\n<li>Monitoring<\/li>\n<li>Comer\u00e7 intra-comunitari i exterior<\/li>\n<li>Contractaci\u00f3 internacional<\/li>\n<li>Reclamacions i arbitratges europeus i internacionals<\/li>\n<li>Inversions estrangeres<\/li>\n<\/ul>\n[\/vc_column_text][\/vc_column][\/vc_row]\n","protected":false},"excerpt":{"rendered":"<p>[vc_row][vc_column][vc_column_text]Oferim assessorament als nostres clients en les seg\u00fcents mat\u00e8ries: Dret de la compet\u00e8ncia Ajudes i subvencions Concursos europeus Lobbying Monitoring Comer\u00e7 intra-comunitari i exterior Contractaci\u00f3 internacional Reclamacions i arbitratges europeus i internacionals Inversions estrangeres [\/vc_column_text][\/vc_column][\/vc_row]<\/p>\n","protected":false},"author":1,"featured_media":0,"parent":7071,"menu_order":0,"comment_status":"closed","ping_status":"closed","template":"","meta":[],"_links":{"self":[{"href":"https:\/\/brosa.es\/ca\/wp-json\/wp\/v2\/pages\/6832"}],"collection":[{"href":"https:\/\/brosa.es\/ca\/wp-json\/wp\/v2\/pages"}],"about":[{"href":"https:\/\/brosa.es\/ca\/wp-json\/wp\/v2\/types\/page"}],"author":[{"embeddable":true,"href":"https:\/\/brosa.es\/ca\/wp-json\/wp\/v2\/users\/1"}],"replies":[{"embeddable":true,"href":"https:\/\/brosa.es\/ca\/wp-json\/wp\/v2\/comments?post=6832"}],"version-history":[{"count":2,"href":"https:\/\/brosa.es\/ca\/wp-json\/wp\/v2\/pages\/6832\/revisions"}],"predecessor-version":[{"id":7357,"href":"https:\/\/brosa.es\/ca\/wp-json\/wp\/v2\/pages\/6832\/revisions\/7357"}],"up":[{"embeddable":true,"href":"https:\/\/brosa.es\/ca\/wp-json\/wp\/v2\/pages\/7071"}],"wp:attachment":[{"href":"https:\/\/brosa.es\/ca\/wp-json\/wp\/v2\/media?parent=6832"}],"curies":[{"name":"wp","href":"https:\/\/api.w.org\/{rel}","templated":true}]}}