{"id":6834,"date":"2017-03-08T21:50:27","date_gmt":"2017-03-08T20:50:27","guid":{"rendered":"http:\/\/brosa.es\/concursal\/"},"modified":"2017-03-10T13:32:06","modified_gmt":"2017-03-10T12:32:06","slug":"concursal","status":"publish","type":"page","link":"https:\/\/brosa.es\/ca\/arees-de-practica\/concursal\/","title":{"rendered":"Concursal"},"content":{"rendered":"<p>[vc_row][vc_column][vc_column_text]<strong>El Departament de Dret Concursal\u00a0<\/strong>ofereix l\u2019orientaci\u00f3 i l\u2019assessorament indispensables en les situacions de crisi econ\u00f2mica, tant des d\u2019una perspectiva jur\u00eddica, com des d\u2019una vessant d\u2019assessors empresarials, degut a la formaci\u00f3 jur\u00eddica-econ\u00f2mica dels seus professionals.<\/p>\n<p>El nostre Departament posseeix l\u2019experi\u00e8ncia professional que proporcionen els 30 anys de dedicaci\u00f3 a aquest tipus d\u2019assumptes, b\u00e9 com advocats de les empreses en crisi, b\u00e9 dels creditors afectats per processos concursals. En concret, els serveis que prestem s\u00f3n els seg\u00fcents:[\/vc_column_text][\/vc_column][\/vc_row][vc_row][vc_column width=&#8221;1\/2&#8243;][vc_column_text]\n<h3>Reestructuracions d\u2019Empreses en crisi<\/h3>\n<p>Elaboraci\u00f3, redacci\u00f3 i implantaci\u00f3 de plans de viabilitat que permetin superar la crisi sense necessitat d\u2019acudir a la via judicial. Per tant \u00e9s necessari determinar les seves causes, concretar les mesures correctores en cadascuna de les \u00e0rees de l\u2019empresa i elaborar les projeccions futures sobre la seva implementaci\u00f3.[\/vc_column_text][vc_column_text]\n<h3>Recuperaci\u00f3 de cr\u00e8dits<\/h3>\n<p>Si el nostre client \u00e9s un creditor afectat per un concurs, l\u2019assessorem durant tot l\u2019expedient judicial, per tal de garantir el reconeixement de la integritat del seu deute, i exercitant tots els drets que l\u2019ordenament reconeix als creditors, procurant la m\u00e0xima recuperaci\u00f3 del seu cr\u00e8dit.[\/vc_column_text][\/vc_column][vc_column width=&#8221;1\/2&#8243;][vc_column_text]\n<h3>Concursos de creditors<\/h3>\n<p>Estudi previ dels antecedents econ\u00f2mics i jur\u00eddics de l\u2019empresa, determinaci\u00f3 de l\u2019estrat\u00e8gia a seguir i an\u00e0lisi dels efectes del concurs, amb especial atenci\u00f3 a l\u2019eventual responsabilitat dels administradors; preparaci\u00f3 i presentaci\u00f3 de tota la documentaci\u00f3 necess\u00e0ria, inclosos els estudis econ\u00f2mics o pla de viabilitat necessaris; seguiment de l\u2019expedient judicial amb assist\u00e8ncia permanent a la direcci\u00f3 de l\u2019empresa, i col\u2022laboraci\u00f3 amb els \u00f2rgans del concurs, buscant el recolzament dels creditors per aprovar el conveni.[\/vc_column_text][\/vc_column][\/vc_row]\n","protected":false},"excerpt":{"rendered":"<p>[vc_row][vc_column][vc_column_text]El Departament de Dret Concursal\u00a0ofereix l\u2019orientaci\u00f3 i l\u2019assessorament indispensables en les situacions de crisi econ\u00f2mica, tant des d\u2019una perspectiva jur\u00eddica, com des d\u2019una vessant d\u2019assessors empresarials, degut a la formaci\u00f3 jur\u00eddica-econ\u00f2mica dels seus professionals. El nostre Departament posseeix l\u2019experi\u00e8ncia professional que proporcionen els 30 anys de dedicaci\u00f3 a aquest tipus d\u2019assumptes, b\u00e9 com advocats de&#8230;<\/p>\n","protected":false},"author":1,"featured_media":0,"parent":7071,"menu_order":0,"comment_status":"closed","ping_status":"closed","template":"","meta":[],"_links":{"self":[{"href":"https:\/\/brosa.es\/ca\/wp-json\/wp\/v2\/pages\/6834"}],"collection":[{"href":"https:\/\/brosa.es\/ca\/wp-json\/wp\/v2\/pages"}],"about":[{"href":"https:\/\/brosa.es\/ca\/wp-json\/wp\/v2\/types\/page"}],"author":[{"embeddable":true,"href":"https:\/\/brosa.es\/ca\/wp-json\/wp\/v2\/users\/1"}],"replies":[{"embeddable":true,"href":"https:\/\/brosa.es\/ca\/wp-json\/wp\/v2\/comments?post=6834"}],"version-history":[{"count":5,"href":"https:\/\/brosa.es\/ca\/wp-json\/wp\/v2\/pages\/6834\/revisions"}],"predecessor-version":[{"id":7341,"href":"https:\/\/brosa.es\/ca\/wp-json\/wp\/v2\/pages\/6834\/revisions\/7341"}],"up":[{"embeddable":true,"href":"https:\/\/brosa.es\/ca\/wp-json\/wp\/v2\/pages\/7071"}],"wp:attachment":[{"href":"https:\/\/brosa.es\/ca\/wp-json\/wp\/v2\/media?parent=6834"}],"curies":[{"name":"wp","href":"https:\/\/api.w.org\/{rel}","templated":true}]}}