{"id":6891,"date":"2017-03-09T15:27:54","date_gmt":"2017-03-09T14:27:54","guid":{"rendered":"http:\/\/brosa.es\/economic-financer\/"},"modified":"2017-03-10T13:35:13","modified_gmt":"2017-03-10T12:35:13","slug":"economic-financer","status":"publish","type":"page","link":"https:\/\/brosa.es\/ca\/arees-de-practica\/economic-financer\/","title":{"rendered":"Econ\u00f2mic-Financer"},"content":{"rendered":"<p>[vc_row][vc_column][vc_column_text]Amb aquest servei\u00a0<strong>BROSA\u00a0<\/strong>facilita a les empreses les eines necess\u00e0ries per l\u2019optimitzaci\u00f3 del control i de la gesti\u00f3 dels seus recursos econ\u00f2mics i financers.[\/vc_column_text][\/vc_column][\/vc_row][vc_row][vc_column width=&#8221;1\/2&#8243;][vc_column_text]\n<ul>\n<li>\u00a0Control de gesti\u00f3<\/li>\n<li>\u00a0Control pressupostari<\/li>\n<li>\u00a0Sistemes de gesti\u00f3 i de control de costos<\/li>\n<li>\u00a0Avaluaci\u00f3 dels sistemes de control intern<\/li>\n<li>\u00a0Assessoria i planificaci\u00f3 financera<\/li>\n<li>\u00a0An\u00e0lisi econ\u00f2mic i financer<\/li>\n<\/ul>\n[\/vc_column_text][\/vc_column][vc_column width=&#8221;1\/2&#8243;][vc_column_text]\n<ul>\n<li>\u00a0Planificaci\u00f3 comptable<\/li>\n<li>\u00a0Valoraci\u00f3 d\u2019empreses<\/li>\n<li>\u00a0An\u00e0lisi d\u2019inversions i de cash flow<\/li>\n<li>\u00a0Gesti\u00f3 financera<\/li>\n<li>\u00a0Obtenci\u00f3 d\u2019ajudes i subvencions<\/li>\n<li>\u00a0Finan\u00e7ament bancari<\/li>\n<\/ul>\n[\/vc_column_text][\/vc_column][\/vc_row]\n","protected":false},"excerpt":{"rendered":"<p>[vc_row][vc_column][vc_column_text]Amb aquest servei\u00a0BROSA\u00a0facilita a les empreses les eines necess\u00e0ries per l\u2019optimitzaci\u00f3 del control i de la gesti\u00f3 dels seus recursos econ\u00f2mics i financers.[\/vc_column_text][\/vc_column][\/vc_row][vc_row][vc_column width=&#8221;1\/2&#8243;][vc_column_text] \u00a0Control de gesti\u00f3 \u00a0Control pressupostari \u00a0Sistemes de gesti\u00f3 i de control de costos \u00a0Avaluaci\u00f3 dels sistemes de control intern \u00a0Assessoria i planificaci\u00f3 financera \u00a0An\u00e0lisi econ\u00f2mic i financer [\/vc_column_text][\/vc_column][vc_column width=&#8221;1\/2&#8243;][vc_column_text] \u00a0Planificaci\u00f3 comptable&#8230;<\/p>\n","protected":false},"author":1,"featured_media":0,"parent":7071,"menu_order":0,"comment_status":"closed","ping_status":"closed","template":"","meta":[],"_links":{"self":[{"href":"https:\/\/brosa.es\/ca\/wp-json\/wp\/v2\/pages\/6891"}],"collection":[{"href":"https:\/\/brosa.es\/ca\/wp-json\/wp\/v2\/pages"}],"about":[{"href":"https:\/\/brosa.es\/ca\/wp-json\/wp\/v2\/types\/page"}],"author":[{"embeddable":true,"href":"https:\/\/brosa.es\/ca\/wp-json\/wp\/v2\/users\/1"}],"replies":[{"embeddable":true,"href":"https:\/\/brosa.es\/ca\/wp-json\/wp\/v2\/comments?post=6891"}],"version-history":[{"count":4,"href":"https:\/\/brosa.es\/ca\/wp-json\/wp\/v2\/pages\/6891\/revisions"}],"predecessor-version":[{"id":7344,"href":"https:\/\/brosa.es\/ca\/wp-json\/wp\/v2\/pages\/6891\/revisions\/7344"}],"up":[{"embeddable":true,"href":"https:\/\/brosa.es\/ca\/wp-json\/wp\/v2\/pages\/7071"}],"wp:attachment":[{"href":"https:\/\/brosa.es\/ca\/wp-json\/wp\/v2\/media?parent=6891"}],"curies":[{"name":"wp","href":"https:\/\/api.w.org\/{rel}","templated":true}]}}