{"id":6895,"date":"2017-03-09T15:33:26","date_gmt":"2017-03-09T14:33:26","guid":{"rendered":"http:\/\/brosa.es\/dret-public\/"},"modified":"2017-03-10T14:05:17","modified_gmt":"2017-03-10T13:05:17","slug":"dret-public","status":"publish","type":"page","link":"https:\/\/brosa.es\/ca\/arees-de-practica\/dret-public\/","title":{"rendered":"Dret p\u00fablic"},"content":{"rendered":"<p>[vc_row][vc_column][vc_column_text css=&#8221;.vc_custom_1486643332476{margin-bottom: 0px !important;}&#8221;]En una realitat jur\u00eddica i econ\u00f2mica com l\u2019actual la pres\u00e8ncia de les Administracions P\u00fabliques des de la Uni\u00f3 Europea fins les entitats que integren l\u2019Administraci\u00f3 Local, passant per l\u2019Administraci\u00f3 General de l\u2019Estat i les Administracions de les Comunitats Aut\u00f2nomes, es cada cop m\u00e9s freq\u00fcent i m\u00e9s complexa.<strong>\u00a0BROSA\u00a0<\/strong>presta un servei d\u2019assessorament i assist\u00e8ncia jur\u00eddica especialitzats i d\u2019alta qualitat en quant al dret P\u00fablic, tant pel que fa a l\u2019assessorament com a l\u2019assist\u00e8ncia jur\u00eddica en conflictes amb les Administracions P\u00fabliques o en procediments que es susciten davant d\u2019aquestes o davant les jurisdiccions nacionals o supranacionals.<\/p>\n<p>Les \u00e0rees del Dret P\u00fablic en les quals es presta un servei d\u2019assessorament jur\u00eddic s\u00f3n les seg\u00fcents:[\/vc_column_text][\/vc_column][\/vc_row][vc_row][vc_column width=&#8221;1\/2&#8243;][vc_column_text css=&#8221;.vc_custom_1489151097241{margin-bottom: 0px !important;}&#8221;]\n<ul>\n<li><strong>Contractaci\u00f3 de les Administracions P\u00fabliques:\u00a0<\/strong>obres p\u00fabliques, serveis p\u00fablics, subministrament d\u2019assist\u00e8ncia t\u00e8cnica, consultoria i serveis, contractacions administratives d\u2019obres i serveis p\u00fablics, etc.<\/li>\n<li><strong>Finan\u00e7ament i gesti\u00f3 privada d\u2019infraestructures i serveis p\u00fablics:\u00a0<\/strong>concessions administratives, project finance, peatge en ombra, titulaci\u00f3 d\u2019actius i drets de cobrament, hipoteca de concessions, pignoraci\u00f3 d\u2019accions i participacions, etc.<\/li>\n<li>\u00a0<strong>Urbanisme i Dret Immobiliari<\/strong><\/li>\n<li><strong>\u00a0Dret d\u2019aig\u00fces:\u00a0<\/strong>aprofitament d\u2019aig\u00fces, autoritzacions i concessions, limitacions de la propietat privada, infraestructures hidr\u00e0uliques, serveis de distribuci\u00f3 i abastament d\u2019aig\u00fces<\/li>\n<li><strong>Dret p\u00fablic i mar\u00edtim\u00a0<\/strong><\/li>\n<li><strong>Dret de mines:<\/strong>\u00a0autoritzacions i concessions, permisos d\u2019investigaci\u00f3 i exploraci\u00f3, explotacions mineres<\/li>\n<li><strong>\u00a0Mediambient:<\/strong>\u00a0control i prevenci\u00f3 integrada de la contaminaci\u00f3, protecci\u00f3 contra la contaminaci\u00f3 atmosf\u00e8rica i ac\u00fastica, avaluaci\u00f3 de l\u2019impacte ambiental, residus, sols contaminats, espais naturals protegits, auditories mediambientals<\/li>\n<li><strong>Drets dels mercats financers:<\/strong>\u00a0intervenci\u00f3 administrativa en els mercats del cr\u00e8dit i de la banca, mercat de valors i mercat de l\u2019asseguran\u00e7a<\/li>\n<li><strong>Dret de la compet\u00e8ncia:<\/strong>\u00a0pr\u00e0ctiques restrictives de la compet\u00e8ncia, compet\u00e8ncia deslleial, concentracions econ\u00f2miques, assist\u00e8ncia en procediments davant el Servei i Tribunal de Defensa de la Compet\u00e8ncia, procediments davant la Comissi\u00f3 Europea i el Tribunal de Just\u00edcia de les Comunitats Europees<\/li>\n<li><strong>Dret p\u00fablic de consum<\/strong><\/li>\n<li><strong>Dret p\u00fablic de la ind\u00fastria i de l\u2019economia<\/strong><\/li>\n<li><strong>Sectors regulats<\/strong><\/li>\n<\/ul>\n[\/vc_column_text][\/vc_column][vc_column width=&#8221;1\/2&#8243;][vc_column_text]\n<ul>\n<li><strong>Dret p\u00fablic del transport:<\/strong>\u00a0transport terrestre per carretera i ferroviari, transport mar\u00edtim, transport aeri.-\u00a0<strong>Dret agroalimentari\u00a0<\/strong><strong>-Dret forestal i de muntanyes<\/strong><strong>-Dret sanitari i farmac\u00e8utic<\/strong>\n<p>&#8211;<strong>Operacions societ\u00e0ries en sectors regulats:<\/strong>\u00a0fusions, escissions, adquisicions i dem\u00e9s reestructuracions empresarials, due diligence<\/p>\n<p><strong>-Expropiaci\u00f3 for\u00e7osa<\/strong><\/p>\n<p><strong>-Responsabilitat patrimonial de les Administracions P\u00fabliques<\/strong><\/p>\n<p><strong>-Dret Administratiu sancionador<\/strong><\/p>\n<p><strong>-Dret comunitari europeu<\/strong><\/p>\n<p><strong>-Dret internacional p\u00fablic<\/strong><\/p>\n<p><strong>-Procediments administratius en mat\u00e8ria urban\u00edstica, expropiat\u00f2ria, sancionadora, responsabilitat patrimonial, tribut\u00e0ria, etc.<\/strong><\/p>\n<p><strong>-Processos contenci\u00f3s-administratius<\/strong><\/p>\n<p><strong>-Processos d\u2019empara davant el Tribunal Constitucional<\/strong><\/p>\n<p><strong>-Processos davant la Comissi\u00f3 Europea i davant el Tribunal de Just\u00edcia de les Comunitats Europees<\/strong><\/li>\n<\/ul>\n[\/vc_column_text][\/vc_column][\/vc_row]\n","protected":false},"excerpt":{"rendered":"<p>[vc_row][vc_column][vc_column_text css=&#8221;.vc_custom_1486643332476{margin-bottom: 0px !important;}&#8221;]En una realitat jur\u00eddica i econ\u00f2mica com l\u2019actual la pres\u00e8ncia de les Administracions P\u00fabliques des de la Uni\u00f3 Europea fins les entitats que integren l\u2019Administraci\u00f3 Local, passant per l\u2019Administraci\u00f3 General de l\u2019Estat i les Administracions de les Comunitats Aut\u00f2nomes, es cada cop m\u00e9s freq\u00fcent i m\u00e9s complexa.\u00a0BROSA\u00a0presta un servei d\u2019assessorament i assist\u00e8ncia&#8230;<\/p>\n","protected":false},"author":1,"featured_media":0,"parent":7071,"menu_order":0,"comment_status":"closed","ping_status":"closed","template":"","meta":[],"_links":{"self":[{"href":"https:\/\/brosa.es\/ca\/wp-json\/wp\/v2\/pages\/6895"}],"collection":[{"href":"https:\/\/brosa.es\/ca\/wp-json\/wp\/v2\/pages"}],"about":[{"href":"https:\/\/brosa.es\/ca\/wp-json\/wp\/v2\/types\/page"}],"author":[{"embeddable":true,"href":"https:\/\/brosa.es\/ca\/wp-json\/wp\/v2\/users\/1"}],"replies":[{"embeddable":true,"href":"https:\/\/brosa.es\/ca\/wp-json\/wp\/v2\/comments?post=6895"}],"version-history":[{"count":5,"href":"https:\/\/brosa.es\/ca\/wp-json\/wp\/v2\/pages\/6895\/revisions"}],"predecessor-version":[{"id":7371,"href":"https:\/\/brosa.es\/ca\/wp-json\/wp\/v2\/pages\/6895\/revisions\/7371"}],"up":[{"embeddable":true,"href":"https:\/\/brosa.es\/ca\/wp-json\/wp\/v2\/pages\/7071"}],"wp:attachment":[{"href":"https:\/\/brosa.es\/ca\/wp-json\/wp\/v2\/media?parent=6895"}],"curies":[{"name":"wp","href":"https:\/\/api.w.org\/{rel}","templated":true}]}}