{"id":6899,"date":"2017-03-09T15:50:54","date_gmt":"2017-03-09T14:50:54","guid":{"rendered":"http:\/\/brosa.es\/farmaceutic\/"},"modified":"2017-03-10T13:52:36","modified_gmt":"2017-03-10T12:52:36","slug":"farmaceutic","status":"publish","type":"page","link":"https:\/\/brosa.es\/ca\/arees-de-practica\/farmaceutic\/","title":{"rendered":"Farmac\u00e8utic"},"content":{"rendered":"<p>[vc_row][vc_column][vc_column_text]Tradicionalment la nostra Firma ha ofert i ofereix serveis d\u2019assessorament jur\u00eddic i econ\u00f2mic a empreses i organitzacions del sector farmac\u00e8utic, tant productores com distribu\u00efdores.<\/p>\n<p>Els nostres serveis estan orientats a prestar assessorament en els seg\u00fcents extrems:<\/p>\n<ul>\n<li>Sol\u00b7licitud d\u2019obertura d\u2019oficines de farm\u00e0cia<\/li>\n<li>Sol\u00b7licitud de trasllat<\/li>\n<li>Assessorament en amidaments<\/li>\n<li>Farmacioles<\/li>\n<li>Drets i obligacions a les oficines farmac\u00e8utiques<\/li>\n<li>Empreses de distribuci\u00f3 farmac\u00e8utica i publicitat<\/li>\n<li>Procediments administratius i judicials<\/li>\n<li>Sancions<\/li>\n<li>Compravenda d\u2019oficines de farm\u00e0cia<\/li>\n<\/ul>\n[\/vc_column_text][\/vc_column][\/vc_row]\n","protected":false},"excerpt":{"rendered":"<p>[vc_row][vc_column][vc_column_text]Tradicionalment la nostra Firma ha ofert i ofereix serveis d\u2019assessorament jur\u00eddic i econ\u00f2mic a empreses i organitzacions del sector farmac\u00e8utic, tant productores com distribu\u00efdores. Els nostres serveis estan orientats a prestar assessorament en els seg\u00fcents extrems: Sol\u00b7licitud d\u2019obertura d\u2019oficines de farm\u00e0cia Sol\u00b7licitud de trasllat Assessorament en amidaments Farmacioles Drets i obligacions a les oficines farmac\u00e8utiques&#8230;<\/p>\n","protected":false},"author":1,"featured_media":0,"parent":7071,"menu_order":0,"comment_status":"closed","ping_status":"closed","template":"","meta":[],"_links":{"self":[{"href":"https:\/\/brosa.es\/ca\/wp-json\/wp\/v2\/pages\/6899"}],"collection":[{"href":"https:\/\/brosa.es\/ca\/wp-json\/wp\/v2\/pages"}],"about":[{"href":"https:\/\/brosa.es\/ca\/wp-json\/wp\/v2\/types\/page"}],"author":[{"embeddable":true,"href":"https:\/\/brosa.es\/ca\/wp-json\/wp\/v2\/users\/1"}],"replies":[{"embeddable":true,"href":"https:\/\/brosa.es\/ca\/wp-json\/wp\/v2\/comments?post=6899"}],"version-history":[{"count":2,"href":"https:\/\/brosa.es\/ca\/wp-json\/wp\/v2\/pages\/6899\/revisions"}],"predecessor-version":[{"id":7362,"href":"https:\/\/brosa.es\/ca\/wp-json\/wp\/v2\/pages\/6899\/revisions\/7362"}],"up":[{"embeddable":true,"href":"https:\/\/brosa.es\/ca\/wp-json\/wp\/v2\/pages\/7071"}],"wp:attachment":[{"href":"https:\/\/brosa.es\/ca\/wp-json\/wp\/v2\/media?parent=6899"}],"curies":[{"name":"wp","href":"https:\/\/api.w.org\/{rel}","templated":true}]}}