{"id":6901,"date":"2017-03-09T15:59:27","date_gmt":"2017-03-09T14:59:27","guid":{"rendered":"http:\/\/brosa.es\/fiscal\/"},"modified":"2017-03-10T13:36:03","modified_gmt":"2017-03-10T12:36:03","slug":"fiscal-comptable","status":"publish","type":"page","link":"https:\/\/brosa.es\/ca\/arees-de-practica\/fiscal-comptable\/","title":{"rendered":"Fiscal i comptable"},"content":{"rendered":"<p>[vc_row][vc_column][vc_column_text]L\u2019equip de Professionals que integra el nostre\u00a0<strong>Departament Fiscal<\/strong>\u00a0el formen advocats i economistes amb una llarga experi\u00e8ncia a l\u2019assessorament empresarial, tant a escala nacional com internacional. La doble visi\u00f3 jur\u00eddica i econ\u00f2mica dels assumptes permet oferir als clients una planificaci\u00f3 fiscal que optimitzi el cost de les operacions.<\/p>\n<p>La Firma proporciona un servei d\u2019assessoria continuada o puntual, desenvolupant per el client un complet an\u00e0lisi sobre les q\u00fcestions tribut\u00e0ries que asseguri l\u2019aplicaci\u00f3 correcta i m\u00e9s beneficiosa per l\u2019empresa de la normativa fiscal. Els nostres Professionals realitzen revisions i auditories fiscals aix\u00ed com assisteixen a l\u2019empresari en la defensa dels seus drets davant Hisenda.[\/vc_column_text][\/vc_column][\/vc_row][vc_row][vc_column width=&#8221;1\/2&#8243;][vc_column_text]\n<h3>Fiscalitat del dia a dia<\/h3>\n<p>Confecci\u00f3 i presentaci\u00f3 de les declaracions fiscals peri\u00f2diques d\u2019empreses que aix\u00ed ho precisin. Per aquestes empreses tamb\u00e9 existeix un servei de domiciliaci\u00f3 de notificacions fiscals i apoderaments per tramitacions.[\/vc_column_text][\/vc_column][vc_column width=&#8221;1\/2&#8243;][vc_column_text]\n<h3>Panificaci\u00f3 fiscal<\/h3>\n<p>La Planificaci\u00f3 fiscal implica essencialment els plans per la reducci\u00f3 de la c\u00e0rrega tribut\u00e0ria de persones f\u00edsiques i empreses, sempre en l\u2019\u00e0mbit de l\u2019economia d\u2019opci\u00f3, tant a escala nacional com internacional.[\/vc_column_text][\/vc_column][\/vc_row][vc_row][vc_column width=&#8221;1\/2&#8243;][vc_column_text]\n<h3>Revisi\u00f3 fiscal<\/h3>\n<p>En el dia a dia poden existir llacunes en el compliment de les obligacions tribut\u00e0ries, derivades de les modificacions que cont\u00ednuament es produeixen a l\u2019\u00e0mbit legislatiu.<\/p>\n<p>El programa de revisi\u00f3 fiscal \u00e9s un rep\u00e0s extern de car\u00e0cter formal que els nostres fiscalistes realitzen als nostres clients amb l\u2019objectiu de comprovar el compliment de totes les obligacions fiscals per minimitzar les conting\u00e8ncies fiscals.[\/vc_column_text][\/vc_column][vc_column width=&#8221;1\/2&#8243;][vc_column_text]\n<h3>Consolidaci\u00f3 fiscal<\/h3>\n<p>La consolidaci\u00f3 fiscal afecta b\u00e0sicament a la tributaci\u00f3 a l\u2019Impost de Societats configurant-se com un benefici fiscal. Els seus avantatges s\u00f3n, entre altres, tenir una tributaci\u00f3 sobre la base imposable consolidada, l\u2019eliminaci\u00f3 de les retencions intra grup, la possibilitat d\u2019accedir a eines de finan\u00e7ament com el cash pooling i la reducci\u00f3 o anul\u2022laci\u00f3 de la problem\u00e0tica de preus de transfer\u00e8ncia.<\/p>\n<p>Els nostres especialistes analitzen la possibilitat d\u2019accedir per part del client a la consolidaci\u00f3, planificant les mesures necess\u00e0ries a nivell societari per poder gaudir-la i preparant tota la documentaci\u00f3 necess\u00e0ria per accedir a l\u2019esmentat r\u00e8gim. L\u2019assessorament al client en aquest camp comporta tamb\u00e9 la preparaci\u00f3 de la declaraci\u00f3 consolidada, mitjan\u00e7ant l\u2019organitzaci\u00f3 dels circuits d\u2019informaci\u00f3 oportuns.[\/vc_column_text][\/vc_column][\/vc_row][vc_row][vc_column width=&#8221;1\/2&#8243;][vc_column_text]\n<h3>Procediments de revisi\u00f3 tribut\u00e0ria<\/h3>\n<p>A m\u00e9s de la fase preventiva, l\u2019assessorament fiscal es projecta tamb\u00e9 en la revisi\u00f3 dels actes tributaris tant en procediments de gesti\u00f3 com d\u2019inspecci\u00f3, davant les diferents administracions p\u00fabliques.[\/vc_column_text][vc_column_text]\n<h3>Recursos administratius<\/h3>\n<p>Quan sigui necessari interposar reclamacions per diverg\u00e8ncies interpretatives de temes fiscals, els fiscalistes en col\u00b7laboraci\u00f3 amb els processalistes confeccionaran els corresponents recursos tant en reposici\u00f3, en la via econ\u00f2mica administrativa o contenciosa administrativa.[\/vc_column_text][\/vc_column][vc_column width=&#8221;1\/2&#8243;][vc_column_text]\n<h3>Successi\u00f3 a l\u2019empresa familiar<\/h3>\n<p>La nostra Firma porta molts anys assessorant en l\u2019\u00e0mbit jur\u00eddic i econ\u00f2mic a l\u2019empresa familiar coneixent de la vora les problem\u00e0tiques amb les que s\u2019han d\u2019enfrontar els empresaris que es plantegen la successi\u00f3 a la seva organitzaci\u00f3. L\u2019experi\u00e8ncia acumulada fa que els nostres professionals entenguin els projectes de successi\u00f3 d\u2019empresa no tant sols des del punt de vista econ\u00f2mic, sin\u00f3 tamb\u00e9 tenint en compte les especials situacions personals que es plantegen.<\/p>\n<p>Els nostres fiscalistes resolen la planificaci\u00f3 de les actuacions a realitzar per tal de reunir o eliminar la c\u00e0rrega tribut\u00e0ria, quantificaci\u00f3 de deutes tribut\u00e0ries presents i futurs i liquidaci\u00f3 d\u2019impostos. Tot aix\u00f2 en col\u00b7laboraci\u00f3 amb els nostres professionals del Departament Mercantil els quals tamb\u00e9 treballen tots els aspectes civils, societaris i empresarials de la successi\u00f3.[\/vc_column_text][\/vc_column][\/vc_row][vc_row][vc_column width=&#8221;1\/2&#8243;][vc_column_text]\n<h3>Comptable<\/h3>\n<p>Es presten els serveis d\u2019assessorament o comptabilitat.<\/p>\n<p>Es confecciona la documentaci\u00f3 dels comptes anuals, que inclouen la Mem\u00f2ria i els diversos estats financers, i es presenta anualment al Registre Mercantil.<\/p>\n<p>Es confeccionen i presenten al Registre Mercantil els llibres oficials de comer\u00e7 en format electr\u00f2nic.[\/vc_column_text][\/vc_column][vc_column width=&#8221;1\/2&#8243;][\/vc_column][\/vc_row]\n","protected":false},"excerpt":{"rendered":"<p>[vc_row][vc_column][vc_column_text]L\u2019equip de Professionals que integra el nostre\u00a0Departament Fiscal\u00a0el formen advocats i economistes amb una llarga experi\u00e8ncia a l\u2019assessorament empresarial, tant a escala nacional com internacional. La doble visi\u00f3 jur\u00eddica i econ\u00f2mica dels assumptes permet oferir als clients una planificaci\u00f3 fiscal que optimitzi el cost de les operacions. La Firma proporciona un servei d\u2019assessoria continuada o&#8230;<\/p>\n","protected":false},"author":1,"featured_media":0,"parent":7071,"menu_order":0,"comment_status":"closed","ping_status":"closed","template":"","meta":[],"_links":{"self":[{"href":"https:\/\/brosa.es\/ca\/wp-json\/wp\/v2\/pages\/6901"}],"collection":[{"href":"https:\/\/brosa.es\/ca\/wp-json\/wp\/v2\/pages"}],"about":[{"href":"https:\/\/brosa.es\/ca\/wp-json\/wp\/v2\/types\/page"}],"author":[{"embeddable":true,"href":"https:\/\/brosa.es\/ca\/wp-json\/wp\/v2\/users\/1"}],"replies":[{"embeddable":true,"href":"https:\/\/brosa.es\/ca\/wp-json\/wp\/v2\/comments?post=6901"}],"version-history":[{"count":5,"href":"https:\/\/brosa.es\/ca\/wp-json\/wp\/v2\/pages\/6901\/revisions"}],"predecessor-version":[{"id":7346,"href":"https:\/\/brosa.es\/ca\/wp-json\/wp\/v2\/pages\/6901\/revisions\/7346"}],"up":[{"embeddable":true,"href":"https:\/\/brosa.es\/ca\/wp-json\/wp\/v2\/pages\/7071"}],"wp:attachment":[{"href":"https:\/\/brosa.es\/ca\/wp-json\/wp\/v2\/media?parent=6901"}],"curies":[{"name":"wp","href":"https:\/\/api.w.org\/{rel}","templated":true}]}}