{"id":6911,"date":"2017-03-09T16:01:37","date_gmt":"2017-03-09T15:01:37","guid":{"rendered":"http:\/\/brosa.es\/italian-desk\/"},"modified":"2017-03-10T13:26:29","modified_gmt":"2017-03-10T12:26:29","slug":"italian-desk","status":"publish","type":"page","link":"https:\/\/brosa.es\/ca\/arees-de-practica\/italian-desk\/","title":{"rendered":"Italian Desk"},"content":{"rendered":"<p>[vc_row][vc_column][vc_column_text]<strong>Paolo Indolfi<\/strong>, advocat itali\u00e0 (amb homologaci\u00f3 a Espanya) al capdavant de l\u2019<strong>Italian Desk<\/strong>. Posem al servei del client itali\u00e0 tot l\u2019assessorament integral per la seva implantaci\u00f3 i inversi\u00f3 a Espanya, aix\u00ed com pel client espanyol tot l\u2019assessorament relacionat amb el seu aterrament empresarial a It\u00e0lia.<\/p>\n<p>En ambd\u00f3s casos, el coneixement de la llengua i la idiosincr\u00e0sia italiana i espanyola juguen un paper fonamental a l\u2019hora d\u2019aconseguir les fites estrat\u00e8giques del client.<\/p>\n<p>Contacte: <a href=\"mailto:paolo.indolfi@brosa.es\">paolo.indolfi@brosa.es<\/a>[\/vc_column_text][\/vc_column][\/vc_row]\n","protected":false},"excerpt":{"rendered":"<p>[vc_row][vc_column][vc_column_text]Paolo Indolfi, advocat itali\u00e0 (amb homologaci\u00f3 a Espanya) al capdavant de l\u2019Italian Desk. Posem al servei del client itali\u00e0 tot l\u2019assessorament integral per la seva implantaci\u00f3 i inversi\u00f3 a Espanya, aix\u00ed com pel client espanyol tot l\u2019assessorament relacionat amb el seu aterrament empresarial a It\u00e0lia. En ambd\u00f3s casos, el coneixement de la llengua i la&#8230;<\/p>\n","protected":false},"author":1,"featured_media":0,"parent":7071,"menu_order":0,"comment_status":"closed","ping_status":"closed","template":"","meta":[],"_links":{"self":[{"href":"https:\/\/brosa.es\/ca\/wp-json\/wp\/v2\/pages\/6911"}],"collection":[{"href":"https:\/\/brosa.es\/ca\/wp-json\/wp\/v2\/pages"}],"about":[{"href":"https:\/\/brosa.es\/ca\/wp-json\/wp\/v2\/types\/page"}],"author":[{"embeddable":true,"href":"https:\/\/brosa.es\/ca\/wp-json\/wp\/v2\/users\/1"}],"replies":[{"embeddable":true,"href":"https:\/\/brosa.es\/ca\/wp-json\/wp\/v2\/comments?post=6911"}],"version-history":[{"count":2,"href":"https:\/\/brosa.es\/ca\/wp-json\/wp\/v2\/pages\/6911\/revisions"}],"predecessor-version":[{"id":7338,"href":"https:\/\/brosa.es\/ca\/wp-json\/wp\/v2\/pages\/6911\/revisions\/7338"}],"up":[{"embeddable":true,"href":"https:\/\/brosa.es\/ca\/wp-json\/wp\/v2\/pages\/7071"}],"wp:attachment":[{"href":"https:\/\/brosa.es\/ca\/wp-json\/wp\/v2\/media?parent=6911"}],"curies":[{"name":"wp","href":"https:\/\/api.w.org\/{rel}","templated":true}]}}