{"id":6913,"date":"2017-03-09T16:07:43","date_gmt":"2017-03-09T15:07:43","guid":{"rendered":"http:\/\/brosa.es\/laboral\/"},"modified":"2017-03-10T13:44:24","modified_gmt":"2017-03-10T12:44:24","slug":"laboral","status":"publish","type":"page","link":"https:\/\/brosa.es\/ca\/arees-de-practica\/laboral\/","title":{"rendered":"Laboral"},"content":{"rendered":"<p>[vc_row][vc_column][vc_column_text]L\u2019equip de professionals del\u00a0<strong>Departament Laboral\u00a0<\/strong>est\u00e0 constitu\u00eft per advocats especialistes en les problem\u00e0tiques jur\u00eddiques sorgides en l\u2019\u00e0mbit laboral, amb una forta vocaci\u00f3 i experi\u00e8ncia empresarial. La majoria d\u2019ells provenen del mon empresarial, on han desenvolupat funcions directives, tant a l\u2019\u00e0mbit de les relacions laborals, com al de la direcci\u00f3 dels recursos humans. Tot aix\u00f2 permet oferir al client una visi\u00f3 eminentment pr\u00e0ctica de les problem\u00e0tiques i estrat\u00e8gies a gestionar.<\/p>\n<p>La nostra Firma aposta per un assessorament basat en l\u2019anticipaci\u00f3 del risc, que permet a l\u2019empresari adoptar les seves decisions estrat\u00e8giques amb la major seguretat jur\u00eddica possible. El principal objectiu \u00e9s procurar evitar els conflictes i minimitzar les responsabilitats.[\/vc_column_text][\/vc_column][\/vc_row][vc_row][vc_column width=&#8221;1\/2&#8243;][vc_column_text]\n<h3>Relacions laborals<\/h3>\n<p>Les relacions laborals a l\u2019Empresa es caracteritzen per la seva doble vessant col\u00b7lectiva i individual. Aix\u00f2 fa prec\u00eds l\u2019adequat \u00fas de la normativa estatal o sectorial i de la sociologia laboral, \u00e9s a dir, de l\u2019an\u00e0lisi i prevenci\u00f3 dels fen\u00f2mens interns d\u2019acci\u00f3 i reacci\u00f3 que cada decisi\u00f3 d\u2019Empresa pot suposar.<\/p>\n<p>El nostre equip de professionals ofereix un assessorament preventiu a les empreses b\u00e9 mitjan\u00e7ant un sistema de quota que agilita la coordinaci\u00f3 i crea confian\u00e7a entre el professional i l\u2019empresari, o b\u00e9 a trav\u00e9s de l\u2019assessorament puntual en aquells temes de m\u00e0xim inter\u00e8s com poden \u00e9sser, per exemple, les situacions de crisi que comporten expedients de regulaci\u00f3.[\/vc_column_text][\/vc_column][vc_column width=&#8221;1\/2&#8243;][vc_column_text]\n<h3>Auditoria laboral i de Seguretat Social<\/h3>\n<p>La creixent complexitat del Sistema de Seguretat Social espanyol fa que el seu adequat coneixement i les obligacions i conseq\u00fc\u00e8ncies que se\u2019n derivin siguin d\u2019especial import\u00e0ncia per a la Direcci\u00f3 d\u2019una Empresa.<\/p>\n<p>El nostre equip realitza una planificaci\u00f3 d\u2019aquestes conting\u00e8ncies consistent en analitzar el compliment de les obligacions de cotitzaci\u00f3 en refer\u00e8ncia a conceptes salarials, tipus i ep\u00edgrafs d\u2019aplicaci\u00f3, bonificacions, etc. amb avaluaci\u00f3 de les possibles conting\u00e8ncies.[\/vc_column_text][\/vc_column][\/vc_row][vc_row][vc_column width=&#8221;1\/2&#8243;][vc_column_text css=&#8221;.vc_custom_1489149776298{margin-bottom: 0px !important;}&#8221;]\n<h3>Riscos laborals<\/h3>\n<p>La Llei 31\/1995 de Prevenci\u00f3 de Riscos Laborals i el seu posterior desenvolupament estableix un nou concepte de la seguretat i higiene en el treball. L\u2019extraordin\u00e0ria rellev\u00e0ncia econ\u00f2mica, civil i penal de les eventuals responsabilitats empresarials en aquest camp fan imprescindible comptar amb l\u2019assessorament de professionals especialitzats i experts.[\/vc_column_text][vc_column_text]\n<h3>Contenci\u00f3s<\/h3>\n<p>Sempre amb l\u2019objectiu d\u2019intentar aconseguir solucions negociades als temes, evitant aix\u00ed el dif\u00edcil tr\u00e0nsit per una jurisdicci\u00f3 especialment tu\u00eftiva amb els Drets dels Treballadors, els nostres professionals assessoren als clients d\u2019acord amb els interessos en joc i l\u2019estrat\u00e8gia dominant en la seva empresa.[\/vc_column_text][\/vc_column][vc_column width=&#8221;1\/2&#8243;][vc_column_text]\n<h3>Negociaci\u00f3 col\u00b7lectiva<\/h3>\n<p>El concepte de negociaci\u00f3 no nom\u00e9s referit a situacions de crisi, sin\u00f3 tamb\u00e9 a la regulaci\u00f3 dels m\u00e9s diversos aspectes laborals en el marc de les negociacions col\u00b7lectives de Conveni o dels cada cop m\u00e9s comuns Pactes d\u2019Empresa.<\/p>\n<p>Els nostres advocats treballen definint els respectius valors de reserva; el control de temps de negociaci\u00f3; la selecci\u00f3 de negociadors i l\u2019aplicaci\u00f3 de les t\u00e8cniques de negociaci\u00f3 m\u00e9s adequades a les circumst\u00e0ncies socials, sindicals i estrat\u00e8giques de cada cas.[\/vc_column_text][\/vc_column][\/vc_row][vc_row][vc_column][vc_column_text css=&#8221;.vc_custom_1489149813029{margin-bottom: 20px !important;}&#8221;]\n<h3>Assessorament espec\u00edfic per a la construcci\u00f3<\/h3>\n[\/vc_column_text][vc_row_inner][vc_column_inner width=&#8221;1\/2&#8243;][vc_column_text css=&#8221;.vc_custom_1486642736259{margin-bottom: 0px !important;}&#8221;]Dins del panorama laboral espanyol, el Sector de la Construcci\u00f3 es caracteritza per l\u2019especial idiosincr\u00e0sia i conflictivitat de les seves relacions laborals i les particulars caracter\u00edstiques del seu r\u00e8gim de regulaci\u00f3 col\u00b7lectiva. Entre el nostre equip professional comptem amb advocats amb una formaci\u00f3 espec\u00edfica i una experi\u00e8ncia dilatada en la resoluci\u00f3 d\u2019aquest tipus de conflictes.<\/p>\n<p>La nostra Firma assessora a les principals empreses constructores nacionals, disposant d\u2019un reconegut prestigi en el terreny de la subcontractaci\u00f3.[\/vc_column_text][\/vc_column_inner][vc_column_inner width=&#8221;1\/2&#8243;][vc_column_text]\n<ul>\n<li>\u00a0Assessorament preventiu en mat\u00e8ria d\u2019aplicaci\u00f3 de la normativa sectorial<\/li>\n<li>\u00a0Assessorament preventiu en mat\u00e8ria de subcontractaci\u00f3: revisi\u00f3 de contractes, establiment de mecanismes de garantia, control i informaci\u00f3. Gesti\u00f3 dels conflictes laborals en obra. Negociacions amb subcontratistes i amb personal en obra<\/li>\n<li>\u00a0Assessorament en mat\u00e8ria de prevenci\u00f3 de riscos i especialment en actuacions davant la Inspecci\u00f3 de Treball, impugnaci\u00f3 d\u2019actes d\u2019infracci\u00f3, rec\u00e0rrega de prestacions per la falta de mesures de seguretat i extensi\u00f3 de la responsabilitat solid\u00e0ria a l\u2019Empresa Principal<\/li>\n<li>\u00a0Defensa de l\u2019Empresa davant les reclamacions enfront el Jutjat de lo Social i la Inspecci\u00f3 de Treball<\/li>\n<\/ul>\n[\/vc_column_text][\/vc_column_inner][\/vc_row_inner][\/vc_column][\/vc_row]\n","protected":false},"excerpt":{"rendered":"<p>[vc_row][vc_column][vc_column_text]L\u2019equip de professionals del\u00a0Departament Laboral\u00a0est\u00e0 constitu\u00eft per advocats especialistes en les problem\u00e0tiques jur\u00eddiques sorgides en l\u2019\u00e0mbit laboral, amb una forta vocaci\u00f3 i experi\u00e8ncia empresarial. La majoria d\u2019ells provenen del mon empresarial, on han desenvolupat funcions directives, tant a l\u2019\u00e0mbit de les relacions laborals, com al de la direcci\u00f3 dels recursos humans. Tot aix\u00f2 permet oferir&#8230;<\/p>\n","protected":false},"author":1,"featured_media":0,"parent":7071,"menu_order":0,"comment_status":"closed","ping_status":"closed","template":"","meta":[],"_links":{"self":[{"href":"https:\/\/brosa.es\/ca\/wp-json\/wp\/v2\/pages\/6913"}],"collection":[{"href":"https:\/\/brosa.es\/ca\/wp-json\/wp\/v2\/pages"}],"about":[{"href":"https:\/\/brosa.es\/ca\/wp-json\/wp\/v2\/types\/page"}],"author":[{"embeddable":true,"href":"https:\/\/brosa.es\/ca\/wp-json\/wp\/v2\/users\/1"}],"replies":[{"embeddable":true,"href":"https:\/\/brosa.es\/ca\/wp-json\/wp\/v2\/comments?post=6913"}],"version-history":[{"count":5,"href":"https:\/\/brosa.es\/ca\/wp-json\/wp\/v2\/pages\/6913\/revisions"}],"predecessor-version":[{"id":7353,"href":"https:\/\/brosa.es\/ca\/wp-json\/wp\/v2\/pages\/6913\/revisions\/7353"}],"up":[{"embeddable":true,"href":"https:\/\/brosa.es\/ca\/wp-json\/wp\/v2\/pages\/7071"}],"wp:attachment":[{"href":"https:\/\/brosa.es\/ca\/wp-json\/wp\/v2\/media?parent=6913"}],"curies":[{"name":"wp","href":"https:\/\/api.w.org\/{rel}","templated":true}]}}