{"id":6923,"date":"2017-03-09T16:22:55","date_gmt":"2017-03-09T15:22:55","guid":{"rendered":"http:\/\/brosa.es\/mercantil-i-empresarial\/"},"modified":"2017-03-10T14:05:53","modified_gmt":"2017-03-10T13:05:53","slug":"mercantil-i-empresarial","status":"publish","type":"page","link":"https:\/\/brosa.es\/ca\/arees-de-practica\/mercantil-i-empresarial\/","title":{"rendered":"Mercantil i Empresarial"},"content":{"rendered":"<p>[vc_row][vc_column][vc_column_text]<strong>El Departament Mercantil<\/strong>\u00a0est\u00e0 integrat per advocats amb amplia formaci\u00f3 i experi\u00e8ncia econ\u00f2mica que, en la seva intervenci\u00f3, actuen des d\u2019una perspectiva orientada cap el negoci dels nostres clients i la creaci\u00f3 de valor. Per la qual cosa, en els assumptes que se\u2019ns confien, el nostre comprom\u00eds amb el client inclou, a m\u00e9s del rigor jur\u00eddic, la visi\u00f3 global, el coneixement de l\u2019entorn, la defensa en\u00e8rgica dels seus interessos, la implicaci\u00f3, l\u2019efectivitat, el sentit com\u00fa i els resultats concrets.[\/vc_column_text][\/vc_column][\/vc_row][vc_row][vc_column width=&#8221;1\/2&#8243;][vc_column_text]\n<h3>Contractaci\u00f3<\/h3>\n<ul>\n<li>\u00a0Contractes de distribuci\u00f3, ag\u00e8ncia, franqu\u00edcia i tot tipus de col\u00b7laboraci\u00f3 comercial; de serveis; de subministri; per l\u2019execuci\u00f3 d\u2019inversions productives; d\u2019externalitzaci\u00f3; de gesti\u00f3; i tots aquells propis del tr\u00e0fic mercantil<\/li>\n<li>\u00a0Definici\u00f3 i control dels criteris b\u00e0sics i els circuits jur\u00eddics de documentaci\u00f3 i arxiu en la contractaci\u00f3<\/li>\n<li>\u00a0Formaci\u00f3 interna a directius<\/li>\n<li>\u00a0Control de risc de clients i mecanismes de garantia del cr\u00e8dit<\/li>\n<li>\u00a0Negociaci\u00f3 estrat\u00e8gica dels contractes<\/li>\n<li>\u00a0Avaluaci\u00f3 i controls de riscos contractuals; patologia dels contractes<\/li>\n<li>\u00a0Resolucions i incompliments<\/li>\n<\/ul>\n[\/vc_column_text][\/vc_column][vc_column width=&#8221;1\/2&#8243;][vc_column_text]\n<h3>Societari<\/h3>\n<ul>\n<li>\u00a0Constituci\u00f3 de societats, estructures internacionals i tot tipus d\u2019estructures associatives (cooperatives; societats personals; associacions; etc.)<\/li>\n<li>\u00a0Estatuts<\/li>\n<li>\u00a0Secretaria jur\u00eddica societ\u00e0ria<\/li>\n<li>\u00a0Juntes Generals<\/li>\n<li>\u00a0Control de filials<\/li>\n<li>\u00a0Reestructuracions i preses de participaci\u00f3<\/li>\n<li>\u00a0Dissolucions i situacions de crisis<\/li>\n<li>\u00a0Acords de socis i sindicats de vot<\/li>\n<li>\u00a0Govern corporatiu i bon govern<\/li>\n<li>\u00a0Responsabilitat dels administradors<\/li>\n<li>\u00a0Exercici i protecci\u00f3 dels drets del soci<\/li>\n<li>\u00a0Defensa de minories<\/li>\n<li>\u00a0Recolzament jur\u00eddic a Consellers<\/li>\n<li>\u00a0Relacions amb socis<\/li>\n<li>\u00a0Conflictes societaris<\/li>\n<\/ul>\n[\/vc_column_text][\/vc_column][\/vc_row][vc_row][vc_column width=&#8221;1\/2&#8243;][vc_column_text]\n<h3>Adquisicions<\/h3>\n<ul>\n<li>\u00a0Compravenda d\u2019empresa, rames d\u2019activitat o actius<\/li>\n<li>\u00a0Planificaci\u00f3 operativa estrat\u00e8gica<\/li>\n<li>\u00a0Auditoria legal de compra<\/li>\n<li>\u00a0Negociaci\u00f3<\/li>\n<li>\u00a0Gesti\u00f3 de l\u2019auditoria legal des de la posici\u00f3 venedora<\/li>\n<li>\u00a0Avaluaci\u00f3 i cobertura jur\u00eddica de riscos i conting\u00e8ncies<\/li>\n<li>\u00a0Estructures financeres i de garantia<\/li>\n<li>\u00a0Estructures internacionals i inversions estrangeres<\/li>\n<li>\u00a0Gesti\u00f3 de conting\u00e8ncies i passius ocults<\/li>\n<li>\u00a0Mediaci\u00f3 de conflictes<\/li>\n<\/ul>\n[\/vc_column_text][\/vc_column][vc_column width=&#8221;1\/2&#8243;][vc_column_text]\n<h3>Compet\u00e8ncia<\/h3>\n<ul>\n<li>\u00a0Actes de compet\u00e8ncia deslleial<\/li>\n<li>\u00a0Cobertura jur\u00eddica en front a col\u00b7laboradors infidels<\/li>\n<li>\u00a0Mecanismes d\u2019assegurament dels secrets comercials i la confidencialitat<\/li>\n<li>\u00a0Operacions de concentraci\u00f3 nacionals i a l\u2019\u00e0mbit de la U.E.<\/li>\n<li>\u00a0Gestions i expedients amb els \u00f2rgans de defensa de la compet\u00e8ncia nacional o europea<\/li>\n<\/ul>\n[\/vc_column_text][\/vc_column][\/vc_row][vc_row][vc_column width=&#8221;1\/2&#8243;][vc_column_text]\n<h3>Publicitat i Consum<\/h3>\n<ul>\n<li>\u00a0Legislaci\u00f3 publicit\u00e0ria<\/li>\n<li>\u00a0Contractes publicitaris, de patrocini, compra de mitjans, telemarketing o promoci\u00f3<\/li>\n<li>\u00a0Explotaci\u00f3 de drets d\u2019imatge<\/li>\n<li>\u00a0Defensa de consumidors<\/li>\n<li>\u00a0Responsabilitat del producte; advert\u00e8ncies del producte<\/li>\n<\/ul>\n[\/vc_column_text][\/vc_column][vc_column width=&#8221;1\/2&#8243;][vc_column_text]\n<h3>Mercats Financers<\/h3>\n<ul>\n<li>\u00a0R\u00e8gim jur\u00eddic de les Empreses de Serveis d\u2019Inversi\u00f3<\/li>\n<li>\u00a0Empreses cotitzades; operacions d\u2019admissi\u00f3 i exclusi\u00f3; compliment de la normativa<\/li>\n<li>\u00a0Contractes de serveis financers<\/li>\n<li>\u00a0Defensa de l\u2019inversor<\/li>\n<li>\u00a0OPAS i contraOPAS<\/li>\n<li>\u00a0Relacions amb la CNMV; gesti\u00f3 de documentaci\u00f3 i comunicacions<\/li>\n<li>\u00a0Associacions d\u2019accionistes<\/li>\n<\/ul>\n[\/vc_column_text][\/vc_column][\/vc_row][vc_row][vc_column width=&#8221;1\/2&#8243;][vc_column_text]\n<h3>Immobiliari, Edificaci\u00f3 i Enginyeria<\/h3>\n<ul>\n<li>\u00a0Propietat i drets reals<\/li>\n<li>\u00a0Auditories de compra<\/li>\n<li>\u00a0Arrendaments<\/li>\n<li>\u00a0Adquisici\u00f3 d\u2019immobles gravats, afectats a activitats en crisi o litigi<\/li>\n<li>\u00a0Compra de solars, immobles i complexos<\/li>\n<li>\u00a0Contractes d\u2019obra; de claus en m\u00e0; d\u2019enginyeria; de gesti\u00f3 de projectes; de direcci\u00f3 t\u00e8cnica; de comercialitzaci\u00f3; d\u2019explotaci\u00f3; de car\u00e0cter financer; i tots els propis del sector immobiliari i construcci\u00f3<\/li>\n<li>\u00a0Lliurament d\u2019obra, incompliments contractuals, penalitzacions i desviacions<\/li>\n<li>\u00a0Defectes d\u2019obra i vicis<\/li>\n<\/ul>\n[\/vc_column_text][\/vc_column][vc_column width=&#8221;1\/2&#8243;][vc_column_text]\n<h3>Empresa Familiar<\/h3>\n<ul>\n<li>\u00a0Protocol familiar<\/li>\n<li>\u00a0\u00d2rgans de govern; relaci\u00f3 entre les estructures professional i familiar<\/li>\n<li>\u00a0Planificaci\u00f3 successora<\/li>\n<li>\u00a0Estructura jur\u00eddica per a l\u2019optimitzaci\u00f3 fiscal<\/li>\n<\/ul>\n[\/vc_column_text][\/vc_column][\/vc_row]\n","protected":false},"excerpt":{"rendered":"<p>[vc_row][vc_column][vc_column_text]El Departament Mercantil\u00a0est\u00e0 integrat per advocats amb amplia formaci\u00f3 i experi\u00e8ncia econ\u00f2mica que, en la seva intervenci\u00f3, actuen des d\u2019una perspectiva orientada cap el negoci dels nostres clients i la creaci\u00f3 de valor. Per la qual cosa, en els assumptes que se\u2019ns confien, el nostre comprom\u00eds amb el client inclou, a m\u00e9s del rigor jur\u00eddic,&#8230;<\/p>\n","protected":false},"author":1,"featured_media":0,"parent":7071,"menu_order":0,"comment_status":"closed","ping_status":"closed","template":"","meta":[],"_links":{"self":[{"href":"https:\/\/brosa.es\/ca\/wp-json\/wp\/v2\/pages\/6923"}],"collection":[{"href":"https:\/\/brosa.es\/ca\/wp-json\/wp\/v2\/pages"}],"about":[{"href":"https:\/\/brosa.es\/ca\/wp-json\/wp\/v2\/types\/page"}],"author":[{"embeddable":true,"href":"https:\/\/brosa.es\/ca\/wp-json\/wp\/v2\/users\/1"}],"replies":[{"embeddable":true,"href":"https:\/\/brosa.es\/ca\/wp-json\/wp\/v2\/comments?post=6923"}],"version-history":[{"count":5,"href":"https:\/\/brosa.es\/ca\/wp-json\/wp\/v2\/pages\/6923\/revisions"}],"predecessor-version":[{"id":7369,"href":"https:\/\/brosa.es\/ca\/wp-json\/wp\/v2\/pages\/6923\/revisions\/7369"}],"up":[{"embeddable":true,"href":"https:\/\/brosa.es\/ca\/wp-json\/wp\/v2\/pages\/7071"}],"wp:attachment":[{"href":"https:\/\/brosa.es\/ca\/wp-json\/wp\/v2\/media?parent=6923"}],"curies":[{"name":"wp","href":"https:\/\/api.w.org\/{rel}","templated":true}]}}