{"id":6933,"date":"2017-03-09T16:38:20","date_gmt":"2017-03-09T15:38:20","guid":{"rendered":"http:\/\/brosa.es\/tecnologies-de-la-informacio\/"},"modified":"2017-03-10T13:24:17","modified_gmt":"2017-03-10T12:24:17","slug":"tecnologies-de-la-informacio","status":"publish","type":"page","link":"https:\/\/brosa.es\/ca\/arees-de-practica\/tecnologies-de-la-informacio\/","title":{"rendered":"Tecnologies de la informaci\u00f3"},"content":{"rendered":"<p>[vc_row][vc_column][vc_column_text]L\u2019equip de Professionals assignats a aquesta mat\u00e8ria est\u00e0 constitu\u00eft per advocats especialistes en les problem\u00e0tiques jur\u00eddiques sorgides en varies especialitats: telecomunicacions, Internet i Comer\u00e7 Electr\u00f2nic, Dret Inform\u00e0tic i Mitjans. La nostra tasca ofereix al client un servei integral, analitzant la problem\u00e0tica espec\u00edfica de cada negoci, aportant per la seguretat preventiva i corregint les desviacions que s\u2019hagin pogut produir.[\/vc_column_text][\/vc_column][\/vc_row][vc_row][vc_column][vc_column_text]\n<h3><span style=\"color: #ee8d40;\">Tecnologia, comer\u00e7 electr\u00f2nic<\/span><\/h3>\n[\/vc_column_text][vc_row_inner][vc_column_inner width=&#8221;1\/2&#8243;][vc_column_text]\n<h5>Assessorament a empreses de tecnologia, software, hardware, xarxes, operadors i prove\u00efdors de serveis<\/h5>\n<ul>\n<li>\u00a0Fusions i adquisicions d\u2019empreses tecnol\u00f2giques<\/li>\n<li>\u00a0Assessorament en l\u2019obtenci\u00f3 d\u2019autoritzacions i llic\u00e8ncies<\/li>\n<li>\u00a0Adquisici\u00f3 o venta d\u2019actius immaterials<\/li>\n<li>\u00a0Contractaci\u00f3 sobre el software<\/li>\n<li>\u00a0Contractaci\u00f3 sistemes. ASP, hosting, housing<\/li>\n<\/ul>\n[\/vc_column_text][\/vc_column_inner][vc_column_inner width=&#8221;1\/2&#8243;][vc_column_text]\n<h5>La propietat intel\u00b7lectual en els Web Sites<\/h5>\n<p>La protecci\u00f3 de les seves marques, signes distintius i dem\u00e9s elements de propietat intel\u00b7lectual i industrial adquireix en aquest canal una import\u00e0ncia m\u00e0xima, essent necessari l\u2019assessorament jur\u00eddic per part d\u2019especialistes. BROSA l\u2019ajudar\u00e0 a evitar l\u2019\u00fas indegut dels seus actius de propietat intel\u00b7lectual i industrial. L\u2019assessorem en temes com:<\/p>\n<ul>\n<li>\u00a0Prediagn\u00f2stic i due diligence de la propietat intel\u00b7lectual de webs i portals<\/li>\n<li>\u00a0Protecci\u00f3 dels seus drets davant links i frames realitzats indegudament<\/li>\n<li>\u00a0Especialitats en publicitat realitzada a trav\u00e9s de els Web Sites i portals<\/li>\n<li>\u00a0Com protegir els continguts, les bases de dades (deep linking), els dissenys digitals i, en general, la propietat intel\u00b7lectual de l\u2019empresa<\/li>\n<\/ul>\n[\/vc_column_text][\/vc_column_inner][\/vc_row_inner][vc_row_inner][vc_column_inner width=&#8221;1\/2&#8243;][vc_column_text]\n<h5>Contractaci\u00f3 en Internet i Comer\u00e7 electr\u00f2nic<\/h5>\n<p>Internet proporciona un revolucionari canal de negocio amb un potencial incalculable, per\u00f2 tamb\u00e9 suposa un marc jur\u00eddic de contractaci\u00f3 nou, per la qual cosa les seves caracter\u00edstiques s\u2019han d\u2019observar de forma espec\u00edfica. El nostre assessorament ofereix les respostes adequades en cada cas:<\/p>\n<ul>\n<li>\u00a0Diagn\u00f2stics preliminars i due diligence complet de e-business<\/li>\n<li>\u00a0Com contractar a Internet<\/li>\n<li>\u00a0Quins requisits s\u2019han de contemplar a l\u2019oferir els seus productes i serveis a trav\u00e9s d\u2019Internet<\/li>\n<li>\u00a0Com configurar la seva Web Site per tal de complir amb els seus requisits legals de contractaci\u00f3<\/li>\n<li>\u00a0Com establir les condicions i terminis generals dels seus contractes, segons contracti amb empreses o amb consumidors, de conformitat amb la legislaci\u00f3 nacional i comunit\u00e0ria<\/li>\n<li>\u00a0Quines implicacions i riscos a cobrir es produeixen en la contractaci\u00f3 internacional on-line<\/li>\n<\/ul>\n[\/vc_column_text][\/vc_column_inner][vc_column_inner width=&#8221;1\/2&#8243;][vc_column_text]\n<h5>Seguretat en els mitjans de pagament i en les transaccions: la firma electr\u00f2nica<\/h5>\n<p>La firma electr\u00f2nica, utilitzada adequadament, ofereix les mateixes garanties i efectes que la firma manuscrita. Els nostres serveis professionals li permetran tenir els mitjans de pagament adequats i un marc complet i segur de firma electr\u00f2nica.<\/p>\n<p>El nostre assessorament va adre\u00e7at, en aquest \u00e0mbit, a les empreses de certificaci\u00f3 de firma electr\u00f2nica i a les operadores de telecomunicacions que tinguin previst desenvolupar els seus serveis utilitzant mecanismes segurs de firma electr\u00f2nica.<\/p>\n<p>Especial refer\u00e8ncia a les CPS i el r\u00e8gim de responsabilitat contractual i extracontractual establides en aquestes pr\u00e0ctiques i que afecten a la contractaci\u00f3 electr\u00f2nica amb firma electr\u00f2nica.<\/p>\n<p>Tanmateix, la seguretat en les transaccions i mitjans de pagament incumbeix a totes les empreses que ofereixin els seus productes a Internet, tenint en compte les circumst\u00e0ncies pr\u00f2pies de cada negoci.[\/vc_column_text][\/vc_column_inner][\/vc_row_inner][vc_row_inner][vc_column_inner width=&#8221;1\/2&#8243;][vc_column_text]\n<h5>Teleocupaci\u00f3<\/h5>\n<p>El Mercat del Treball nacional i internacional s\u2019ha vist afectat per les Noves Tecnologies i el tr\u00e0fic jur\u00eddic a trav\u00e9s de la xarxa.<\/p>\n<p>L\u2019anomenada Teleocupaci\u00f3 \u00e9s un dels m\u00e9s clars exponents d\u2019aquesta evoluci\u00f3. Els nostres professionals assessoren a les empreses en la decisi\u00f3 de donar o no d\u2019alta a un col\u00b7laborador\/treballador, analitzant la responsabilitat empresarial respecte a la cotitzaci\u00f3 a la Seguretat Social i la prevenci\u00f3 dels Riscos Laborals d\u2019aquest lloc.<\/p>\n<p>Es tracten tamb\u00e9 les repercussions que poden tenir la creaci\u00f3 de noves professions amb nous i particulars contractes, cl\u00e0usules espec\u00edfiques de treball a domicili, confidencialitat, formaci\u00f3, nous sistemes de retribuci\u00f3 i perman\u00e8ncia.<\/p>\n<p>Finalment, els nostres professionals analitzen les possibilitats de descentralitzaci\u00f3 productiva de serveis empresarials tradicionalment assumits per la pr\u00f2pia empresa.[\/vc_column_text][\/vc_column_inner][vc_column_inner width=&#8221;1\/2&#8243;][vc_column_text]\n<h5>Protecci\u00f3 de dades personals<\/h5>\n<p>El comer\u00e7 electr\u00f2nic possibilita l\u2019acc\u00e9s a la informaci\u00f3 i dades sobre els usuaris\/consumidors que poden \u00e9sser indegudament utilitzats.<\/p>\n<p>Les dades de les empreses i particular deuen \u00e9sser tractats adequadament, amb subjecci\u00f3 a la legislaci\u00f3 espec\u00edfica i complint els mecanismes de control establerts a l\u2019efecte. El tractament d\u2019aquestes dades presenta particularitats importants quan es transmeten o s\u2019emmagatzemen amb mitjans inform\u00e0tics, com la imposici\u00f3 de sancions per incompliment.<\/p>\n<p>Assessorem a les empreses sobre la metodologia adequada en la captaci\u00f3 i gesti\u00f3 de les dades personals. Tamb\u00e9 dirigim i implantem el proc\u00e9s de declaraci\u00f3 i legalitzaci\u00f3 de les dades davant l\u2019Ag\u00e8ncia de Protecci\u00f3 de Dades. Igualment, defensem a l\u2019empresa davant les possibles inspeccions de l\u2019Ag\u00e8ncia de Protecci\u00f3 de dades i davant les possibles reclamacions i conting\u00e8ncies dels internautes o titulars de les dades.[\/vc_column_text][\/vc_column_inner][\/vc_row_inner][vc_row_inner][vc_column_inner width=&#8221;1\/2&#8243;][vc_column_text]\n<h5>Protecci\u00f3 i registre dels noms de domini (DNS)<\/h5>\n<p>Oferim l\u2019assessorament m\u00e9s complet en registre de noms de domini, gen\u00e8rics o territorials, des de la seva sol\u00b7licitud i obtenci\u00f3 fins la seva defensa enfront als atacs de tercers.<\/p>\n<p>Els nostres professionals exerceixen la defensa davant l\u2019\u00fas indegut per part d\u2019un tercer (cybersquatters) de un nom de domini propi d\u2019una empresa o instituci\u00f3, mitjan\u00e7ant procediments sumaris per tal de garantir una soluci\u00f3 r\u00e0pida i l\u2019obtenci\u00f3 de la transfer\u00e8ncia del nom de domini a favor del seu leg\u00edtim titular.[\/vc_column_text][\/vc_column_inner][vc_column_inner width=&#8221;1\/2&#8243;][vc_column_text]\n<h5>Fiscalitat de les transaccions electr\u00f2niques<\/h5>\n<p>La contractaci\u00f3 internacional on-line provoca una problem\u00e0tica fiscal espec\u00edfica, fonamentalment en els impostos indirectes (IVA) que preocupa especialment a les empreses.<\/p>\n<p>El nostre Departament compte amb fiscalistes especialitzats en transaccions electr\u00f2niques, que analitzen cada cas separadament per identificar la seva problem\u00e0tica concreta, aportant les solucions fiscals adequades.[\/vc_column_text][\/vc_column_inner][\/vc_row_inner][vc_row_inner][vc_column_inner width=&#8221;1\/2&#8243;][vc_column_text]\n<h5>Mobile commerce (mcommerce)<\/h5>\n<ul>\n<li>\u00a0Assessorament sobre com reconduir les limitacions que la tecnologia WAP imposa enfront la legislaci\u00f3 vigent (per les dimensions de pantalla i el principi del one click). An\u00e0lisi de les condicions generals de la contractaci\u00f3 a trav\u00e9s del m\u00f2bil<\/li>\n<li>\u00a0\u00das i perm\u00eds de la localitzaci\u00f3 per sat\u00e8l\u00b7lit en la generaci\u00f3 2\u20195 de m\u00f2bils (GPRS) i en els futurs UMIS. Assessorament en les implicacions legals de l\u2019esmentada localitzaci\u00f3<\/li>\n<li>\u00a0Estudi sobre mitjans de pagament<\/li>\n<\/ul>\n[\/vc_column_text][\/vc_column_inner][vc_column_inner width=&#8221;1\/2&#8243;][vc_column_text]\n<h5>Protecci\u00f3 del consumidor<\/h5>\n<p>La contractaci\u00f3 amb consumidors determina l\u2019aplicaci\u00f3 de normes espec\u00edfiques protectores que hauran de complir-se des del mateix moment de l\u2019oferta al destinatari fins que la transacci\u00f3 ja hagi finalitzat. El nostre assessorament protegeix a l\u2019empresa de possibles reclamacions dels consumidors i usuaris, limitant en lo possible la seva responsabilitat contractual i extracontractual. Defensa en mediaci\u00f3 i arbitratges de consum.[\/vc_column_text][\/vc_column_inner][\/vc_row_inner][\/vc_column][\/vc_row][vc_row][vc_column][vc_column_text]\n<h3><span style=\"color: #ee8d40;\">Telecomunicacions<\/span><\/h3>\n[\/vc_column_text][vc_row_inner][vc_column_inner width=&#8221;1\/2&#8243;][vc_column_text]\n<h5>Acc\u00e9s al mercat de les Telecomunicacions<\/h5>\n<p>Assessorament sobre la manera d\u2019accedir, en especial sobre els t\u00edtols habilitants exigits (Llic\u00e8ncia Individual, Autoritzaci\u00f3 General). Recolzem als operadors amb llic\u00e8ncia en r\u00e8gim anterior a l\u2019entrada de la LGT (p. Ex. operadors de cable). Especial atenci\u00f3 en la confecci\u00f3 dels plecs administratius en sol\u00b7licitud de t\u00edtol habilitant, en col\u00b7laboraci\u00f3 amb l\u2019equip t\u00e8cnic redactor de les condicions[\/vc_column_text][\/vc_column_inner][vc_column_inner width=&#8221;1\/2&#8243;][vc_column_text]\n<h5>Acc\u00e9s a les xarxes i serveis<\/h5>\n<p>Assessorament en les negociacions i acords sobre interconnexi\u00f3 amb l\u2019operador dominant o uns altres operadors amb xarxes pr\u00f2pies, en el seu cas, aix\u00ed com assessorament i negociaci\u00f3 d\u2019acords d\u2019itiner\u00e0ncia. Elecci\u00f3 del sistema de soluci\u00f3 de conflictes (adequaci\u00f3 segon el cas als ja establerts: sistema arbitral de la CMT, Tribunals de Just\u00edcia Ordinaris)[\/vc_column_text][\/vc_column_inner][\/vc_row_inner][vc_row_inner][vc_column_inner width=&#8221;1\/2&#8243;][vc_column_text]\n<h5>Agents reguladors del sector<\/h5>\n<p>Assessorament en les relacions amb les autoritats reguladores[\/vc_column_text][\/vc_column_inner][vc_column_inner width=&#8221;1\/2&#8243;][vc_column_text]\n<h5>Els operadors de serveis<\/h5>\n<p>Especial atenci\u00f3 a les relacions amb l\u2019operador dominant. Examen i avaluaci\u00f3 de les Inversions estrangeres en aquest sector i requisits legals d\u2019entrada d\u2019operadors estrangers[\/vc_column_text][\/vc_column_inner][\/vc_row_inner][vc_row_inner][vc_column_inner width=&#8221;1\/2&#8243;][vc_column_text]\n<h5>Obligacions de servei p\u00fablic<\/h5>\n<p>Assessorament sobre les obligacions legals de servei p\u00fablic, categories i subjectes sotmesos a aquestes obligacions. Especial atenci\u00f3 al \u201cServei Universal\u201d. Guia sobre els serveis obligatoris de Telecomunicaci\u00f3: serveis d\u2019urg\u00e8ncia a trav\u00e9s del n\u00famero \u201c112\u201d, t\u00e8lex, telegr\u00e0fics, etc.[\/vc_column_text][\/vc_column_inner][vc_column_inner width=&#8221;1\/2&#8243;][vc_column_text]\n<h5>Assessorament espec\u00edfic al sector audiovisual (radio i televisi\u00f3)<\/h5>\n<p>Assessorament jur\u00eddic sobre les conseq\u00fc\u00e8ncies de les diverses tecnologies que actuen de suport per a l\u2019emissi\u00f3 (ones, digital, cable, sat\u00e8l\u2022lit, Internet). Assessorament en llic\u00e8ncies, concessions i dem\u00e9s t\u00edtols habilitants tant per radio com televisi\u00f3<\/p>\n<p>Recolzament jur\u00eddic espec\u00edfic als operadors amb situaci\u00f3 interina, immersos en processos d\u2019inspecci\u00f3 i sancionadors de les diverses administracions competents (Estatal i Auton\u00f2mica). Assessorament als operadors entrants en el mercat, amb especial atenci\u00f3 a les diverses formes jur\u00eddiques i dem\u00e9s requisits exigits en mitjans de comunicaci\u00f3 social, d\u2019especial incid\u00e8ncia per a l\u2019obtenci\u00f3 de la concessi\u00f3 administrativa[\/vc_column_text][\/vc_column_inner][\/vc_row_inner][\/vc_column][\/vc_row]\n","protected":false},"excerpt":{"rendered":"<p>[vc_row][vc_column][vc_column_text]L\u2019equip de Professionals assignats a aquesta mat\u00e8ria est\u00e0 constitu\u00eft per advocats especialistes en les problem\u00e0tiques jur\u00eddiques sorgides en varies especialitats: telecomunicacions, Internet i Comer\u00e7 Electr\u00f2nic, Dret Inform\u00e0tic i Mitjans. La nostra tasca ofereix al client un servei integral, analitzant la problem\u00e0tica espec\u00edfica de cada negoci, aportant per la seguretat preventiva i corregint les desviacions que&#8230;<\/p>\n","protected":false},"author":1,"featured_media":0,"parent":7071,"menu_order":0,"comment_status":"closed","ping_status":"closed","template":"","meta":[],"_links":{"self":[{"href":"https:\/\/brosa.es\/ca\/wp-json\/wp\/v2\/pages\/6933"}],"collection":[{"href":"https:\/\/brosa.es\/ca\/wp-json\/wp\/v2\/pages"}],"about":[{"href":"https:\/\/brosa.es\/ca\/wp-json\/wp\/v2\/types\/page"}],"author":[{"embeddable":true,"href":"https:\/\/brosa.es\/ca\/wp-json\/wp\/v2\/users\/1"}],"replies":[{"embeddable":true,"href":"https:\/\/brosa.es\/ca\/wp-json\/wp\/v2\/comments?post=6933"}],"version-history":[{"count":5,"href":"https:\/\/brosa.es\/ca\/wp-json\/wp\/v2\/pages\/6933\/revisions"}],"predecessor-version":[{"id":7336,"href":"https:\/\/brosa.es\/ca\/wp-json\/wp\/v2\/pages\/6933\/revisions\/7336"}],"up":[{"embeddable":true,"href":"https:\/\/brosa.es\/ca\/wp-json\/wp\/v2\/pages\/7071"}],"wp:attachment":[{"href":"https:\/\/brosa.es\/ca\/wp-json\/wp\/v2\/media?parent=6933"}],"curies":[{"name":"wp","href":"https:\/\/api.w.org\/{rel}","templated":true}]}}