{"id":6953,"date":"2017-03-09T16:42:12","date_gmt":"2017-03-09T15:42:12","guid":{"rendered":"http:\/\/brosa.es\/penal\/"},"modified":"2017-03-10T13:39:36","modified_gmt":"2017-03-10T12:39:36","slug":"penal","status":"publish","type":"page","link":"https:\/\/brosa.es\/ca\/arees-de-practica\/penal\/","title":{"rendered":"Penal"},"content":{"rendered":"<p>[vc_row][vc_column][vc_column_text css=&#8221;.vc_custom_1486643179438{margin-bottom: 0px !important;}&#8221;]En la seva dedicaci\u00f3 a l\u2019assessorament integral de l\u2019empresa i el context que la rodeja, la nostra Firma tamb\u00e9 confereix una atenci\u00f3 especial a la defensa legal en els processos relacionats amb tot tipus de delictes vinculats amb l\u2019activitat mercantil i empresarial.<\/p>\n<p>Tamb\u00e9 s\u2019hi uneix una creixent demanda d\u2019assessorament professional sobre tota classe d\u2019actes il\u00b7l\u00edcits que poden sorgir en el tr\u00e0fic i \u00e0mbit de l\u2019empresa, tant per a prevenir-los com per, un cop produ\u00efts, defensar-se d\u2019ells amb efica\u00e7 resposta legal.<\/p>\n<p>Els nostres especialistes en el Departament de Dret Penal Empresarial ofereixen, amb plena capacitat professional, assessorament integral sobre:[\/vc_column_text][\/vc_column][\/vc_row][vc_row][vc_column width=&#8221;1\/2&#8243;][vc_column_text]\n<ul>\n<li>Delictes societaris i administraci\u00f3 deslleial<\/li>\n<li>Delictes concursals i insolv\u00e8ncies punibles<\/li>\n<li>Delictes econ\u00f2mics en el seu m\u00e9s ampli espectre\u00a0(estafes, apropiacions indegudes, falsedats documentals, etc.)<\/li>\n<li>Delictes socials i de riscos laborals. Empresa i assajament sexual<\/li>\n<li>Delictes contra Hisenda i la Seguretat Social<\/li>\n<\/ul>\n[\/vc_column_text][\/vc_column][vc_column width=&#8221;1\/2&#8243;][vc_column_text]\n<ul>\n<li>Delictes urban\u00edstics i mediambientals<\/li>\n<li>Empresa, Administraci\u00f3 P\u00fablica i tr\u00e0fic d\u2019influ\u00e8ncies<\/li>\n<li>Delictes contra la propietat industrial i intel\u00b7lectual<\/li>\n<li>Domicili de l\u2019empresa i la seva violaci\u00f3: secrets d\u2019empresa i la seva revelaci\u00f3<\/li>\n<li>Protecci\u00f3 del bon nom de l\u2019empresa. Imatge empresarial en relaci\u00f3 amb l\u2019estr\u00e8pit judicial (cessament del finan\u00e7ament, desconfian\u00e7a de la clientela)<\/li>\n<\/ul>\n[\/vc_column_text][\/vc_column][\/vc_row]\n","protected":false},"excerpt":{"rendered":"<p>[vc_row][vc_column][vc_column_text css=&#8221;.vc_custom_1486643179438{margin-bottom: 0px !important;}&#8221;]En la seva dedicaci\u00f3 a l\u2019assessorament integral de l\u2019empresa i el context que la rodeja, la nostra Firma tamb\u00e9 confereix una atenci\u00f3 especial a la defensa legal en els processos relacionats amb tot tipus de delictes vinculats amb l\u2019activitat mercantil i empresarial. Tamb\u00e9 s\u2019hi uneix una creixent demanda d\u2019assessorament professional sobre tota&#8230;<\/p>\n","protected":false},"author":1,"featured_media":0,"parent":7071,"menu_order":0,"comment_status":"closed","ping_status":"closed","template":"","meta":[],"_links":{"self":[{"href":"https:\/\/brosa.es\/ca\/wp-json\/wp\/v2\/pages\/6953"}],"collection":[{"href":"https:\/\/brosa.es\/ca\/wp-json\/wp\/v2\/pages"}],"about":[{"href":"https:\/\/brosa.es\/ca\/wp-json\/wp\/v2\/types\/page"}],"author":[{"embeddable":true,"href":"https:\/\/brosa.es\/ca\/wp-json\/wp\/v2\/users\/1"}],"replies":[{"embeddable":true,"href":"https:\/\/brosa.es\/ca\/wp-json\/wp\/v2\/comments?post=6953"}],"version-history":[{"count":4,"href":"https:\/\/brosa.es\/ca\/wp-json\/wp\/v2\/pages\/6953\/revisions"}],"predecessor-version":[{"id":7351,"href":"https:\/\/brosa.es\/ca\/wp-json\/wp\/v2\/pages\/6953\/revisions\/7351"}],"up":[{"embeddable":true,"href":"https:\/\/brosa.es\/ca\/wp-json\/wp\/v2\/pages\/7071"}],"wp:attachment":[{"href":"https:\/\/brosa.es\/ca\/wp-json\/wp\/v2\/media?parent=6953"}],"curies":[{"name":"wp","href":"https:\/\/api.w.org\/{rel}","templated":true}]}}