{"id":6968,"date":"2017-03-09T16:56:56","date_gmt":"2017-03-09T15:56:56","guid":{"rendered":"http:\/\/brosa.es\/urbanistic\/"},"modified":"2017-03-10T13:51:00","modified_gmt":"2017-03-10T12:51:00","slug":"urbanistic","status":"publish","type":"page","link":"https:\/\/brosa.es\/ca\/arees-de-practica\/urbanistic\/","title":{"rendered":"Urban\u00edstic"},"content":{"rendered":"<p>[vc_row][vc_column][vc_column_text]Oferim un assessorament integral en totes les \u00e0rees que s\u2019engloben dins de la mat\u00e8ria d\u2019urbanisme, gr\u00e0cies a una \u00e0mplia i llarga experi\u00e8ncia en el tracte amb les Administracions P\u00fabliques (auton\u00f2miques, locals o de car\u00e0cter sectorial).<\/p>\n<p>Els nostres professionals s\u00f3n especialistes tant en el plantejament com en la gesti\u00f3 i disciplina; treballant amb un extens coneixement de les pol\u00edtiques sectorials i de les compet\u00e8ncies de cada Administraci\u00f3, aix\u00ed com de les alternatives legislatives que poden existir per a solucionar cada problema espec\u00edfic. Prestem especial atenci\u00f3 a les incid\u00e8ncies derivades de la normativa sectorial sobre medi ambient, carreteres, legislaci\u00f3 de aig\u00fces, costes i ports.[\/vc_column_text][\/vc_column][\/vc_row][vc_row][vc_column width=&#8221;1\/2&#8243;][vc_column_text]\n<h3>Planejament urban\u00edstic<\/h3>\n<p>Treballem amb els nostres clients en la fase d\u2019elaboraci\u00f3 o tramitaci\u00f3 de tota classe d\u2019instruments de planejament i, en especial, en els procediments de reclassificaci\u00f3 o requalificaci\u00f3 del sol. Participem en els procediments d\u2019aprovaci\u00f3 de Plans mitjan\u00e7ant la interposici\u00f3 d\u2019escrits d\u2019Al\u2022legacions i de negociaci\u00f3 i tramitaci\u00f3 de convenis urban\u00edstics amb les Administracions actuants.[\/vc_column_text][\/vc_column][vc_column width=&#8221;1\/2&#8243;][vc_column_text]\n<h3>Gesti\u00f3 urban\u00edstica<\/h3>\n<p>Assessorem tota classe de procediments de gesti\u00f3 urban\u00edstica, en les seves diferents modalitats auton\u00f2miques. Juntes de Compensaci\u00f3, expedients de reparcel\u00b7laci\u00f3, procediments d\u2019urbanitzaci\u00f3, expedients expropiatoris i entitats urban\u00edstiques de col\u2022laboraci\u00f3 amb l\u2019Administraci\u00f3. Negociem amb agents p\u00fablics i privats, amb autoritats t\u00e8cniques i pol\u00edtiques; i assessorem en tota classe de temes derivats de la gesti\u00f3 de deures i c\u00e0rregues de car\u00e0cter urban\u00edstic.[\/vc_column_text][\/vc_column][\/vc_row][vc_row][vc_column width=&#8221;1\/2&#8243;][vc_column_text]\n<h3>Disciplina urban\u00edstica<\/h3>\n<p>Assessorem i tramitem tot tipus de llic\u00e8ncies, permisos i autoritzacions. Llic\u00e8ncies d\u2019obres, de primera ocupaci\u00f3, d\u2019obertura, d\u2019activitat i d\u2019activitat classificada. Tanmateix, tramitem expedients de legalitzaci\u00f3, d\u2019adequaci\u00f3, de rehabilitaci\u00f3, expedients de ru\u00efna i tota classe de procediments de disciplina urban\u00edstica. Col\u00b7laborem en la redacci\u00f3 de tota classe de Projectes T\u00e8cnics necessaris per a cada activitat des de l\u2019\u00f2ptica del dret urban\u00edstic.[\/vc_column_text][\/vc_column][vc_column width=&#8221;1\/2&#8243;][vc_column_text]\n<h3>Informes i dict\u00e0mens<\/h3>\n<p>Elaborem informes de Due Diligence, dict\u00e0mens i consultes urban\u00edstiques pr\u00e8vies a l\u2019adquisici\u00f3 del s\u00f2l.<\/p>\n<h3>Recursos urban\u00edstics<\/h3>\n<p>Defensem tota classe de procediments urban\u00edstics mitjan\u00e7ant recursos en via administrativa i contenci\u00f3s-administrativa.[\/vc_column_text][\/vc_column][\/vc_row][vc_row][vc_column width=&#8221;1\/2&#8243;][\/vc_column][vc_column width=&#8221;1\/2&#8243;][\/vc_column][\/vc_row]\n","protected":false},"excerpt":{"rendered":"<p>[vc_row][vc_column][vc_column_text]Oferim un assessorament integral en totes les \u00e0rees que s\u2019engloben dins de la mat\u00e8ria d\u2019urbanisme, gr\u00e0cies a una \u00e0mplia i llarga experi\u00e8ncia en el tracte amb les Administracions P\u00fabliques (auton\u00f2miques, locals o de car\u00e0cter sectorial). Els nostres professionals s\u00f3n especialistes tant en el plantejament com en la gesti\u00f3 i disciplina; treballant amb un extens coneixement&#8230;<\/p>\n","protected":false},"author":1,"featured_media":0,"parent":7071,"menu_order":0,"comment_status":"closed","ping_status":"closed","template":"","meta":[],"_links":{"self":[{"href":"https:\/\/brosa.es\/ca\/wp-json\/wp\/v2\/pages\/6968"}],"collection":[{"href":"https:\/\/brosa.es\/ca\/wp-json\/wp\/v2\/pages"}],"about":[{"href":"https:\/\/brosa.es\/ca\/wp-json\/wp\/v2\/types\/page"}],"author":[{"embeddable":true,"href":"https:\/\/brosa.es\/ca\/wp-json\/wp\/v2\/users\/1"}],"replies":[{"embeddable":true,"href":"https:\/\/brosa.es\/ca\/wp-json\/wp\/v2\/comments?post=6968"}],"version-history":[{"count":5,"href":"https:\/\/brosa.es\/ca\/wp-json\/wp\/v2\/pages\/6968\/revisions"}],"predecessor-version":[{"id":7360,"href":"https:\/\/brosa.es\/ca\/wp-json\/wp\/v2\/pages\/6968\/revisions\/7360"}],"up":[{"embeddable":true,"href":"https:\/\/brosa.es\/ca\/wp-json\/wp\/v2\/pages\/7071"}],"wp:attachment":[{"href":"https:\/\/brosa.es\/ca\/wp-json\/wp\/v2\/media?parent=6968"}],"curies":[{"name":"wp","href":"https:\/\/api.w.org\/{rel}","templated":true}]}}