{"id":7003,"date":"2017-03-09T18:07:16","date_gmt":"2017-03-09T17:07:16","guid":{"rendered":"http:\/\/brosa.es\/avisos-legals\/"},"modified":"2018-06-07T14:41:11","modified_gmt":"2018-06-07T13:41:11","slug":"avisos-legals","status":"publish","type":"page","link":"https:\/\/brosa.es\/ca\/avisos-legals\/","title":{"rendered":"Avisos legals"},"content":{"rendered":"<p>La present p\u00e0gina web es troba subjecta als seg\u00fcents termes i condicions d&#8217;\u00fas.<\/p>\n<p>Si Vost\u00e8 hi vol navegar, adquireix d\u2019aquesta manera la condici\u00f3 d&#8217;usuari de la mateixa. Queda prohibida la utilitzaci\u00f3 diferent o contr\u00e0ria a la recollida en aquest av\u00eds legal.<\/p>\n<p>BROSA Abogados y Economistas, S.L.P. (en endavant BROSA) amb CIF B-60145752, inscrita al Registre Mercantil de Barcelona, \u200b\u200bTom 25096, Foli 77, Full B-83268, \u00e9s la propiet\u00e0ria de la p\u00e0gina web <a href=\"http:\/\/www.brosa.es\">www.brosa.es<\/a>. i del seu contingut. Per aix\u00f2 queda prohibida l&#8217;obtenci\u00f3, reproducci\u00f3, distribuci\u00f3, cessi\u00f3, transmissi\u00f3, modificaci\u00f3 o comunicaci\u00f3 p\u00fablica del contingut d&#8217;aquesta web per \u00fas comercial o diferent al propi personal de l&#8217;usuari.<\/p>\n<h2><strong>Pol\u00edtica de privacitat<\/strong><\/h2>\n<p><strong>\u00a0<\/strong>BROSA \u00e9s una firma que presta serveis legals, fiscals i econ\u00f2mics, i que est\u00e0 completament conscienciada sobre la necessitat de mantenir una adequada pol\u00edtica de privacitat i seguretat de les dades de car\u00e0cter personal.<\/p>\n<p>Per aix\u00f2 tenim un ferm comprom\u00eds en dur a terme un tractament de les dades de car\u00e0cter personal de conformitat amb el Reglament General de Protecci\u00f3 de Dades (en endavant RGPD). En conseq\u00fc\u00e8ncia, a continuaci\u00f3 exposa el seu comprom\u00eds amb la privacitat dels usuaris de la nostra p\u00e0gina web.<\/p>\n<h2><strong>Tractament de dades personals<\/strong><\/h2>\n<p>A continuaci\u00f3 li facilitem la informaci\u00f3 sobre el tractament de les dades personals que duem a terme.<\/p>\n<p><strong>&#8211; Responsable del tractament:<\/strong><\/p>\n<p>El responsable de les dades personals \u00e9s BROSA, C\/ Aribau, 191, 4t 1a, 08021 Barcelona, \u200b\u200bTel\u00e8fon: 93 240 41 51, email: <a href=\"mailto:protecciondedatos@brosa.es\">protecciondedatos@brosa.es<\/a><\/p>\n<p><strong>&#8211; Legitimaci\u00f3:<\/strong><\/p>\n<p>BROSA est\u00e0 legitimada per tractar les seves dades personals per l&#8217;exist\u00e8ncia del contracte de prestaci\u00f3 de serveis professionals, ja que en un altre cas resultaria impossible l&#8217;adequat compliment de les obligacions contractuals, i\/o per l&#8217;atorgament del seu consentiment, que permetr\u00e0 el tractament de les dades segons les finalitats explicitades i consentides en el moment de recollida de les seves dades.<\/p>\n<p><strong>&#8211; Destinataris i cessions:<\/strong><\/p>\n<p>Les dades s\u00f3n utilitzades pels nostres professionals i personal \u00fanicament amb la finalitat per la qual han estat confiades, i no s\u00f3n cedides a tercers sense el seu consentiment.<\/p>\n<p><strong>-Finalitat:<\/strong><\/p>\n<p>El tractament de les seves dades es porta a terme amb la finalitat d&#8217;oferir la prestaci\u00f3 de serveis objecte de l&#8217;enc\u00e0rrec professional que ens hagi encomanat. Sempre que Vost\u00e8 ho autoritzi, les seves dades podran utilitzar-se per a remissi\u00f3 de comunicacions informatives sobre q\u00fcestions professionals o invitacions per a esdeveniments o confer\u00e8ncies.<\/p>\n<p><strong>-Conservaci\u00f3:<\/strong><\/p>\n<p>Les dades proporcionades es conservaran durant el termini necessari per complir amb les obligacions i responsabilitats derivades de la legislaci\u00f3 aplicable.<\/p>\n<p><strong>-Drets:<\/strong><\/p>\n<p>Vost\u00e8 t\u00e9 dret a accedir a les seves dades personals, rectificar les dades inexactes o sol\u00b7licitar la seva supressi\u00f3 quan les dades ja no siguin necessaris, sol\u00b7licitar informaci\u00f3 sobre el seu tractament, retirar el seu consentiment i a oposar-se al tractament, i a exercitar els seus drets de portabilitat de dades (de manera que es transmetin directament d&#8217;una empresa a una altra, sense ser-li lliurats pr\u00e8viament) i limitaci\u00f3 (en aquest cas seran conservades nom\u00e9s per a l&#8217;exercici o la defensa de reclamacions). Per a aix\u00f2 podr\u00e0 enviar-nos un correu electr\u00f2nic a protecciondedatos@brosa.es o per escrit mitjan\u00e7ant carta dirigida a BROSA Abogados y Economistes, S.L.P. a la seg\u00fcent adre\u00e7a postal C \/ Aribau 191, 4t 1a, 08021 Barcelona.<\/p>\n<p>Els interessats podran a m\u00e9s presentar una reclamaci\u00f3 davant l&#8217;Autoritat de Control en mat\u00e8ria de protecci\u00f3 de dades competent.<\/p>\n<h2><strong>Formularis de contacte<\/strong><\/h2>\n<p>En compliment de la normativa vigent sobre protecci\u00f3 de dades, l&#8217;informem que les dades que aqu\u00ed ens facilita seran incorporades als nostres fitxers (que disposen de les necess\u00e0ries mesures de seguretat), exclusivament per atendre la seva consulta o sol\u00b7licitud.<\/p>\n<p>En cas que desitgi rebre informaci\u00f3 sobre q\u00fcestions de car\u00e0cter professional a trav\u00e9s de les nostres comunicacions faci clic a l&#8217;enlla\u00e7 indicat:<\/p>\n<p><u>SI<\/u> desitjo rebre informaci\u00f3 sobre q\u00fcestions de car\u00e0cter professional a trav\u00e9s de les seves comunicacions.<\/p>\n<p><u>SI<\/u> desitjo rebre invitacions per esdeveniments i\/o confer\u00e8ncies de car\u00e0cter professional.<\/p>\n<p>Si en qualsevol moment no desitja rebre m\u00e9s informaci\u00f3 o b\u00e9 vol exercitar els drets d&#8217;acc\u00e9s, rectificaci\u00f3, cancel\u00b7laci\u00f3, oposici\u00f3, limitaci\u00f3 o portabilitat de les seves dades, pot fer-ho a trav\u00e9s de la seg\u00fcent adre\u00e7a:<\/p>\n<p>BROSA Abogados y Economistas, S.L.P. CIF: B-60145752<br \/>\nC\/ Aribau 191-193, 4t 1a, 08021 Barcelona<br \/>\nTel. 93\/2404151<br \/>\nCorreu electr\u00f2nic: <a href=\"mailto:protecciondedatos@brosa.es\">protecciondedatos@brosa.es<\/a><\/p>\n","protected":false},"excerpt":{"rendered":"<p>La present p\u00e0gina web es troba subjecta als seg\u00fcents termes i condicions d&#8217;\u00fas. Si Vost\u00e8 hi vol navegar, adquireix d\u2019aquesta manera la condici\u00f3 d&#8217;usuari de la mateixa. Queda prohibida la utilitzaci\u00f3 diferent o contr\u00e0ria a la recollida en aquest av\u00eds legal. BROSA Abogados y Economistas, S.L.P. (en endavant BROSA) amb CIF B-60145752, inscrita al Registre&#8230;<\/p>\n","protected":false},"author":1,"featured_media":0,"parent":0,"menu_order":0,"comment_status":"closed","ping_status":"closed","template":"","meta":[],"_links":{"self":[{"href":"https:\/\/brosa.es\/ca\/wp-json\/wp\/v2\/pages\/7003"}],"collection":[{"href":"https:\/\/brosa.es\/ca\/wp-json\/wp\/v2\/pages"}],"about":[{"href":"https:\/\/brosa.es\/ca\/wp-json\/wp\/v2\/types\/page"}],"author":[{"embeddable":true,"href":"https:\/\/brosa.es\/ca\/wp-json\/wp\/v2\/users\/1"}],"replies":[{"embeddable":true,"href":"https:\/\/brosa.es\/ca\/wp-json\/wp\/v2\/comments?post=7003"}],"version-history":[{"count":2,"href":"https:\/\/brosa.es\/ca\/wp-json\/wp\/v2\/pages\/7003\/revisions"}],"predecessor-version":[{"id":8135,"href":"https:\/\/brosa.es\/ca\/wp-json\/wp\/v2\/pages\/7003\/revisions\/8135"}],"wp:attachment":[{"href":"https:\/\/brosa.es\/ca\/wp-json\/wp\/v2\/media?parent=7003"}],"curies":[{"name":"wp","href":"https:\/\/api.w.org\/{rel}","templated":true}]}}