{"id":7009,"date":"2017-03-09T18:11:51","date_gmt":"2017-03-09T17:11:51","guid":{"rendered":"http:\/\/brosa.es\/contact\/"},"modified":"2018-06-07T14:52:51","modified_gmt":"2018-06-07T13:52:51","slug":"contacte","status":"publish","type":"page","link":"https:\/\/brosa.es\/ca\/contacte\/","title":{"rendered":"Contacte"},"content":{"rendered":"<p>[vc_row 0=&#8221;&#8221;][vc_column width=&#8221;2\/3&#8243;][vc_column_text 0=&#8221;&#8221;]Faci\u2019ns arribar qualsevol consulta professional a trav\u00e9s del seg\u00fcent formulari o consulti les nostres oficines.[\/vc_column_text]\n<div class=\"wpcf7 no-js\" id=\"wpcf7-f7374-o1\" lang=\"ca\" dir=\"ltr\">\n<div class=\"screen-reader-response\"><p role=\"status\" aria-live=\"polite\" aria-atomic=\"true\"><\/p> <ul><\/ul><\/div>\n<form action=\"\/ca\/wp-json\/wp\/v2\/pages\/7009#wpcf7-f7374-o1\" method=\"post\" class=\"wpcf7-form init\" aria-label=\"Formulari de contacte\" novalidate=\"novalidate\" data-status=\"init\">\n<div style=\"display: none;\">\n<input type=\"hidden\" name=\"_wpcf7\" value=\"7374\" \/>\n<input type=\"hidden\" name=\"_wpcf7_version\" value=\"5.7.7\" \/>\n<input type=\"hidden\" name=\"_wpcf7_locale\" value=\"ca\" \/>\n<input type=\"hidden\" name=\"_wpcf7_unit_tag\" value=\"wpcf7-f7374-o1\" \/>\n<input type=\"hidden\" name=\"_wpcf7_container_post\" value=\"0\" \/>\n<input type=\"hidden\" name=\"_wpcf7_posted_data_hash\" value=\"\" \/>\n<\/div>\n<p><label>Nom * <span class=\"wpcf7-form-control-wrap\" data-name=\"nombre\"><input size=\"40\" class=\"wpcf7-form-control wpcf7-text wpcf7-validates-as-required\" aria-required=\"true\" aria-invalid=\"false\" value=\"\" type=\"text\" name=\"nombre\" \/><\/span><\/label>\n<\/p>\n<p><br \/>\n<label>Cognoms * <span class=\"wpcf7-form-control-wrap\" data-name=\"apellido\"><input size=\"40\" class=\"wpcf7-form-control wpcf7-text wpcf7-validates-as-required\" aria-required=\"true\" aria-invalid=\"false\" value=\"\" type=\"text\" name=\"apellido\" \/><\/span><\/label><br \/>\n<label>Empresa <span class=\"wpcf7-form-control-wrap\" data-name=\"empresa\"><input size=\"40\" class=\"wpcf7-form-control wpcf7-text\" aria-invalid=\"false\" value=\"\" type=\"text\" name=\"empresa\" \/><\/span><\/label><br \/>\n<label>Ciutat * <span class=\"wpcf7-form-control-wrap\" data-name=\"ciudad\"><input size=\"40\" class=\"wpcf7-form-control wpcf7-text wpcf7-validates-as-required\" aria-required=\"true\" aria-invalid=\"false\" value=\"\" type=\"text\" name=\"ciudad\" \/><\/span><\/label><br \/>\n<label>Pa\u00eds * <span class=\"wpcf7-form-control-wrap\" data-name=\"pais\"><input size=\"40\" class=\"wpcf7-form-control wpcf7-text wpcf7-validates-as-required\" aria-required=\"true\" aria-invalid=\"false\" value=\"\" type=\"text\" name=\"pais\" \/><\/span><\/label><br \/>\n<label>Tel\u00e8fon <span class=\"wpcf7-form-control-wrap\" data-name=\"telefono\"><input size=\"40\" class=\"wpcf7-form-control wpcf7-text wpcf7-tel wpcf7-validates-as-tel\" aria-invalid=\"false\" value=\"\" type=\"tel\" name=\"telefono\" \/><\/span><\/label><br \/>\n<label>E-mail* <span class=\"wpcf7-form-control-wrap\" data-name=\"email\"><input size=\"40\" class=\"wpcf7-form-control wpcf7-text wpcf7-email wpcf7-validates-as-required wpcf7-validates-as-email\" aria-required=\"true\" aria-invalid=\"false\" value=\"\" type=\"email\" name=\"email\" \/><\/span><\/label><br \/>\n<label>Missatge <span class=\"wpcf7-form-control-wrap\" data-name=\"mensaje\"><textarea cols=\"40\" rows=\"10\" class=\"wpcf7-form-control wpcf7-textarea\" aria-invalid=\"false\" name=\"mensaje\"><\/textarea><\/span> <\/label>\n<\/p>\n<p><input class=\"wpcf7-form-control has-spinner wpcf7-submit\" type=\"submit\" value=\"Enviar\" \/>\n<\/p>\n<p>En compliment de la normativa vigent sobre protecci\u00f3 de dades, l'informem que les dades que aqu\u00ed ens facilita seran incorporades als nostres fitxers (que disposen de les necess\u00e0ries mesures de seguretat), exclusivament per atendre la seva consulta o sol\u00b7licitud.\n<\/p>\n<p>En cas que desitgi rebre informaci\u00f3 sobre q\u00fcestions de car\u00e0cter professional a trav\u00e9s de les nostres comunicacions faci clic a l'enlla\u00e7 indicat:<br \/>\n<span class=\"wpcf7-form-control-wrap\" data-name=\"checkbox-info\"><span class=\"wpcf7-form-control wpcf7-checkbox\"><span class=\"wpcf7-list-item first\"><label><input type=\"checkbox\" name=\"checkbox-info[]\" value=\"SI desitjo rebre informaci\u00f3 sobre q\u00fcestions de car\u00e0cter professional a trav\u00e9s de les seves comunicacions.\" \/><span class=\"wpcf7-list-item-label\">SI desitjo rebre informaci\u00f3 sobre q\u00fcestions de car\u00e0cter professional a trav\u00e9s de les seves comunicacions.<\/span><\/label><\/span><span class=\"wpcf7-list-item last\"><label><input type=\"checkbox\" name=\"checkbox-info[]\" value=\"SI desitjo rebre invitacions per esdeveniments i\/o confer\u00e8ncies de car\u00e0cter professional.\" \/><span class=\"wpcf7-list-item-label\">SI desitjo rebre invitacions per esdeveniments i\/o confer\u00e8ncies de car\u00e0cter professional.<\/span><\/label><\/span><\/span><\/span>\n<\/p>\n<p>Si en qualsevol moment no desitja rebre m\u00e9s informaci\u00f3 o b\u00e9 vol exercitar els drets d'acc\u00e9s, rectificaci\u00f3, cancel\u2022laci\u00f3, oposici\u00f3, limitaci\u00f3 o portabilitat de les seves dades, pot fer-ho a trav\u00e9s de la seg\u00fcent adre\u00e7a:\n<\/p>\n<p>BROSA Abogados y Economistas, S.L.P. CIF: B-60145752.<br \/>\nC\/Aribau 191-193, 4\u00ba 1\u00aa, 08021 Barcelona.<br \/>\nTel. 93\/2404151<br \/>\nCorreu electr\u00f2nic: <a href=\"mailto:protecciondedatos@brosa.es\">protecciondedatos@brosa.es<\/a>\n<\/p>\n<p>Per a m\u00e9s informaci\u00f3 accedeixi a la nostra <a href=\"\/avisos-legales\">pol\u00edtica de privacitat a l\u2019av\u00eds legal<\/a>\n<\/p><div class=\"wpcf7-response-output\" aria-hidden=\"true\"><\/div>\n<\/form>\n<\/div>\n[\/vc_column][vc_column width=&#8221;1\/3&#8243;][\/vc_column][\/vc_row]\n","protected":false},"excerpt":{"rendered":"<p>[vc_row 0=&#8221;&#8221;][vc_column width=&#8221;2\/3&#8243;][vc_column_text 0=&#8221;&#8221;]Faci\u2019ns arribar qualsevol consulta professional a trav\u00e9s del seg\u00fcent formulari o consulti les nostres oficines.[\/vc_column_text][\/vc_column][vc_column width=&#8221;1\/3&#8243;][\/vc_column][\/vc_row]<\/p>\n","protected":false},"author":1,"featured_media":0,"parent":0,"menu_order":0,"comment_status":"closed","ping_status":"closed","template":"","meta":[],"_links":{"self":[{"href":"https:\/\/brosa.es\/ca\/wp-json\/wp\/v2\/pages\/7009"}],"collection":[{"href":"https:\/\/brosa.es\/ca\/wp-json\/wp\/v2\/pages"}],"about":[{"href":"https:\/\/brosa.es\/ca\/wp-json\/wp\/v2\/types\/page"}],"author":[{"embeddable":true,"href":"https:\/\/brosa.es\/ca\/wp-json\/wp\/v2\/users\/1"}],"replies":[{"embeddable":true,"href":"https:\/\/brosa.es\/ca\/wp-json\/wp\/v2\/comments?post=7009"}],"version-history":[{"count":5,"href":"https:\/\/brosa.es\/ca\/wp-json\/wp\/v2\/pages\/7009\/revisions"}],"predecessor-version":[{"id":8138,"href":"https:\/\/brosa.es\/ca\/wp-json\/wp\/v2\/pages\/7009\/revisions\/8138"}],"wp:attachment":[{"href":"https:\/\/brosa.es\/ca\/wp-json\/wp\/v2\/media?parent=7009"}],"curies":[{"name":"wp","href":"https:\/\/api.w.org\/{rel}","templated":true}]}}