{"id":7048,"date":"2017-03-09T18:55:16","date_gmt":"2017-03-09T17:55:16","guid":{"rendered":"http:\/\/brosa.es\/la-firma\/"},"modified":"2017-03-09T20:23:46","modified_gmt":"2017-03-09T19:23:46","slug":"la-firma","status":"publish","type":"page","link":"https:\/\/brosa.es\/ca\/la-firma\/","title":{"rendered":"La Firma"},"content":{"rendered":"<p>[vc_row][vc_column][vc_tta_tabs style=&#8221;flat&#8221; shape=&#8221;square&#8221; color=&#8221;orange&#8221; spacing=&#8221;15&#8243; active_section=&#8221;1&#8243; no_fill_content_area=&#8221;true&#8221; el_class=&#8221;tabs-la-firma&#8221;][vc_tta_section title=&#8221;Presentaci\u00f3&#8221; tab_id=&#8221;1486557288739-fbc3e0fe-0b69&#8243;][vc_row_inner][vc_column_inner][vc_empty_space height=&#8221;20px&#8221;][\/vc_column_inner][\/vc_row_inner][vc_row_inner css=&#8221;.vc_custom_1486576637183{margin-top: 10px !important;}&#8221;][vc_column_inner width=&#8221;1\/3&#8243;][vc_single_image image=&#8221;6319&#8243; img_size=&#8221;full&#8221; add_caption=&#8221;yes&#8221;][\/vc_column_inner][vc_column_inner width=&#8221;2\/3&#8243;][vc_column_text]\n<h2>Presentaci\u00f3<\/h2>\n<p><strong>BROSA<\/strong>\u00a0\u00e9s una firma de serveis jur\u00eddics i econ\u00f2mics orientada a satisfer les necessitats tant de la gran empresa com de la petita, en un \u00e0mbit tan complex com el del m\u00f3n empresarial actual. Gr\u00e0cies a una s\u00f2lida traject\u00f2ria de m\u00e9s de 50 anys, la Firma ocupa un lloc destacat en el ranking espanyol dels despatxos l\u00edders en el sector, en el qual competeix amb les m\u00e9s prestigioses i de m\u00e9s gran volum, tant espanyoles com internacionals.<\/p>\n<p>Amb un tracte personalitzat i confidencial, la Firma proporciona solucions efectives als problemes de les empreses en els camps jur\u00eddic, fiscal, econ\u00f2mic, financer, d\u2019auditoria i de consultoria.\u00a0<strong>BROSA\u00a0<\/strong>ofereix un servei din\u00e0mic i experimentat perqu\u00e8 compta amb un equip d\u2019advocats i economistes que, des d\u2019una perspectiva multidisciplinar, aborden els problemes empresarials amb una visi\u00f3 global i preventiva.<\/p>\n<p>L\u2019experi\u00e8ncia jur\u00eddica i econ\u00f2mica adquirida des que\u00a0<strong>Pere Brosa i Ballesteros\u00a0<\/strong>fund\u00e0 la Firma el 1964 com a despatx jur\u00eddic individual, i el treball realitzat di\u00e0riament per un ampli equip de professionals, fan que actualment\u00a0<strong>BROSA\u00a0<\/strong>tingui la dimensi\u00f3 adequada per afrontar tant les noves com les cl\u00e0ssiques necessitats de la mitjana i de la gran empresa i per respondre als reptes del futur.<\/p>\n<p>Els \u00f2ptims resultats obtinguts al llarg de la seva traject\u00f2ria i la qualitat del servei que s\u2019ofereix han aportat a la Firma una s\u00f2lida implantaci\u00f3 nacional, aix\u00ed com una creixent i rellevant pres\u00e8ncia en el context internacional. En l\u2019\u00e0mbit jur\u00eddic i econ\u00f2mic, la Firma disposa d\u2019una important xarxa de contactes i pertany a diferents organitzacions internacionals.<\/p>\n<p>En la seva constant evoluci\u00f3, la solv\u00e8ncia dels nostres professionals i la seva capacitat de comprensi\u00f3 global dels problemes i de les oportunitats de l\u2019empresa s\u2019han convertit en un signe distintiu i identificador de la personalitat de la Firma.[\/vc_column_text][\/vc_column_inner][\/vc_row_inner][\/vc_tta_section][vc_tta_section title=&#8221;Principis d&#8217;actuaci\u00f3&#8221; tab_id=&#8221;1486557288742-85a85a90-7e21&#8243;][vc_row_inner][vc_column_inner][vc_custom_heading text=&#8221;Principis d&#8217;actuaci\u00f3&#8221; font_container=&#8221;tag:h2|text_align:center&#8221; use_theme_fonts=&#8221;yes&#8221; css=&#8221;.vc_custom_1486575705660{margin-top: 20px !important;}&#8221;][vc_separator color=&#8221;custom&#8221; accent_color=&#8221;#002369&#8243;][\/vc_column_inner][\/vc_row_inner][vc_row_inner][vc_column_inner width=&#8221;1\/3&#8243;][vc_icon icon_fontawesome=&#8221;fa fa-star&#8221; color=&#8221;custom&#8221; background_style=&#8221;rounded&#8221; background_color=&#8221;white&#8221; align=&#8221;center&#8221; css_animation=&#8221;none&#8221; custom_color=&#8221;#ee8d40&#8243; css=&#8221;.vc_custom_1486231820312{margin-bottom: 0px !important;}&#8221;][vc_column_text]\n<h3 style=\"text-align: center;\">Qualitat i efic\u00e0cia<\/h3>\n<p>La qualitat i efic\u00e0cia caracteritzen la presentaci\u00f3 del servei de\u00a0<strong>BROSA\u00a0<\/strong>ja que aporten solucions adequades per a cada client en funci\u00f3 de la seva idiosincr\u00e0sia i de les caracter\u00edstiques de cada situaci\u00f3 o problema.[\/vc_column_text][\/vc_column_inner][vc_column_inner width=&#8221;1\/3&#8243;][vc_icon icon_fontawesome=&#8221;fa fa-briefcase&#8221; color=&#8221;custom&#8221; background_style=&#8221;rounded&#8221; background_color=&#8221;white&#8221; align=&#8221;center&#8221; css_animation=&#8221;none&#8221; custom_color=&#8221;#ee8d40&#8243; css=&#8221;.vc_custom_1486232090660{margin-bottom: 0px !important;}&#8221;][vc_column_text]\n<h3 style=\"text-align: center;\">Assessorament a empreses<\/h3>\n<p>Essent l\u2019objectiu principal de\u00a0<strong>BROSA\u00a0<\/strong>oferir un assessorament jur\u00eddic i econ\u00f2mic a les empreses, ens identifiquem amb els seus problemes i inquietuds i dediquem recursos per a la cont\u00ednua formaci\u00f3 dels nostres professionals, per tal de que aconsegueixin una elevada compenetraci\u00f3 amb la din\u00e0mica empresarial.[\/vc_column_text][\/vc_column_inner][vc_column_inner width=&#8221;1\/3&#8243;][vc_icon icon_fontawesome=&#8221;fa fa-retweet&#8221; color=&#8221;custom&#8221; background_style=&#8221;rounded&#8221; background_color=&#8221;white&#8221; align=&#8221;center&#8221; css_animation=&#8221;none&#8221; custom_color=&#8221;#ee8d40&#8243; css=&#8221;.vc_custom_1486232139008{margin-bottom: 0px !important;}&#8221;][vc_column_text]\n<h3 style=\"text-align: center;\">Serveis integrals<\/h3>\n<p><strong>BROSA\u00a0<\/strong>est\u00e0 conven\u00e7uda que l\u2019\u00fanica forma de satisfer les necessitats dels clients actualment \u00e9s prestant un servei integral; \u00e9s a dir, multidisciplinar i coordinat.[\/vc_column_text][\/vc_column_inner][\/vc_row_inner][vc_row_inner][vc_column_inner width=&#8221;1\/2&#8243;][vc_icon icon_fontawesome=&#8221;fa fa-book&#8221; color=&#8221;custom&#8221; background_style=&#8221;rounded&#8221; background_color=&#8221;white&#8221; align=&#8221;center&#8221; css_animation=&#8221;none&#8221; custom_color=&#8221;#ee8d40&#8243; css=&#8221;.vc_custom_1486232175891{margin-bottom: 0px !important;}&#8221;][vc_column_text]\n<h3 style=\"text-align: center;\">Assessorament preventiu<\/h3>\n<p>Una empresa rendible i efica\u00e7 no nom\u00e9s ha d\u2019enfrontar-se als problemes quan aquests han sorgit, sin\u00f3 que ha d\u2019\u00e9sser conscient de la import\u00e0ncia de prevenir-los.\u00a0<strong>BROSA\u00a0<\/strong>s\u2019anticipa en l\u2019an\u00e0lisi de les conseq\u00fc\u00e8ncies futures que poden derivar-se de l\u2019actuaci\u00f3 dels seus clients, b\u00e9 orientant-los preventivament en el dia a dia, b\u00e9 assistint-los en la confecci\u00f3 i desenvolupament dels seus plans estrat\u00e8gics.[\/vc_column_text][\/vc_column_inner][vc_column_inner width=&#8221;1\/2&#8243;][vc_icon icon_fontawesome=&#8221;fa fa-users&#8221; color=&#8221;custom&#8221; background_style=&#8221;rounded&#8221; background_color=&#8221;white&#8221; align=&#8221;center&#8221; css_animation=&#8221;none&#8221; custom_color=&#8221;#ee8d40&#8243; css=&#8221;.vc_custom_1486232207512{margin-bottom: 0px !important;}&#8221;][vc_column_text]\n<h3 style=\"text-align: center;\">Advocats i economistes<\/h3>\n<p>A\u00a0<strong>BROSA\u00a0<\/strong>s\u2019integra un ampli equip d\u2019experts mols dels quals acrediten almenys la doble formaci\u00f3 jur\u00eddica i econ\u00f2mica que ens permet actuar com assessors amb una visi\u00f3 global i, al mateix temps, oferir un alt grau d\u2019especialitzaci\u00f3 per el tractament de cada assumpte.[\/vc_column_text][\/vc_column_inner][\/vc_row_inner][\/vc_tta_section][\/vc_tta_tabs][\/vc_column][\/vc_row]\n","protected":false},"excerpt":{"rendered":"<p>[vc_row][vc_column][vc_tta_tabs style=&#8221;flat&#8221; shape=&#8221;square&#8221; color=&#8221;orange&#8221; spacing=&#8221;15&#8243; active_section=&#8221;1&#8243; no_fill_content_area=&#8221;true&#8221; el_class=&#8221;tabs-la-firma&#8221;][vc_tta_section title=&#8221;Presentaci\u00f3&#8221; tab_id=&#8221;1486557288739-fbc3e0fe-0b69&#8243;][vc_row_inner][vc_column_inner][vc_empty_space height=&#8221;20px&#8221;][\/vc_column_inner][\/vc_row_inner][vc_row_inner css=&#8221;.vc_custom_1486576637183{margin-top: 10px !important;}&#8221;][vc_column_inner width=&#8221;1\/3&#8243;][vc_single_image image=&#8221;6319&#8243; img_size=&#8221;full&#8221; add_caption=&#8221;yes&#8221;][\/vc_column_inner][vc_column_inner width=&#8221;2\/3&#8243;][vc_column_text] Presentaci\u00f3 BROSA\u00a0\u00e9s una firma de serveis jur\u00eddics i econ\u00f2mics orientada a satisfer les necessitats tant de la gran empresa com de la petita, en un \u00e0mbit tan complex com el del m\u00f3n empresarial actual. Gr\u00e0cies a&#8230;<\/p>\n","protected":false},"author":1,"featured_media":0,"parent":0,"menu_order":0,"comment_status":"closed","ping_status":"closed","template":"","meta":[],"_links":{"self":[{"href":"https:\/\/brosa.es\/ca\/wp-json\/wp\/v2\/pages\/7048"}],"collection":[{"href":"https:\/\/brosa.es\/ca\/wp-json\/wp\/v2\/pages"}],"about":[{"href":"https:\/\/brosa.es\/ca\/wp-json\/wp\/v2\/types\/page"}],"author":[{"embeddable":true,"href":"https:\/\/brosa.es\/ca\/wp-json\/wp\/v2\/users\/1"}],"replies":[{"embeddable":true,"href":"https:\/\/brosa.es\/ca\/wp-json\/wp\/v2\/comments?post=7048"}],"version-history":[{"count":5,"href":"https:\/\/brosa.es\/ca\/wp-json\/wp\/v2\/pages\/7048\/revisions"}],"predecessor-version":[{"id":7178,"href":"https:\/\/brosa.es\/ca\/wp-json\/wp\/v2\/pages\/7048\/revisions\/7178"}],"wp:attachment":[{"href":"https:\/\/brosa.es\/ca\/wp-json\/wp\/v2\/media?parent=7048"}],"curies":[{"name":"wp","href":"https:\/\/api.w.org\/{rel}","templated":true}]}}