{"id":7057,"date":"2017-03-09T18:56:43","date_gmt":"2017-03-09T17:56:43","guid":{"rendered":"http:\/\/brosa.es\/bancari\/"},"modified":"2017-03-09T19:45:23","modified_gmt":"2017-03-09T18:45:23","slug":"bancari","status":"publish","type":"page","link":"https:\/\/brosa.es\/ca\/arees-de-practica\/bancari\/","title":{"rendered":"Bancari"},"content":{"rendered":"<ul>\n<li>Reclamaci\u00f3 derivada de Cl\u00e0usules Terra<\/li>\n<li>Reclamaci\u00f3 derivada de despeses de formalitzaci\u00f3 de cr\u00e8dits<\/li>\n<\/ul>\n","protected":false},"excerpt":{"rendered":"<p>Reclamaci\u00f3 derivada de Cl\u00e0usules Terra Reclamaci\u00f3 derivada de despeses de formalitzaci\u00f3 de cr\u00e8dits<\/p>\n","protected":false},"author":1,"featured_media":0,"parent":7071,"menu_order":0,"comment_status":"closed","ping_status":"closed","template":"","meta":[],"_links":{"self":[{"href":"https:\/\/brosa.es\/ca\/wp-json\/wp\/v2\/pages\/7057"}],"collection":[{"href":"https:\/\/brosa.es\/ca\/wp-json\/wp\/v2\/pages"}],"about":[{"href":"https:\/\/brosa.es\/ca\/wp-json\/wp\/v2\/types\/page"}],"author":[{"embeddable":true,"href":"https:\/\/brosa.es\/ca\/wp-json\/wp\/v2\/users\/1"}],"replies":[{"embeddable":true,"href":"https:\/\/brosa.es\/ca\/wp-json\/wp\/v2\/comments?post=7057"}],"version-history":[{"count":1,"href":"https:\/\/brosa.es\/ca\/wp-json\/wp\/v2\/pages\/7057\/revisions"}],"predecessor-version":[{"id":7129,"href":"https:\/\/brosa.es\/ca\/wp-json\/wp\/v2\/pages\/7057\/revisions\/7129"}],"up":[{"embeddable":true,"href":"https:\/\/brosa.es\/ca\/wp-json\/wp\/v2\/pages\/7071"}],"wp:attachment":[{"href":"https:\/\/brosa.es\/ca\/wp-json\/wp\/v2\/media?parent=7057"}],"curies":[{"name":"wp","href":"https:\/\/api.w.org\/{rel}","templated":true}]}}