{"id":7061,"date":"2017-03-09T19:00:01","date_gmt":"2017-03-09T18:00:01","guid":{"rendered":"http:\/\/brosa.es\/actualitat\/"},"modified":"2017-03-10T18:14:59","modified_gmt":"2017-03-10T17:14:59","slug":"actualitat","status":"publish","type":"page","link":"https:\/\/brosa.es\/ca\/actualitat\/","title":{"rendered":"Actualitat"},"content":{"rendered":"<p>[vc_row equal_height=&#8221;yes&#8221;][vc_column][vc_text_separator title=&#8221;Blog&#8221; el_class=&#8221;separador-actualidad&#8221;][vc_basic_grid post_type=&#8221;post&#8221; max_items=&#8221;3&#8243; item=&#8221;7391&#8243; grid_id=&#8221;vc_gid:1489165322848-608343ee716b7b9b82deae79af65c07c-9&#8243;][vc_btn title=&#8221;Veure tots els articles del blog&#8221; shape=&#8221;square&#8221; color=&#8221;warning&#8221; align=&#8221;center&#8221; i_icon_fontawesome=&#8221;fa fa-arrow-right&#8221; add_icon=&#8221;true&#8221; link=&#8221;url:http%3A%2F%2Fbrosa.es%2Fblog|||&#8221;][vc_empty_space][\/vc_column][\/vc_row][vc_row][vc_column][vc_text_separator title=&#8221;Publicacions&#8221; el_class=&#8221;separador-actualidad&#8221;][\/vc_column][\/vc_row][vc_row][vc_column width=&#8221;1\/4&#8243;][vc_single_image image=&#8221;6715&#8243; img_size=&#8221;full&#8221; alignment=&#8221;center&#8221;][\/vc_column][vc_column width=&#8221;3\/4&#8243;][vc_column_text]\n<h3>C\u00f3digo Concursal de la Empresa<\/h3>\n<p>Autora: <strong>Marta Brosa<\/strong>. Editorial: <strong>Difusi\u00f3n Jur\u00eddica<\/strong> (Madrid 2010)<\/p>\n<p>Aquesta obra t\u00e9 com a finalitat recopilar la legislaci\u00f3 aplicable a les situacions concursals des de la perspectiva empresarial general, sense abordar sectors especials.<\/p>\n<p>Es compon de dos blocs. El primer, recull la normativa espec\u00edficament concursal, que cont\u00e9 la LO 8\/2003 de Reforma Concursal del poder judicial; la Llei 22\/2003 Concursal -modificada pel RDL 3\/2009 i la Llei 13 \/ 2009-; RD 685\/2005 sobre publicitat de resolucions concursals; el RD 1860\/2004 sobre aranzel de drets dels administradors concursals; i la Directiva 2008\/94 \/ CE relativa a la protecci\u00f3 dels treballadors assalariats en cas d&#8217;insolv\u00e8ncia de l&#8217;empresari.<\/p>\n<p>El segon recull les principals refer\u00e8ncies normatives a situacions concursals disperses en l&#8217;ordenament jur\u00eddic, sistematitzades per mat\u00e8ries.[\/vc_column_text][\/vc_column][\/vc_row]\n","protected":false},"excerpt":{"rendered":"<p>[vc_row equal_height=&#8221;yes&#8221;][vc_column][vc_text_separator title=&#8221;Blog&#8221; el_class=&#8221;separador-actualidad&#8221;][vc_basic_grid post_type=&#8221;post&#8221; max_items=&#8221;3&#8243; item=&#8221;7391&#8243; grid_id=&#8221;vc_gid:1489165322848-608343ee716b7b9b82deae79af65c07c-9&#8243;][vc_btn title=&#8221;Veure tots els articles del blog&#8221; shape=&#8221;square&#8221; color=&#8221;warning&#8221; align=&#8221;center&#8221; i_icon_fontawesome=&#8221;fa fa-arrow-right&#8221; add_icon=&#8221;true&#8221; link=&#8221;url:http%3A%2F%2Fbrosa.es%2Fblog|||&#8221;][vc_empty_space][\/vc_column][\/vc_row][vc_row][vc_column][vc_text_separator title=&#8221;Publicacions&#8221; el_class=&#8221;separador-actualidad&#8221;][\/vc_column][\/vc_row][vc_row][vc_column width=&#8221;1\/4&#8243;][vc_single_image image=&#8221;6715&#8243; img_size=&#8221;full&#8221; alignment=&#8221;center&#8221;][\/vc_column][vc_column width=&#8221;3\/4&#8243;][vc_column_text] C\u00f3digo Concursal de la Empresa Autora: Marta Brosa. Editorial: Difusi\u00f3n Jur\u00eddica (Madrid 2010) Aquesta obra t\u00e9 com a finalitat recopilar la legislaci\u00f3 aplicable a les situacions concursals&#8230;<\/p>\n","protected":false},"author":1,"featured_media":0,"parent":0,"menu_order":0,"comment_status":"closed","ping_status":"closed","template":"","meta":[],"_links":{"self":[{"href":"https:\/\/brosa.es\/ca\/wp-json\/wp\/v2\/pages\/7061"}],"collection":[{"href":"https:\/\/brosa.es\/ca\/wp-json\/wp\/v2\/pages"}],"about":[{"href":"https:\/\/brosa.es\/ca\/wp-json\/wp\/v2\/types\/page"}],"author":[{"embeddable":true,"href":"https:\/\/brosa.es\/ca\/wp-json\/wp\/v2\/users\/1"}],"replies":[{"embeddable":true,"href":"https:\/\/brosa.es\/ca\/wp-json\/wp\/v2\/comments?post=7061"}],"version-history":[{"count":5,"href":"https:\/\/brosa.es\/ca\/wp-json\/wp\/v2\/pages\/7061\/revisions"}],"predecessor-version":[{"id":7396,"href":"https:\/\/brosa.es\/ca\/wp-json\/wp\/v2\/pages\/7061\/revisions\/7396"}],"wp:attachment":[{"href":"https:\/\/brosa.es\/ca\/wp-json\/wp\/v2\/media?parent=7061"}],"curies":[{"name":"wp","href":"https:\/\/api.w.org\/{rel}","templated":true}]}}