{"id":7071,"date":"2017-03-09T19:05:29","date_gmt":"2017-03-09T18:05:29","guid":{"rendered":"http:\/\/brosa.es\/arees-de-practica\/"},"modified":"2017-03-10T13:45:49","modified_gmt":"2017-03-10T12:45:49","slug":"arees-de-practica","status":"publish","type":"page","link":"https:\/\/brosa.es\/ca\/arees-de-practica\/","title":{"rendered":"\u00c0rees de pr\u00e0ctica"},"content":{"rendered":"<p>[vc_row el_class=&#8221;fila-areas-de-practica&#8221;][vc_column width=&#8221;1\/4&#8243;][vc_column_text el_class=&#8221;lista-areas-practica&#8221; css=&#8221;.vc_custom_1489085834087{margin-bottom: 10px !important;}&#8221;]\n<ul>\n<li><a href=\"https:\/\/brosa.es\/ca\/mercantil-i-empresarial\/\">Mercantil\/Empresarial<\/a><\/li>\n<li><a href=\"https:\/\/brosa.es\/ca\/bancari\/\">Bancari<\/a><\/li>\n<li><a href=\"https:\/\/brosa.es\/ca\/concursal\/\">Concursal<\/a><\/li>\n<li><a href=\"https:\/\/brosa.es\/ca\/fiscal\/\">Fiscal i Comptable<\/a><\/li>\n<li><a href=\"https:\/\/brosa.es\/ca\/economic-financer\/\">Econ\u00f2mic-Financer<\/a><\/li>\n<\/ul>\n[\/vc_column_text][\/vc_column][vc_column width=&#8221;1\/4&#8243;][vc_column_text el_class=&#8221;lista-areas-practica&#8221; css=&#8221;.vc_custom_1489082901149{margin-bottom: 10px !important;}&#8221;]\n<ul>\n<li><a href=\"https:\/\/brosa.es\/ca\/laboral\/\">Laboral<\/a><\/li>\n<li><a href=\"https:\/\/brosa.es\/ca\/processal\/\">Processal<\/a><\/li>\n<li><a href=\"https:\/\/brosa.es\/ca\/civil\/\">Civil<\/a><\/li>\n<li><a href=\"https:\/\/brosa.es\/ca\/penal\/\">Penal<\/a><\/li>\n<li><a href=\"https:\/\/brosa.es\/ca\/dret-public\/\">Dret p\u00fablic<\/a><\/li>\n<\/ul>\n[\/vc_column_text][\/vc_column][vc_column width=&#8221;1\/4&#8243;][vc_column_text el_class=&#8221;lista-areas-practica&#8221; css=&#8221;.vc_custom_1489149945182{margin-bottom: 10px !important;}&#8221;]\n<ul>\n<li><a href=\"https:\/\/brosa.es\/ca\/urbanistic\/\">Urban\u00edstic<\/a><\/li>\n<li><a href=\"https:\/\/brosa.es\/ca\/propietat-industrial-i-intel%c2%b7lectual\/\">Propietat Industrial i Intel\u00b7lectual<\/a><\/li>\n<li><a href=\"https:\/\/brosa.es\/ca\/tecnologies-de-la-informacio\/\">Tecnologies de la informaci\u00f3<\/a><\/li>\n<li><a href=\"https:\/\/brosa.es\/ca\/comunitari-i-internacional\/\">Comunitari i internacional<\/a><\/li>\n<li><a href=\"https:\/\/brosa.es\/ca\/agroalimentari\/\">Agroalimentari<\/a><\/li>\n<\/ul>\n[\/vc_column_text][\/vc_column][vc_column width=&#8221;1\/4&#8243;][vc_column_text el_class=&#8221;lista-areas-practica&#8221;]\n<ul>\n<li><a href=\"https:\/\/brosa.es\/ca\/maritim-i-transport\/\">Transport i Mar\u00edtim<\/a><\/li>\n<li><a href=\"https:\/\/brosa.es\/ca\/familia\/\">Fam\u00edlia<\/a><\/li>\n<li><a href=\"https:\/\/brosa.es\/ca\/farmaceutic\/\">Farmac\u00e8utic<\/a><\/li>\n<li><a href=\"https:\/\/brosa.es\/ca\/italian-desk\/\">Italian Desk<\/a><\/li>\n<li><a href=\"https:\/\/brosa.es\/ca\/usa-desk\/\">USA Desk<\/a><\/li>\n<\/ul>\n[\/vc_column_text][\/vc_column][\/vc_row]\n","protected":false},"excerpt":{"rendered":"<p>[vc_row el_class=&#8221;fila-areas-de-practica&#8221;][vc_column width=&#8221;1\/4&#8243;][vc_column_text el_class=&#8221;lista-areas-practica&#8221; css=&#8221;.vc_custom_1489085834087{margin-bottom: 10px !important;}&#8221;] Mercantil\/Empresarial Bancari Concursal Fiscal i Comptable Econ\u00f2mic-Financer [\/vc_column_text][\/vc_column][vc_column width=&#8221;1\/4&#8243;][vc_column_text el_class=&#8221;lista-areas-practica&#8221; css=&#8221;.vc_custom_1489082901149{margin-bottom: 10px !important;}&#8221;] Laboral Processal Civil Penal Dret p\u00fablic [\/vc_column_text][\/vc_column][vc_column width=&#8221;1\/4&#8243;][vc_column_text el_class=&#8221;lista-areas-practica&#8221; css=&#8221;.vc_custom_1489149945182{margin-bottom: 10px !important;}&#8221;] Urban\u00edstic Propietat Industrial i Intel\u00b7lectual Tecnologies de la informaci\u00f3 Comunitari i internacional Agroalimentari [\/vc_column_text][\/vc_column][vc_column width=&#8221;1\/4&#8243;][vc_column_text el_class=&#8221;lista-areas-practica&#8221;] Transport i Mar\u00edtim Fam\u00edlia Farmac\u00e8utic Italian Desk&#8230;<\/p>\n","protected":false},"author":1,"featured_media":0,"parent":0,"menu_order":0,"comment_status":"closed","ping_status":"closed","template":"","meta":[],"_links":{"self":[{"href":"https:\/\/brosa.es\/ca\/wp-json\/wp\/v2\/pages\/7071"}],"collection":[{"href":"https:\/\/brosa.es\/ca\/wp-json\/wp\/v2\/pages"}],"about":[{"href":"https:\/\/brosa.es\/ca\/wp-json\/wp\/v2\/types\/page"}],"author":[{"embeddable":true,"href":"https:\/\/brosa.es\/ca\/wp-json\/wp\/v2\/users\/1"}],"replies":[{"embeddable":true,"href":"https:\/\/brosa.es\/ca\/wp-json\/wp\/v2\/comments?post=7071"}],"version-history":[{"count":5,"href":"https:\/\/brosa.es\/ca\/wp-json\/wp\/v2\/pages\/7071\/revisions"}],"predecessor-version":[{"id":7354,"href":"https:\/\/brosa.es\/ca\/wp-json\/wp\/v2\/pages\/7071\/revisions\/7354"}],"wp:attachment":[{"href":"https:\/\/brosa.es\/ca\/wp-json\/wp\/v2\/media?parent=7071"}],"curies":[{"name":"wp","href":"https:\/\/api.w.org\/{rel}","templated":true}]}}