{"id":7217,"date":"2017-03-10T11:12:31","date_gmt":"2017-03-10T10:12:31","guid":{"rendered":"http:\/\/brosa.es\/equip\/"},"modified":"2025-11-17T10:47:59","modified_gmt":"2025-11-17T09:47:59","slug":"equip","status":"publish","type":"page","link":"https:\/\/brosa.es\/ca\/equip\/","title":{"rendered":"Equip"},"content":{"rendered":"<p>[vc_row][vc_column][vc_text_separator title=&#8221;Socis de la Firma&#8221;][\/vc_column][\/vc_row][vc_row][vc_column width=&#8221;1\/3&#8243;][vc_column_text]<div class=\"cmsms_our_team_wrap\"><div class=\"wrap_person\"><figure><a href=\"#\" data-group=\"img_7217\" title=\"Equip\" class=\"preloader\"><img width=\"400\" height=\"300\" src=\"https:\/\/brosa.es\/wp-content\/uploads\/2017\/02\/jaume-brosa.jpg\" class=\"fullwidth\" alt=\"\" decoding=\"async\" loading=\"lazy\" srcset=\"https:\/\/brosa.es\/wp-content\/uploads\/2017\/02\/jaume-brosa.jpg 400w, https:\/\/brosa.es\/wp-content\/uploads\/2017\/02\/jaume-brosa-300x225.jpg 300w\" sizes=\"(max-width: 400px) 100vw, 400px\" \/><\/a><\/figure><div class=\"cmsms_team_rollover\"><\/div><\/div><div class=\"cmsms_header_wrap\"><header class=\"entry-header\"><h5 class=\"person_title\">Jaume Brosa<\/h5><p class=\"person_subtitle\">Advocat<\/p><\/header><div class=\"entry-content\">\n<p>Advocat. Diplomat en Ci\u00e8ncies Empresarials. Membre del Departament Mercantil i del de Tecnologies de la Informaci\u00f3. Especialista en Comer\u00e7 Internacional i Dret dels Serveis de la Societat d\u2019Informaci\u00f3.<\/p>\n<\/div><\/div><\/div>[\/vc_column_text][\/vc_column][vc_column width=&#8221;1\/3&#8243;][vc_column_text]<div class=\"cmsms_our_team_wrap\"><div class=\"wrap_person\"><figure><a href=\"#\" data-group=\"img_7217\" title=\"Equip\" class=\"preloader\"><img width=\"400\" height=\"300\" src=\"https:\/\/brosa.es\/wp-content\/uploads\/2017\/02\/jordi-brosa.jpg\" class=\"fullwidth\" alt=\"\" decoding=\"async\" loading=\"lazy\" srcset=\"https:\/\/brosa.es\/wp-content\/uploads\/2017\/02\/jordi-brosa.jpg 400w, https:\/\/brosa.es\/wp-content\/uploads\/2017\/02\/jordi-brosa-300x225.jpg 300w\" sizes=\"(max-width: 400px) 100vw, 400px\" \/><\/a><\/figure><div class=\"cmsms_team_rollover\"><\/div><\/div><div class=\"cmsms_header_wrap\"><header class=\"entry-header\"><h5 class=\"person_title\">Jordi Brosa<\/h5><p class=\"person_subtitle\">Advocat<\/p><\/header><div class=\"entry-content\">\n<p>Advocat. Diplomat en Ci\u00e8ncies Empresarials. Membre dels Departaments Mercantil i\u00a0 Agroalimentari. Especialista en Dret Farmac\u00e8utic, Dret Immobiliari i Dret Concursal.<\/p>\n<p class=\"txt\"><\/div><\/div><\/div>\n[\/vc_column_text][\/vc_column][vc_column width=&#8221;1\/3&#8243;][vc_column_text]<div class=\"cmsms_our_team_wrap\"><div class=\"wrap_person\"><figure><a href=\"#\" data-group=\"img_7217\" title=\"Equip\" class=\"preloader\"><img width=\"400\" height=\"300\" src=\"https:\/\/brosa.es\/wp-content\/uploads\/2017\/02\/marta-brosa.jpg\" class=\"fullwidth\" alt=\"\" decoding=\"async\" loading=\"lazy\" srcset=\"https:\/\/brosa.es\/wp-content\/uploads\/2017\/02\/marta-brosa.jpg 400w, https:\/\/brosa.es\/wp-content\/uploads\/2017\/02\/marta-brosa-300x225.jpg 300w\" sizes=\"(max-width: 400px) 100vw, 400px\" \/><\/a><\/figure><div class=\"cmsms_team_rollover\"><\/div><\/div><div class=\"cmsms_header_wrap\"><header class=\"entry-header\"><h5 class=\"person_title\">Marta Brosa<\/h5><p class=\"person_subtitle\">Advocada<\/p><\/header><div class=\"entry-content\">\n<p>Advocada. M\u00e0ster en Assessoria Jur\u00eddica per l\u2019Instituto de Empresa de Madrid.\u00a0Membre dels Departaments Mercantil, Agroalimentari i Processal. Especialista en conflicte societari, Dret Agroalimentari i Dret del Transport.<\/p>\n<p class=\"txt\"><\/div><\/div><\/div>\n[\/vc_column_text][\/vc_column][\/vc_row][vc_row][vc_column width=&#8221;1\/3&#8243;][vc_column_text]<div class=\"cmsms_our_team_wrap\"><div class=\"wrap_person\"><figure><a href=\"#\" data-group=\"img_7217\" title=\"Equip\" class=\"preloader\"><img width=\"400\" height=\"300\" src=\"https:\/\/brosa.es\/wp-content\/uploads\/2017\/02\/pere-casanovas.jpg\" class=\"fullwidth\" alt=\"\" decoding=\"async\" loading=\"lazy\" srcset=\"https:\/\/brosa.es\/wp-content\/uploads\/2017\/02\/pere-casanovas.jpg 400w, https:\/\/brosa.es\/wp-content\/uploads\/2017\/02\/pere-casanovas-300x225.jpg 300w\" sizes=\"(max-width: 400px) 100vw, 400px\" \/><\/a><\/figure><div class=\"cmsms_team_rollover\"><\/div><\/div><div class=\"cmsms_header_wrap\"><header class=\"entry-header\"><h5 class=\"person_title\">Pere Casanova<\/h5><p class=\"person_subtitle\">Economista<\/p><\/header><div class=\"entry-content\">\n<p>Diplomat en Ci\u00e8ncies Empresarials per la Universitat Pompeu Fabra. M\u00e0ster en Direcci\u00f3 Financera per l\u2019I.D.E.C. Llicenciat en Administraci\u00f3 i Direcci\u00f3 d\u2019Empreses per la U.O.C. Director de l\u2019\u00c0rea d\u2019Administraci\u00f3 i Finances i membre del Departament Fiscal i Econ\u00f2mic-Financer. Especialista en assessoria financera i consultoria de control de gesti\u00f3.<\/p>\n<p class=\"txt\"><\/div><\/div><\/div>\n[\/vc_column_text][\/vc_column][vc_column width=&#8221;1\/3&#8243;][vc_column_text]<div class=\"cmsms_our_team_wrap\"><div class=\"wrap_person\"><figure><a href=\"#\" data-group=\"img_7217\" title=\"Equip\" class=\"preloader\"><img width=\"400\" height=\"300\" src=\"https:\/\/brosa.es\/wp-content\/uploads\/2017\/02\/isabel-escudero.jpg\" class=\"fullwidth\" alt=\"\" decoding=\"async\" loading=\"lazy\" srcset=\"https:\/\/brosa.es\/wp-content\/uploads\/2017\/02\/isabel-escudero.jpg 400w, https:\/\/brosa.es\/wp-content\/uploads\/2017\/02\/isabel-escudero-300x225.jpg 300w\" sizes=\"(max-width: 400px) 100vw, 400px\" \/><\/a><\/figure><div class=\"cmsms_team_rollover\"><\/div><\/div><div class=\"cmsms_header_wrap\"><header class=\"entry-header\"><h5 class=\"person_title\">Isabel Escudero Guti\u00e9rrez<\/h5><p class=\"person_subtitle\">Advocada<\/p><\/header><div class=\"entry-content\">\n<p>Advocada. Especialista en dret de fam\u00edlia, dret processal civil, i dret penal econ\u00f2mic. Membre de la Asociaci\u00f3n Espa\u00f1ola de Abogados de Familia (AEAFA).<\/p>\n<\/div><\/div><\/div>[\/vc_column_text][\/vc_column][vc_column width=&#8221;1\/3&#8243;][vc_column_text]<div class=\"cmsms_our_team_wrap\"><div class=\"wrap_person\"><figure><a href=\"#\" data-group=\"img_7217\" title=\"Equip\" class=\"preloader\"><img width=\"400\" height=\"300\" src=\"https:\/\/brosa.es\/wp-content\/uploads\/2017\/02\/joan-rius.jpg\" class=\"fullwidth\" alt=\"\" decoding=\"async\" loading=\"lazy\" srcset=\"https:\/\/brosa.es\/wp-content\/uploads\/2017\/02\/joan-rius.jpg 400w, https:\/\/brosa.es\/wp-content\/uploads\/2017\/02\/joan-rius-300x225.jpg 300w\" sizes=\"(max-width: 400px) 100vw, 400px\" \/><\/a><\/figure><div class=\"cmsms_team_rollover\"><\/div><\/div><div class=\"cmsms_header_wrap\"><header class=\"entry-header\"><h5 class=\"person_title\">Joan Rius Duch<\/h5><p class=\"person_subtitle\">Economista<\/p><\/header><div class=\"entry-content\">\n<p>Diplomat en Ci\u00e8ncies Empresarials. M\u00e0ster en Tributaci\u00f3 per l\u2019Ateneu Tributari de Barcelona. Membre del Registre Central d\u2019Assessors Fiscals del Consell de Col\u00b7legis de Titulars Mercantils i Empresarials.\u00a0Membre dels Departaments Fiscal i Econ\u00f2mic Financer. Especialista en impostos municipals i administraci\u00f3 local.<\/p>\n<p class=\"txt\" style=\"text-align: center;\"><\/div><\/div><\/div>\n[\/vc_column_text][\/vc_column][\/vc_row][vc_row][vc_column width=&#8221;1\/3&#8243;][vc_column_text]<div class=\"cmsms_our_team_wrap\"><div class=\"wrap_person\"><figure><a href=\"#\" data-group=\"img_7217\" title=\"Equip\" class=\"preloader\"><img width=\"400\" height=\"300\" src=\"https:\/\/brosa.es\/wp-content\/uploads\/2017\/02\/genis-torres.jpg\" class=\"fullwidth\" alt=\"\" decoding=\"async\" loading=\"lazy\" srcset=\"https:\/\/brosa.es\/wp-content\/uploads\/2017\/02\/genis-torres.jpg 400w, https:\/\/brosa.es\/wp-content\/uploads\/2017\/02\/genis-torres-300x225.jpg 300w\" sizes=\"(max-width: 400px) 100vw, 400px\" \/><\/a><\/figure><div class=\"cmsms_team_rollover\"><\/div><\/div><div class=\"cmsms_header_wrap\"><header class=\"entry-header\"><h5 class=\"person_title\">Gen\u00eds Torres Marim\u00f3n<\/h5><p class=\"person_subtitle\">Economista<\/p><\/header><div class=\"entry-content\">\n<p>Economista, Professor Mercantil i Llicenciat en Dret. Especialista en Dret Fiscal, Econ\u00f2mic i Financer. Especialista en fiscalitat de l\u2019empresa familiar.<\/p>\n<p class=\"txt\" style=\"text-align: center;\"><\/div><\/div><\/div>\n[\/vc_column_text][\/vc_column][vc_column width=&#8221;1\/3&#8243;][\/vc_column][vc_column width=&#8221;1\/3&#8243;][\/vc_column][\/vc_row][vc_row][vc_column][vc_text_separator title=&#8221;Professionals \/ Col\u00b7laboradors&#8221;][\/vc_column][\/vc_row][vc_row][vc_column width=&#8221;1\/3&#8243;][vc_column_text]<div class=\"cmsms_our_team_wrap\"><div class=\"wrap_person\"><figure><a href=\"#\" data-group=\"img_7217\" title=\"Equip\" class=\"preloader\"><img width=\"400\" height=\"300\" src=\"https:\/\/brosa.es\/wp-content\/uploads\/2017\/02\/josep-bertran.jpg\" class=\"fullwidth\" alt=\"\" decoding=\"async\" loading=\"lazy\" srcset=\"https:\/\/brosa.es\/wp-content\/uploads\/2017\/02\/josep-bertran.jpg 400w, https:\/\/brosa.es\/wp-content\/uploads\/2017\/02\/josep-bertran-300x225.jpg 300w\" sizes=\"(max-width: 400px) 100vw, 400px\" \/><\/a><\/figure><div class=\"cmsms_team_rollover\"><\/div><\/div><div class=\"cmsms_header_wrap\"><header class=\"entry-header\"><h5 class=\"person_title\">Josep Bertr\u00e1n Forn\u00f3s<\/h5><p class=\"person_subtitle\">Advocat<\/p><\/header><div class=\"entry-content\">\n<p>Departament Dret del Transport<\/p>\n<\/div><\/div><\/div>[\/vc_column_text][\/vc_column][vc_column width=&#8221;1\/3&#8243;][vc_column_text]<div class=\"cmsms_our_team_wrap\"><div class=\"wrap_person\"><figure><a href=\"#\" data-group=\"img_7217\" title=\"Equip\" class=\"preloader\"><img width=\"400\" height=\"300\" src=\"https:\/\/brosa.es\/wp-content\/uploads\/2017\/02\/angeles-subira-1.jpg\" class=\"fullwidth\" alt=\"\" decoding=\"async\" loading=\"lazy\" srcset=\"https:\/\/brosa.es\/wp-content\/uploads\/2017\/02\/angeles-subira-1.jpg 400w, https:\/\/brosa.es\/wp-content\/uploads\/2017\/02\/angeles-subira-1-300x225.jpg 300w\" sizes=\"(max-width: 400px) 100vw, 400px\" \/><\/a><\/figure><div class=\"cmsms_team_rollover\"><\/div><\/div><div class=\"cmsms_header_wrap\"><header class=\"entry-header\"><h5 class=\"person_title\">\u00c1ngeles Subir\u00e1 Go\u00f1i<\/h5><p class=\"person_subtitle\">Advocada<\/p><\/header><div class=\"entry-content\">\n<p>Departament Mercantil (especialista en Dret Concursal i del Transport), Departament Processal<\/p>\n<p class=\"txt\"><\/div><\/div><\/div>\n[\/vc_column_text][\/vc_column][vc_column width=&#8221;1\/3&#8243;][vc_column_text]<div class=\"cmsms_our_team_wrap\"><div class=\"wrap_person\"><figure><a href=\"#\" data-group=\"img_7217\" title=\"Equip\" class=\"preloader\"><img width=\"400\" height=\"300\" src=\"https:\/\/brosa.es\/wp-content\/uploads\/2017\/02\/gerard-moliner.jpg\" class=\"fullwidth\" alt=\"\" decoding=\"async\" loading=\"lazy\" srcset=\"https:\/\/brosa.es\/wp-content\/uploads\/2017\/02\/gerard-moliner.jpg 400w, https:\/\/brosa.es\/wp-content\/uploads\/2017\/02\/gerard-moliner-300x225.jpg 300w\" sizes=\"(max-width: 400px) 100vw, 400px\" \/><\/a><\/figure><div class=\"cmsms_team_rollover\"><\/div><\/div><div class=\"cmsms_header_wrap\"><header class=\"entry-header\"><h5 class=\"person_title\">Gerard Moliner<\/h5><p class=\"person_subtitle\">Economista<\/p><\/header><div class=\"entry-content\">\n<p>Departament Comptable i Fiscal<\/p>\n<\/div><\/div><\/div>[\/vc_column_text][\/vc_column][\/vc_row][vc_row][vc_column width=&#8221;1\/3&#8243;][vc_column_text]<div class=\"cmsms_our_team_wrap\"><div class=\"wrap_person\"><figure><a href=\"#\" data-group=\"img_7217\" title=\"Equip\" class=\"preloader\"><img width=\"470\" height=\"376\" src=\"https:\/\/brosa.es\/wp-content\/uploads\/2017\/02\/Foto-Paolo-Indolfi.jpg\" class=\"fullwidth\" alt=\"\" decoding=\"async\" loading=\"lazy\" srcset=\"https:\/\/brosa.es\/wp-content\/uploads\/2017\/02\/Foto-Paolo-Indolfi.jpg 470w, https:\/\/brosa.es\/wp-content\/uploads\/2017\/02\/Foto-Paolo-Indolfi-300x240.jpg 300w\" sizes=\"(max-width: 470px) 100vw, 470px\" \/><\/a><\/figure><div class=\"cmsms_team_rollover\"><\/div><\/div><div class=\"cmsms_header_wrap\"><header class=\"entry-header\"><h5 class=\"person_title\">Paolo Indolfi<\/h5><p class=\"person_subtitle\">Advocat<\/p><\/header><div class=\"entry-content\">\n<p>Departament Mercantil<\/p>\n<p class=\"txt\"><\/div><\/div><\/div>\n[\/vc_column_text][\/vc_column][vc_column width=&#8221;1\/3&#8243;][vc_column_text]<div class=\"cmsms_our_team_wrap\"><div class=\"wrap_person\"><figure><a href=\"#\" data-group=\"img_7217\" title=\"Equip\" class=\"preloader\"><img width=\"470\" height=\"376\" src=\"https:\/\/brosa.es\/wp-content\/uploads\/2017\/02\/Francisco-Javier-Saguar.jpg\" class=\"fullwidth\" alt=\"\" decoding=\"async\" loading=\"lazy\" srcset=\"https:\/\/brosa.es\/wp-content\/uploads\/2017\/02\/Francisco-Javier-Saguar.jpg 470w, https:\/\/brosa.es\/wp-content\/uploads\/2017\/02\/Francisco-Javier-Saguar-300x240.jpg 300w\" sizes=\"(max-width: 470px) 100vw, 470px\" \/><\/a><\/figure><div class=\"cmsms_team_rollover\"><\/div><\/div><div class=\"cmsms_header_wrap\"><header class=\"entry-header\"><h5 class=\"person_title\">Francisco Javier Saguar Quer <\/h5><p class=\"person_subtitle\">Abogado<\/p><\/header><div class=\"entry-content\">\n<p>Departament Mercantil (especialista en Dret Bancari)<\/p>\n<\/div><\/div><\/div>[\/vc_column_text][\/vc_column][vc_column width=&#8221;1\/3&#8243;][\/vc_column][\/vc_row][vc_row][vc_column][vc_text_separator title=&#8221;Administraci\u00f3&#8221;][\/vc_column][\/vc_row][vc_row][vc_column][vc_column_text][\/vc_column_text][\/vc_column][\/vc_row][vc_row][vc_column width=&#8221;1\/3&#8243;][vc_column_text]<div class=\"cmsms_our_team_wrap\"><div class=\"wrap_person\"><figure><a href=\"#\" data-group=\"img_7217\" title=\"Equip\" class=\"preloader\"><img width=\"400\" height=\"300\" src=\"https:\/\/brosa.es\/wp-content\/uploads\/2017\/02\/montse-chicharro.jpg\" class=\"fullwidth\" alt=\"\" decoding=\"async\" loading=\"lazy\" srcset=\"https:\/\/brosa.es\/wp-content\/uploads\/2017\/02\/montse-chicharro.jpg 400w, https:\/\/brosa.es\/wp-content\/uploads\/2017\/02\/montse-chicharro-300x225.jpg 300w\" sizes=\"(max-width: 400px) 100vw, 400px\" \/><\/a><\/figure><div class=\"cmsms_team_rollover\"><\/div><\/div><div class=\"cmsms_header_wrap\"><header class=\"entry-header\"><h5 class=\"person_title\">Montse Chicharro Agueda<\/h5><\/header><div class=\"entry-content\">\n<p style=\"text-align: center;\"><\/div><\/div><\/div>\n[\/vc_column_text][\/vc_column][vc_column width=&#8221;1\/3&#8243;][vc_column_text]<div class=\"cmsms_our_team_wrap\"><div class=\"wrap_person\"><figure><a href=\"#\" data-group=\"img_7217\" title=\"Equip\" class=\"preloader\"><img width=\"400\" height=\"300\" src=\"https:\/\/brosa.es\/wp-content\/uploads\/2017\/03\/judit-perarnau.jpg\" class=\"fullwidth\" alt=\"\" decoding=\"async\" loading=\"lazy\" srcset=\"https:\/\/brosa.es\/wp-content\/uploads\/2017\/03\/judit-perarnau.jpg 400w, https:\/\/brosa.es\/wp-content\/uploads\/2017\/03\/judit-perarnau-300x225.jpg 300w\" sizes=\"(max-width: 400px) 100vw, 400px\" \/><\/a><\/figure><div class=\"cmsms_team_rollover\"><\/div><\/div><div class=\"cmsms_header_wrap\"><header class=\"entry-header\"><h5 class=\"person_title\">Judit Perarnau Berruezo<\/h5><\/header><div class=\"entry-content\">\n<p style=\"text-align: center;\"><\/div><\/div><\/div>\n[\/vc_column_text][\/vc_column][vc_column width=&#8221;1\/3&#8243;][vc_column_text el_class=&#8221;professional-filtre&#8221;]<div class=\"cmsms_our_team_wrap\"><div class=\"wrap_person\"><figure><a href=\"#\" data-group=\"img_7217\" title=\"Equip\" class=\"preloader\"><img width=\"400\" height=\"300\" src=\"https:\/\/brosa.es\/wp-content\/uploads\/2024\/12\/julia-cruz.jpg\" class=\"fullwidth\" alt=\"\" decoding=\"async\" loading=\"lazy\" srcset=\"https:\/\/brosa.es\/wp-content\/uploads\/2024\/12\/julia-cruz.jpg 400w, https:\/\/brosa.es\/wp-content\/uploads\/2024\/12\/julia-cruz-300x225.jpg 300w\" sizes=\"(max-width: 400px) 100vw, 400px\" \/><\/a><\/figure><div class=\"cmsms_team_rollover\"><\/div><\/div><div class=\"cmsms_header_wrap\"><header class=\"entry-header\"><h5 class=\"person_title\">J\u00falia Cruz<\/h5><\/header><div class=\"entry-content\">\n<p style=\"text-align: center;\"><\/div><\/div><\/div>\n[\/vc_column_text][\/vc_column][\/vc_row]\n","protected":false},"excerpt":{"rendered":"<p>[vc_row][vc_column][vc_text_separator title=&#8221;Socis de la Firma&#8221;][\/vc_column][\/vc_row][vc_row][vc_column width=&#8221;1\/3&#8243;][vc_column_text][\/vc_column_text][\/vc_column][vc_column width=&#8221;1\/3&#8243;][vc_column_text] [\/vc_column_text][\/vc_column][vc_column width=&#8221;1\/3&#8243;][vc_column_text] [\/vc_column_text][\/vc_column][\/vc_row][vc_row][vc_column width=&#8221;1\/3&#8243;][vc_column_text] [\/vc_column_text][\/vc_column][vc_column width=&#8221;1\/3&#8243;][vc_column_text][\/vc_column_text][\/vc_column][vc_column width=&#8221;1\/3&#8243;][vc_column_text] [\/vc_column_text][\/vc_column][\/vc_row][vc_row][vc_column width=&#8221;1\/3&#8243;][vc_column_text] [\/vc_column_text][\/vc_column][vc_column width=&#8221;1\/3&#8243;][\/vc_column][vc_column width=&#8221;1\/3&#8243;][\/vc_column][\/vc_row][vc_row][vc_column][vc_text_separator title=&#8221;Professionals \/ Col\u00b7laboradors&#8221;][\/vc_column][\/vc_row][vc_row][vc_column width=&#8221;1\/3&#8243;][vc_column_text][\/vc_column_text][\/vc_column][vc_column width=&#8221;1\/3&#8243;][vc_column_text] [\/vc_column_text][\/vc_column][vc_column width=&#8221;1\/3&#8243;][vc_column_text][\/vc_column_text][\/vc_column][\/vc_row][vc_row][vc_column width=&#8221;1\/3&#8243;][vc_column_text] [\/vc_column_text][\/vc_column][vc_column width=&#8221;1\/3&#8243;][vc_column_text][\/vc_column_text][\/vc_column][vc_column width=&#8221;1\/3&#8243;][\/vc_column][\/vc_row][vc_row][vc_column][vc_text_separator title=&#8221;Administraci\u00f3&#8221;][\/vc_column][\/vc_row][vc_row][vc_column][vc_column_text][\/vc_column_text][\/vc_column][\/vc_row][vc_row][vc_column width=&#8221;1\/3&#8243;][vc_column_text] [\/vc_column_text][\/vc_column][vc_column width=&#8221;1\/3&#8243;][vc_column_text] [\/vc_column_text][\/vc_column][vc_column width=&#8221;1\/3&#8243;][vc_column_text el_class=&#8221;professional-filtre&#8221;] [\/vc_column_text][\/vc_column][\/vc_row]<\/p>\n","protected":false},"author":1,"featured_media":0,"parent":0,"menu_order":0,"comment_status":"closed","ping_status":"closed","template":"","meta":[],"_links":{"self":[{"href":"https:\/\/brosa.es\/ca\/wp-json\/wp\/v2\/pages\/7217"}],"collection":[{"href":"https:\/\/brosa.es\/ca\/wp-json\/wp\/v2\/pages"}],"about":[{"href":"https:\/\/brosa.es\/ca\/wp-json\/wp\/v2\/types\/page"}],"author":[{"embeddable":true,"href":"https:\/\/brosa.es\/ca\/wp-json\/wp\/v2\/users\/1"}],"replies":[{"embeddable":true,"href":"https:\/\/brosa.es\/ca\/wp-json\/wp\/v2\/comments?post=7217"}],"version-history":[{"count":7,"href":"https:\/\/brosa.es\/ca\/wp-json\/wp\/v2\/pages\/7217\/revisions"}],"predecessor-version":[{"id":10122,"href":"https:\/\/brosa.es\/ca\/wp-json\/wp\/v2\/pages\/7217\/revisions\/10122"}],"wp:attachment":[{"href":"https:\/\/brosa.es\/ca\/wp-json\/wp\/v2\/media?parent=7217"}],"curies":[{"name":"wp","href":"https:\/\/api.w.org\/{rel}","templated":true}]}}