{"id":7066,"date":"2017-03-09T19:01:27","date_gmt":"2017-03-09T18:01:27","guid":{"rendered":"http:\/\/brosa.es\/news\/"},"modified":"2017-03-10T18:01:14","modified_gmt":"2017-03-10T17:01:14","slug":"news","status":"publish","type":"page","link":"https:\/\/brosa.es\/en\/news\/","title":{"rendered":"News"},"content":{"rendered":"<p>[vc_row equal_height=&#8221;yes&#8221;][vc_column][vc_text_separator title=&#8221;Blog&#8221; el_class=&#8221;separador-actualidad&#8221;][vc_basic_grid post_type=&#8221;post&#8221; max_items=&#8221;3&#8243; item=&#8221;7392&#8243; grid_id=&#8221;vc_gid:1489165259296-c1a7cbe8-2498-2&#8243;][vc_btn title=&#8221;Read all articles&#8221; shape=&#8221;square&#8221; color=&#8221;warning&#8221; align=&#8221;center&#8221; i_icon_fontawesome=&#8221;fa fa-arrow-right&#8221; add_icon=&#8221;true&#8221; link=&#8221;url:http%3A%2F%2Fbrosa.es%2Fblog|||&#8221;][vc_empty_space][\/vc_column][\/vc_row][vc_row][vc_column][vc_text_separator title=&#8221;Publications&#8221; el_class=&#8221;separador-actualidad&#8221;][\/vc_column][\/vc_row][vc_row][vc_column width=&#8221;1\/4&#8243;][vc_single_image image=&#8221;6715&#8243; img_size=&#8221;full&#8221; alignment=&#8221;center&#8221;][\/vc_column][vc_column width=&#8221;3\/4&#8243;][vc_column_text]\n<h3>C\u00f3digo Concursal de la Empresa<\/h3>\n<p>Author: <strong>Marta Brosa<\/strong>. Publisher: <strong>Difusi\u00f3n Jur\u00eddica<\/strong> (Madrid 2010)<\/p>\n<p>This work aims to compile the legislation applicable to insolvency situations from the general business perspective, without addressing special sectors.<\/p>\n<p>It consists of two blocks. The first, includes the specifically insolvency regulations, which contains LO 8\/2003 of Reform Bankruptcy of the Judicial Branch; The Law 22\/2003 Insolvency &#8211; modified by the RDL 3\/2009 and the Law 13 \/ 2009-; RD 685\/2005 on advertising of bankruptcy resolutions; RD 1860\/2004 on fee of rights of insolvency administrators; And Directive 2008\/94 \/ EC on the protection of employees in the event of the insolvency of the employer.<\/p>\n<p>The second includes the main normative references to insolvency situations dispersed in the legal system, systematized by subject matter.[\/vc_column_text][\/vc_column][\/vc_row]\n","protected":false},"excerpt":{"rendered":"<p>[vc_row equal_height=&#8221;yes&#8221;][vc_column][vc_text_separator title=&#8221;Blog&#8221; el_class=&#8221;separador-actualidad&#8221;][vc_basic_grid post_type=&#8221;post&#8221; max_items=&#8221;3&#8243; item=&#8221;7392&#8243; grid_id=&#8221;vc_gid:1489165259296-c1a7cbe8-2498-2&#8243;][vc_btn title=&#8221;Read all articles&#8221; shape=&#8221;square&#8221; color=&#8221;warning&#8221; align=&#8221;center&#8221; i_icon_fontawesome=&#8221;fa fa-arrow-right&#8221; add_icon=&#8221;true&#8221; link=&#8221;url:http%3A%2F%2Fbrosa.es%2Fblog|||&#8221;][vc_empty_space][\/vc_column][\/vc_row][vc_row][vc_column][vc_text_separator title=&#8221;Publications&#8221; el_class=&#8221;separador-actualidad&#8221;][\/vc_column][\/vc_row][vc_row][vc_column width=&#8221;1\/4&#8243;][vc_single_image image=&#8221;6715&#8243; img_size=&#8221;full&#8221; alignment=&#8221;center&#8221;][\/vc_column][vc_column width=&#8221;3\/4&#8243;][vc_column_text] C\u00f3digo Concursal de la Empresa Author: Marta Brosa. Publisher: Difusi\u00f3n Jur\u00eddica (Madrid 2010) This work aims to compile the legislation applicable to insolvency situations from the general business perspective, without&#8230;<\/p>\n","protected":false},"author":1,"featured_media":0,"parent":0,"menu_order":0,"comment_status":"closed","ping_status":"closed","template":"","meta":[],"_links":{"self":[{"href":"https:\/\/brosa.es\/en\/wp-json\/wp\/v2\/pages\/7066"}],"collection":[{"href":"https:\/\/brosa.es\/en\/wp-json\/wp\/v2\/pages"}],"about":[{"href":"https:\/\/brosa.es\/en\/wp-json\/wp\/v2\/types\/page"}],"author":[{"embeddable":true,"href":"https:\/\/brosa.es\/en\/wp-json\/wp\/v2\/users\/1"}],"replies":[{"embeddable":true,"href":"https:\/\/brosa.es\/en\/wp-json\/wp\/v2\/comments?post=7066"}],"version-history":[{"count":5,"href":"https:\/\/brosa.es\/en\/wp-json\/wp\/v2\/pages\/7066\/revisions"}],"predecessor-version":[{"id":7395,"href":"https:\/\/brosa.es\/en\/wp-json\/wp\/v2\/pages\/7066\/revisions\/7395"}],"wp:attachment":[{"href":"https:\/\/brosa.es\/en\/wp-json\/wp\/v2\/media?parent=7066"}],"curies":[{"name":"wp","href":"https:\/\/api.w.org\/{rel}","templated":true}]}}