{"id":7238,"date":"2017-03-10T11:23:27","date_gmt":"2017-03-10T10:23:27","guid":{"rendered":"http:\/\/brosa.es\/team\/"},"modified":"2025-11-17T10:47:10","modified_gmt":"2025-11-17T09:47:10","slug":"team","status":"publish","type":"page","link":"https:\/\/brosa.es\/en\/team\/","title":{"rendered":"Team"},"content":{"rendered":"<p>[vc_row][vc_column][vc_text_separator title=&#8221;Partners&#8221;][\/vc_column][\/vc_row][vc_row][vc_column width=&#8221;1\/3&#8243;][vc_column_text]<div class=\"cmsms_our_team_wrap\"><div class=\"wrap_person\"><figure><a href=\"#\" data-group=\"img_7238\" title=\"Team\" class=\"preloader\"><img width=\"400\" height=\"300\" src=\"https:\/\/brosa.es\/wp-content\/uploads\/2017\/02\/jaume-brosa.jpg\" class=\"fullwidth\" alt=\"\" decoding=\"async\" loading=\"lazy\" srcset=\"https:\/\/brosa.es\/wp-content\/uploads\/2017\/02\/jaume-brosa.jpg 400w, https:\/\/brosa.es\/wp-content\/uploads\/2017\/02\/jaume-brosa-300x225.jpg 300w\" sizes=\"(max-width: 400px) 100vw, 400px\" \/><\/a><\/figure><div class=\"cmsms_team_rollover\"><\/div><\/div><div class=\"cmsms_header_wrap\"><header class=\"entry-header\"><h5 class=\"person_title\">Jaume Brosa<\/h5><p class=\"person_subtitle\">Lawyer<\/p><\/header><div class=\"entry-content\">\n<p>Lawyer. Degree in Business Administration. Member of the Corporate and Commercial Department and IT Department. Specialised in Foreign Trade and Information Society Services Law.<\/p>\n<p style=\"text-align: center;\"><\/div><\/div><\/div>\n[\/vc_column_text][\/vc_column][vc_column width=&#8221;1\/3&#8243;][vc_column_text]<div class=\"cmsms_our_team_wrap\"><div class=\"wrap_person\"><figure><a href=\"#\" data-group=\"img_7238\" title=\"Team\" class=\"preloader\"><img width=\"400\" height=\"300\" src=\"https:\/\/brosa.es\/wp-content\/uploads\/2017\/02\/jordi-brosa.jpg\" class=\"fullwidth\" alt=\"\" decoding=\"async\" loading=\"lazy\" srcset=\"https:\/\/brosa.es\/wp-content\/uploads\/2017\/02\/jordi-brosa.jpg 400w, https:\/\/brosa.es\/wp-content\/uploads\/2017\/02\/jordi-brosa-300x225.jpg 300w\" sizes=\"(max-width: 400px) 100vw, 400px\" \/><\/a><\/figure><div class=\"cmsms_team_rollover\"><\/div><\/div><div class=\"cmsms_header_wrap\"><header class=\"entry-header\"><h5 class=\"person_title\">Jordi Brosa<\/h5><p class=\"person_subtitle\">Lawyer<\/p><\/header><div class=\"entry-content\">\n<p>Lawyer. Degree in Business Administration. Member of the Corporate and Commercial Department and Food Law Department. Specialised in Pharmaceutical Law, Property Law and Insolvency Law.<\/p>\n<p class=\"txt\" style=\"text-align: center;\"><\/div><\/div><\/div>\n[\/vc_column_text][\/vc_column][vc_column width=&#8221;1\/3&#8243;][vc_column_text]<div class=\"cmsms_our_team_wrap\"><div class=\"wrap_person\"><figure><a href=\"#\" data-group=\"img_7238\" title=\"Team\" class=\"preloader\"><img width=\"400\" height=\"300\" src=\"https:\/\/brosa.es\/wp-content\/uploads\/2017\/02\/marta-brosa.jpg\" class=\"fullwidth\" alt=\"\" decoding=\"async\" loading=\"lazy\" srcset=\"https:\/\/brosa.es\/wp-content\/uploads\/2017\/02\/marta-brosa.jpg 400w, https:\/\/brosa.es\/wp-content\/uploads\/2017\/02\/marta-brosa-300x225.jpg 300w\" sizes=\"(max-width: 400px) 100vw, 400px\" \/><\/a><\/figure><div class=\"cmsms_team_rollover\"><\/div><\/div><div class=\"cmsms_header_wrap\"><header class=\"entry-header\"><h5 class=\"person_title\">Marta Brosa<\/h5><p class=\"person_subtitle\">Lawyer<\/p><\/header><div class=\"entry-content\">\n<p>Lawyer. Masters Degree in Corporate Law (Instituto de Empresa, Madrid). Member of the Corporate and Commercial Department, Food Law Department and Litigation Department. Specialised in corporate conflicts, Food Law and Transport Law.<\/p>\n<p class=\"txt\" style=\"text-align: center;\"><\/div><\/div><\/div>\n[\/vc_column_text][\/vc_column][\/vc_row][vc_row][vc_column width=&#8221;1\/3&#8243;][vc_column_text]<div class=\"cmsms_our_team_wrap\"><div class=\"wrap_person\"><figure><a href=\"#\" data-group=\"img_7238\" title=\"Team\" class=\"preloader\"><img width=\"400\" height=\"300\" src=\"https:\/\/brosa.es\/wp-content\/uploads\/2017\/02\/pere-casanovas.jpg\" class=\"fullwidth\" alt=\"\" decoding=\"async\" loading=\"lazy\" srcset=\"https:\/\/brosa.es\/wp-content\/uploads\/2017\/02\/pere-casanovas.jpg 400w, https:\/\/brosa.es\/wp-content\/uploads\/2017\/02\/pere-casanovas-300x225.jpg 300w\" sizes=\"(max-width: 400px) 100vw, 400px\" \/><\/a><\/figure><div class=\"cmsms_team_rollover\"><\/div><\/div><div class=\"cmsms_header_wrap\"><header class=\"entry-header\"><h5 class=\"person_title\">Pere Casanova<\/h5><p class=\"person_subtitle\">Economist<\/p><\/header><div class=\"entry-content\">\n<p>Degree in Business Administration (Pompeu Fabra University). Masters Degree in Financial Management (I.D.E.C. Pompeu Fabra University). Graduate in Business Administration (U.O.C.). Director of the Administration and Finance Department and member of the Tax and Economic-Financial Department. Specialised in financial advisory and management control consulting.<\/p>\n<p class=\"txt\" style=\"text-align: center;\"><\/div><\/div><\/div>\n[\/vc_column_text][\/vc_column][vc_column width=&#8221;1\/3&#8243;][vc_column_text]<div class=\"cmsms_our_team_wrap\"><div class=\"wrap_person\"><figure><a href=\"#\" data-group=\"img_7238\" title=\"Team\" class=\"preloader\"><img width=\"400\" height=\"300\" src=\"https:\/\/brosa.es\/wp-content\/uploads\/2017\/02\/isabel-escudero.jpg\" class=\"fullwidth\" alt=\"\" decoding=\"async\" loading=\"lazy\" srcset=\"https:\/\/brosa.es\/wp-content\/uploads\/2017\/02\/isabel-escudero.jpg 400w, https:\/\/brosa.es\/wp-content\/uploads\/2017\/02\/isabel-escudero-300x225.jpg 300w\" sizes=\"(max-width: 400px) 100vw, 400px\" \/><\/a><\/figure><div class=\"cmsms_team_rollover\"><\/div><\/div><div class=\"cmsms_header_wrap\"><header class=\"entry-header\"><h5 class=\"person_title\">Isabel Escudero Guti\u00e9rrez<\/h5><p class=\"person_subtitle\">Lawyer<\/p><\/header><div class=\"entry-content\">\n<p>Lawyer. Member of the Spanish Family Lawyers Association. Manager of the Criminal and Family Law Departments.<br \/>\n<\/div><\/div><\/div>[\/vc_column_text][\/vc_column][vc_column width=&#8221;1\/3&#8243;][vc_column_text]<div class=\"cmsms_our_team_wrap\"><div class=\"wrap_person\"><figure><a href=\"#\" data-group=\"img_7238\" title=\"Team\" class=\"preloader\"><img width=\"400\" height=\"300\" src=\"https:\/\/brosa.es\/wp-content\/uploads\/2017\/02\/joan-rius.jpg\" class=\"fullwidth\" alt=\"\" decoding=\"async\" loading=\"lazy\" srcset=\"https:\/\/brosa.es\/wp-content\/uploads\/2017\/02\/joan-rius.jpg 400w, https:\/\/brosa.es\/wp-content\/uploads\/2017\/02\/joan-rius-300x225.jpg 300w\" sizes=\"(max-width: 400px) 100vw, 400px\" \/><\/a><\/figure><div class=\"cmsms_team_rollover\"><\/div><\/div><div class=\"cmsms_header_wrap\"><header class=\"entry-header\"><h5 class=\"person_title\">Joan Rius Duch<\/h5><p class=\"person_subtitle\">Economist<\/p><\/header><div class=\"entry-content\">\n<p class=\"txt\">Degree in Business Administration. Masters Degree in Tax Law from the Ateneu Tributari de Barcelona. Member of the Central Registry of Tax Advisors of the Consejo de Colegios de Titulares Mercantiles y Empresa\u00adriales.\u00a0Member of the Tax and Financial Advice Depart\u00adment. Specialised in local taxes and local adminis\u00adtration.<\/p>\n<p class=\"txt\" style=\"text-align: center;\"><\/div><\/div><\/div>\n[\/vc_column_text][\/vc_column][\/vc_row][vc_row][vc_column width=&#8221;1\/3&#8243;][vc_column_text]<div class=\"cmsms_our_team_wrap\"><div class=\"wrap_person\"><figure><a href=\"#\" data-group=\"img_7238\" title=\"Team\" class=\"preloader\"><img width=\"400\" height=\"300\" src=\"https:\/\/brosa.es\/wp-content\/uploads\/2017\/02\/genis-torres.jpg\" class=\"fullwidth\" alt=\"\" decoding=\"async\" loading=\"lazy\" srcset=\"https:\/\/brosa.es\/wp-content\/uploads\/2017\/02\/genis-torres.jpg 400w, https:\/\/brosa.es\/wp-content\/uploads\/2017\/02\/genis-torres-300x225.jpg 300w\" sizes=\"(max-width: 400px) 100vw, 400px\" \/><\/a><\/figure><div class=\"cmsms_team_rollover\"><\/div><\/div><div class=\"cmsms_header_wrap\"><header class=\"entry-header\"><h5 class=\"person_title\">Gen\u00eds Torres Marim\u00f3n<\/h5><p class=\"person_subtitle\">Economist<\/p><\/header><div class=\"entry-content\">\n<p class=\"txt\">Accountant, Economist and Lawyer. <\/div><\/div><\/div>\n[\/vc_column_text][\/vc_column][vc_column width=&#8221;1\/3&#8243;][\/vc_column][vc_column width=&#8221;1\/3&#8243;][\/vc_column][\/vc_row][vc_row][vc_column][vc_text_separator title=&#8221;Professionals \/ Of Counsel&#8221;][\/vc_column][\/vc_row][vc_row][vc_column width=&#8221;1\/3&#8243;][vc_column_text]<div class=\"cmsms_our_team_wrap\"><div class=\"wrap_person\"><figure><a href=\"#\" data-group=\"img_7238\" title=\"Team\" class=\"preloader\"><img width=\"400\" height=\"300\" src=\"https:\/\/brosa.es\/wp-content\/uploads\/2017\/02\/josep-bertran.jpg\" class=\"fullwidth\" alt=\"\" decoding=\"async\" loading=\"lazy\" srcset=\"https:\/\/brosa.es\/wp-content\/uploads\/2017\/02\/josep-bertran.jpg 400w, https:\/\/brosa.es\/wp-content\/uploads\/2017\/02\/josep-bertran-300x225.jpg 300w\" sizes=\"(max-width: 400px) 100vw, 400px\" \/><\/a><\/figure><div class=\"cmsms_team_rollover\"><\/div><\/div><div class=\"cmsms_header_wrap\"><header class=\"entry-header\"><h5 class=\"person_title\">Josep Bertr\u00e1n Forn\u00f3s<\/h5><p class=\"person_subtitle\">Lawyer<\/p><\/header><div class=\"entry-content\">\n<p>Transport Law Department<\/p>\n<p style=\"text-align: center;\"><\/div><\/div><\/div>\n[\/vc_column_text][\/vc_column][vc_column width=&#8221;1\/3&#8243;][vc_column_text]<div class=\"cmsms_our_team_wrap\"><div class=\"wrap_person\"><figure><a href=\"#\" data-group=\"img_7238\" title=\"Team\" class=\"preloader\"><img width=\"400\" height=\"300\" src=\"https:\/\/brosa.es\/wp-content\/uploads\/2017\/02\/angeles-subira-1.jpg\" class=\"fullwidth\" alt=\"\" decoding=\"async\" loading=\"lazy\" srcset=\"https:\/\/brosa.es\/wp-content\/uploads\/2017\/02\/angeles-subira-1.jpg 400w, https:\/\/brosa.es\/wp-content\/uploads\/2017\/02\/angeles-subira-1-300x225.jpg 300w\" sizes=\"(max-width: 400px) 100vw, 400px\" \/><\/a><\/figure><div class=\"cmsms_team_rollover\"><\/div><\/div><div class=\"cmsms_header_wrap\"><header class=\"entry-header\"><h5 class=\"person_title\">\u00c1ngeles Subir\u00e1 Go\u00f1i<\/h5><p class=\"person_subtitle\">Lawyer<\/p><\/header><div class=\"entry-content\">\n<p>Corporate and Commercial Department (Insolvency and Transport Law) and Litigation Department<\/p>\n<p class=\"txt\" style=\"text-align: center;\"><\/div><\/div><\/div>\n[\/vc_column_text][\/vc_column][vc_column width=&#8221;1\/3&#8243;][vc_column_text]<div class=\"cmsms_our_team_wrap\"><div class=\"wrap_person\"><figure><a href=\"#\" data-group=\"img_7238\" title=\"Team\" class=\"preloader\"><img width=\"400\" height=\"300\" src=\"https:\/\/brosa.es\/wp-content\/uploads\/2017\/02\/gerard-moliner.jpg\" class=\"fullwidth\" alt=\"\" decoding=\"async\" loading=\"lazy\" srcset=\"https:\/\/brosa.es\/wp-content\/uploads\/2017\/02\/gerard-moliner.jpg 400w, https:\/\/brosa.es\/wp-content\/uploads\/2017\/02\/gerard-moliner-300x225.jpg 300w\" sizes=\"(max-width: 400px) 100vw, 400px\" \/><\/a><\/figure><div class=\"cmsms_team_rollover\"><\/div><\/div><div class=\"cmsms_header_wrap\"><header class=\"entry-header\"><h5 class=\"person_title\">Gerard Moliner<\/h5><p class=\"person_subtitle\">Economist<\/p><\/header><div class=\"entry-content\">\n<p>Accounting and Tax Department<\/p>\n<\/div><\/div><\/div>[\/vc_column_text][\/vc_column][\/vc_row][vc_row][vc_column width=&#8221;1\/3&#8243;][vc_column_text]<div class=\"cmsms_our_team_wrap\"><div class=\"wrap_person\"><figure><a href=\"#\" data-group=\"img_7238\" title=\"Team\" class=\"preloader\"><img width=\"470\" height=\"376\" src=\"https:\/\/brosa.es\/wp-content\/uploads\/2017\/02\/Foto-Paolo-Indolfi.jpg\" class=\"fullwidth\" alt=\"\" decoding=\"async\" loading=\"lazy\" srcset=\"https:\/\/brosa.es\/wp-content\/uploads\/2017\/02\/Foto-Paolo-Indolfi.jpg 470w, https:\/\/brosa.es\/wp-content\/uploads\/2017\/02\/Foto-Paolo-Indolfi-300x240.jpg 300w\" sizes=\"(max-width: 470px) 100vw, 470px\" \/><\/a><\/figure><div class=\"cmsms_team_rollover\"><\/div><\/div><div class=\"cmsms_header_wrap\"><header class=\"entry-header\"><h5 class=\"person_title\">Paolo Indolfi<\/h5><p class=\"person_subtitle\">Lawyer<\/p><\/header><div class=\"entry-content\">\n<p>Corporate and Commercial Department<\/p>\n<p class=\"txt\" style=\"text-align: center;\"><\/div><\/div><\/div>\n[\/vc_column_text][\/vc_column][vc_column width=&#8221;1\/3&#8243;][vc_column_text]<div class=\"cmsms_our_team_wrap\"><div class=\"wrap_person\"><figure><a href=\"#\" data-group=\"img_7238\" title=\"Team\" class=\"preloader\"><img width=\"470\" height=\"376\" src=\"https:\/\/brosa.es\/wp-content\/uploads\/2017\/02\/Francisco-Javier-Saguar.jpg\" class=\"fullwidth\" alt=\"\" decoding=\"async\" loading=\"lazy\" srcset=\"https:\/\/brosa.es\/wp-content\/uploads\/2017\/02\/Francisco-Javier-Saguar.jpg 470w, https:\/\/brosa.es\/wp-content\/uploads\/2017\/02\/Francisco-Javier-Saguar-300x240.jpg 300w\" sizes=\"(max-width: 470px) 100vw, 470px\" \/><\/a><\/figure><div class=\"cmsms_team_rollover\"><\/div><\/div><div class=\"cmsms_header_wrap\"><header class=\"entry-header\"><h5 class=\"person_title\">Francisco Javier Saguar Quer <\/h5><p class=\"person_subtitle\">Lawyer<\/p><\/header><div class=\"entry-content\">\n<p>Corporate and Commercial Department (Banking Law)<\/p>\n<p style=\"text-align: center;\"><\/div><\/div><\/div>\n[\/vc_column_text][\/vc_column][vc_column width=&#8221;1\/3&#8243;][\/vc_column][\/vc_row][vc_row][vc_column][vc_text_separator title=&#8221;Administration&#8221;][\/vc_column][\/vc_row][vc_row][vc_column][vc_column_text][\/vc_column_text][\/vc_column][\/vc_row][vc_row][vc_column width=&#8221;1\/3&#8243;][vc_column_text]<div class=\"cmsms_our_team_wrap\"><div class=\"wrap_person\"><figure><a href=\"#\" data-group=\"img_7238\" title=\"Team\" class=\"preloader\"><img width=\"400\" height=\"300\" src=\"https:\/\/brosa.es\/wp-content\/uploads\/2017\/02\/montse-chicharro.jpg\" class=\"fullwidth\" alt=\"\" decoding=\"async\" loading=\"lazy\" srcset=\"https:\/\/brosa.es\/wp-content\/uploads\/2017\/02\/montse-chicharro.jpg 400w, https:\/\/brosa.es\/wp-content\/uploads\/2017\/02\/montse-chicharro-300x225.jpg 300w\" sizes=\"(max-width: 400px) 100vw, 400px\" \/><\/a><\/figure><div class=\"cmsms_team_rollover\"><\/div><\/div><div class=\"cmsms_header_wrap\"><header class=\"entry-header\"><h5 class=\"person_title\">Montse Chicharro Agueda<\/h5><\/header><div class=\"entry-content\">\n<p style=\"text-align: center;\"><\/div><\/div><\/div>\n[\/vc_column_text][\/vc_column][vc_column width=&#8221;1\/3&#8243;][vc_column_text]<div class=\"cmsms_our_team_wrap\"><div class=\"wrap_person\"><figure><a href=\"#\" data-group=\"img_7238\" title=\"Team\" class=\"preloader\"><img width=\"400\" height=\"300\" src=\"https:\/\/brosa.es\/wp-content\/uploads\/2017\/03\/judit-perarnau.jpg\" class=\"fullwidth\" alt=\"\" decoding=\"async\" loading=\"lazy\" srcset=\"https:\/\/brosa.es\/wp-content\/uploads\/2017\/03\/judit-perarnau.jpg 400w, https:\/\/brosa.es\/wp-content\/uploads\/2017\/03\/judit-perarnau-300x225.jpg 300w\" sizes=\"(max-width: 400px) 100vw, 400px\" \/><\/a><\/figure><div class=\"cmsms_team_rollover\"><\/div><\/div><div class=\"cmsms_header_wrap\"><header class=\"entry-header\"><h5 class=\"person_title\">Judit Perarnau Berruezo<\/h5><\/header><div class=\"entry-content\">\n<p style=\"text-align: center;\"><\/div><\/div><\/div>\n[\/vc_column_text][\/vc_column][vc_column width=&#8221;1\/3&#8243;][vc_column_text el_class=&#8221;professional-filtre&#8221;]<div class=\"cmsms_our_team_wrap\"><div class=\"wrap_person\"><figure><a href=\"#\" data-group=\"img_7238\" title=\"Team\" class=\"preloader\"><img width=\"400\" height=\"300\" src=\"https:\/\/brosa.es\/wp-content\/uploads\/2024\/12\/julia-cruz.jpg\" class=\"fullwidth\" alt=\"\" decoding=\"async\" loading=\"lazy\" srcset=\"https:\/\/brosa.es\/wp-content\/uploads\/2024\/12\/julia-cruz.jpg 400w, https:\/\/brosa.es\/wp-content\/uploads\/2024\/12\/julia-cruz-300x225.jpg 300w\" sizes=\"(max-width: 400px) 100vw, 400px\" \/><\/a><\/figure><div class=\"cmsms_team_rollover\"><\/div><\/div><div class=\"cmsms_header_wrap\"><header class=\"entry-header\"><h5 class=\"person_title\">J\u00falia Cruz<\/h5><\/header><div class=\"entry-content\">\n<p style=\"text-align: center;\"><\/div><\/div><\/div>\n[\/vc_column_text][\/vc_column][\/vc_row]\n","protected":false},"excerpt":{"rendered":"<p>[vc_row][vc_column][vc_text_separator title=&#8221;Partners&#8221;][\/vc_column][\/vc_row][vc_row][vc_column width=&#8221;1\/3&#8243;][vc_column_text] [\/vc_column_text][\/vc_column][vc_column width=&#8221;1\/3&#8243;][vc_column_text] [\/vc_column_text][\/vc_column][vc_column width=&#8221;1\/3&#8243;][vc_column_text] [\/vc_column_text][\/vc_column][\/vc_row][vc_row][vc_column width=&#8221;1\/3&#8243;][vc_column_text] [\/vc_column_text][\/vc_column][vc_column width=&#8221;1\/3&#8243;][vc_column_text][\/vc_column_text][\/vc_column][vc_column width=&#8221;1\/3&#8243;][vc_column_text] [\/vc_column_text][\/vc_column][\/vc_row][vc_row][vc_column width=&#8221;1\/3&#8243;][vc_column_text] [\/vc_column_text][\/vc_column][vc_column width=&#8221;1\/3&#8243;][\/vc_column][vc_column width=&#8221;1\/3&#8243;][\/vc_column][\/vc_row][vc_row][vc_column][vc_text_separator title=&#8221;Professionals \/ Of Counsel&#8221;][\/vc_column][\/vc_row][vc_row][vc_column width=&#8221;1\/3&#8243;][vc_column_text] [\/vc_column_text][\/vc_column][vc_column width=&#8221;1\/3&#8243;][vc_column_text] [\/vc_column_text][\/vc_column][vc_column width=&#8221;1\/3&#8243;][vc_column_text][\/vc_column_text][\/vc_column][\/vc_row][vc_row][vc_column width=&#8221;1\/3&#8243;][vc_column_text] [\/vc_column_text][\/vc_column][vc_column width=&#8221;1\/3&#8243;][vc_column_text] [\/vc_column_text][\/vc_column][vc_column width=&#8221;1\/3&#8243;][\/vc_column][\/vc_row][vc_row][vc_column][vc_text_separator title=&#8221;Administration&#8221;][\/vc_column][\/vc_row][vc_row][vc_column][vc_column_text][\/vc_column_text][\/vc_column][\/vc_row][vc_row][vc_column width=&#8221;1\/3&#8243;][vc_column_text] [\/vc_column_text][\/vc_column][vc_column width=&#8221;1\/3&#8243;][vc_column_text] [\/vc_column_text][\/vc_column][vc_column width=&#8221;1\/3&#8243;][vc_column_text el_class=&#8221;professional-filtre&#8221;] [\/vc_column_text][\/vc_column][\/vc_row]<\/p>\n","protected":false},"author":1,"featured_media":0,"parent":0,"menu_order":0,"comment_status":"closed","ping_status":"closed","template":"","meta":[],"_links":{"self":[{"href":"https:\/\/brosa.es\/en\/wp-json\/wp\/v2\/pages\/7238"}],"collection":[{"href":"https:\/\/brosa.es\/en\/wp-json\/wp\/v2\/pages"}],"about":[{"href":"https:\/\/brosa.es\/en\/wp-json\/wp\/v2\/types\/page"}],"author":[{"embeddable":true,"href":"https:\/\/brosa.es\/en\/wp-json\/wp\/v2\/users\/1"}],"replies":[{"embeddable":true,"href":"https:\/\/brosa.es\/en\/wp-json\/wp\/v2\/comments?post=7238"}],"version-history":[{"count":8,"href":"https:\/\/brosa.es\/en\/wp-json\/wp\/v2\/pages\/7238\/revisions"}],"predecessor-version":[{"id":10120,"href":"https:\/\/brosa.es\/en\/wp-json\/wp\/v2\/pages\/7238\/revisions\/10120"}],"wp:attachment":[{"href":"https:\/\/brosa.es\/en\/wp-json\/wp\/v2\/media?parent=7238"}],"curies":[{"name":"wp","href":"https:\/\/api.w.org\/{rel}","templated":true}]}}