{"id":7762,"date":"2017-03-30T15:39:20","date_gmt":"2017-03-30T14:39:20","guid":{"rendered":"http:\/\/brosa.es\/droit-des-societes\/"},"modified":"2017-03-31T11:46:17","modified_gmt":"2017-03-31T10:46:17","slug":"droit-des-societes","status":"publish","type":"page","link":"https:\/\/brosa.es\/fr\/competences\/droit-des-societes\/","title":{"rendered":"Droit des soci\u00e9t\u00e9s"},"content":{"rendered":"<p>[vc_row][vc_column][vc_column_text]<strong>Le D\u00e9partement du Commerce\u00a0<\/strong>de notre Cabinet est int\u00e8gre par avocats avec une\u00a0 vaste \u00a0formation et une exp\u00e9rience \u00e9conomique consid\u00e9rable, lesquels dans leurs interventions agissent, tout en conservant une vision orient\u00e9e vers les affaires de nos clients et envers leurs valeurs. Pour tout \u00e7a, dans les dossiers\u00a0 qui nous sont confi\u00e9es notre engagement avec le client, comprend questions qui nous confient, c&rsquo;est notre compromis vis \u00e0 vis du client. D&rsquo;autre part, notre rigueur juridique, notre vue d&rsquo;ensemble du sujet, la connaissance du milieu et la d\u00e9fense dynamique des int\u00e9r\u00eats, l&rsquo;implication et l&rsquo;effectivit\u00e9, le sentiment commun et, en fin, des r\u00e9sultats satisfaisants.[\/vc_column_text][\/vc_column][\/vc_row][vc_row][vc_column width=\u00a0\u00bb1\/2&Prime;][vc_column_text]\n<h3>Les contrats<\/h3>\n<ul>\n<li>Contrats de distributions, agences, franchise et tout type de collaboration commerciale; contrats de services; contrats d&rsquo;approvisionnement; contrats pour l&rsquo;ex\u00e9cution des investissements; contrats de gestion; et tous les contrats qui concerne le transit commercial<\/li>\n<li>D\u00e9finition et control des crit\u00e8res fondamentaux du parcours juridique de la documentation ainsi que le control d&rsquo;archives<\/li>\n<li>Formation interne des directeurs<\/li>\n<li>Pr\u00e9vision des risques de la client\u00e8le et control des m\u00e9canismes de la garantie<\/li>\n<li>N\u00e9gociations strat\u00e9giques des contrats<\/li>\n<li>Evaluation et pr\u00e9voyance des risques de contrats, la pathologie des contrats<\/li>\n<li>R\u00e9siliations et inaccomplissements<\/li>\n<\/ul>\n[\/vc_column_text][\/vc_column][vc_column width=\u00a0\u00bb1\/2&Prime;][vc_column_text]\n<h3>Droit des soci\u00e9t\u00e9s<\/h3>\n<ul>\n<li>Constitution de soci\u00e9t\u00e9s, les structures internationaux et toute sorte de structures associatives (coop\u00e9ratives; soci\u00e9t\u00e9s \u00e0 responsabilit\u00e9 limit\u00e9e; associations; etc.)<\/li>\n<li>Les statuts<\/li>\n<li>Secr\u00e9tariat juridique de partenariat<\/li>\n<li>Assembl\u00e9s G\u00e9n\u00e9rales<\/li>\n<li>Contr\u00f4le de filiales<\/li>\n<li>Restructurations et droits de participation<\/li>\n<li>Dissolutions et situations de crise<\/li>\n<li>Accords entre les partenaires et les syndicats<\/li>\n<li>R\u00e9gime corporatif et la parfaite administration<\/li>\n<li>Responsabilit\u00e9 des administrateurs<\/li>\n<li>L&rsquo;application et protection des droits du partenaire<\/li>\n<li>D\u00e9fense de la minorit\u00e9<\/li>\n<li>Appui juridique aux Conseillers<\/li>\n<li>Relations avec les membres<\/li>\n<li>Conflits entre partenaires<\/li>\n<\/ul>\n[\/vc_column_text][\/vc_column][\/vc_row][vc_row][vc_column width=\u00a0\u00bb1\/2&Prime;][vc_column_text]\n<h3>Acquisitions<\/h3>\n<ul>\n<li>Achats et ventes d&rsquo;entreprises, des secteurs d&rsquo;activit\u00e9s et des actifs<\/li>\n<li>Planification strat\u00e9gique et op\u00e9rative.<\/li>\n<li>Audit l\u00e9gal d&rsquo;achat<\/li>\n<li>N\u00e9gociation<\/li>\n<li>Gestion de l&rsquo;auditorat l\u00e9gal d&rsquo;un point de vue commercial<\/li>\n<li>Evaluation et couverture juridique des risques et d&rsquo;\u00e9ventualit\u00e9s<\/li>\n<li>Structures financi\u00e8res et de garantie<\/li>\n<li>Structures internationales et Investissements \u00e9trangers<\/li>\n<li>Gestion des contingences et des passifs occultes<\/li>\n<li>M\u00e9diation dans les conflits<\/li>\n<\/ul>\n[\/vc_column_text][\/vc_column][vc_column width=\u00a0\u00bb1\/2&Prime;][vc_column_text]\n<h3>La concurrence<\/h3>\n<ul>\n<li>Actes de concurrence d\u00e9loyale<\/li>\n<li>Assurance juridique face \u00e0 des collaborateurs malhonn\u00eates<\/li>\n<li>M\u00e9canismes de protections des secrets commerciales et de la confidentialit\u00e9<\/li>\n<li>Op\u00e9rations de regroupement national et dans le milieu de la C.E.E.<\/li>\n<li>Gestions des proc\u00e8s devant les organes pour la d\u00e9fense de la concurrence au niveau national ou europ\u00e9en<\/li>\n<\/ul>\n[\/vc_column_text][\/vc_column][\/vc_row][vc_row][vc_column width=\u00a0\u00bb1\/2&Prime;][vc_column_text]\n<h3>Publicit\u00e9 et consommation<\/h3>\n<ul>\n<li>L\u00e9gislation publicitaire<\/li>\n<li>Contrats de publicit\u00e9, de patronage, achats des medias, t\u00e9l\u00e9marketing et promotion<\/li>\n<li>Exploitation des droits d&rsquo;images<\/li>\n<li>D\u00e9fense des consommateurs<\/li>\n<li>Responsabilit\u00e9 sur le produit; avertissements sur le produit<\/li>\n<\/ul>\n[\/vc_column_text][\/vc_column][vc_column width=\u00a0\u00bb1\/2&Prime;][vc_column_text]\n<h3>March\u00e9s financiers<\/h3>\n<ul>\n<li>R\u00e9gime juridique des Entreprise de Services d&rsquo;Investissement<\/li>\n<li>Entreprises cot\u00e9es; op\u00e9rations d&rsquo;admissions et d&rsquo;exclusions; l&rsquo;application du r\u00e8glement<\/li>\n<li>Contrats de services financiers<\/li>\n<li>D\u00e9fense du l&rsquo;investisseur<\/li>\n<li>OPAS et contre OPAS<\/li>\n<li>Relations avec la CNMV; la gestion de la documentation et les communications<\/li>\n<li>L&rsquo;association des actionnaires<\/li>\n<\/ul>\n[\/vc_column_text][\/vc_column][\/vc_row][vc_row][vc_column width=\u00a0\u00bb1\/2&Prime;][vc_column_text]\n<h3>L&rsquo;immobilier, edification et ing\u00e9nierie<\/h3>\n<ul>\n<li>La propret\u00e9 et les droits sur les biens<\/li>\n<li>Auditorat d&rsquo;achats<\/li>\n<li>Les fermages et le bail<\/li>\n<li>Acquisition d&rsquo;immeubles destin\u00e9s \u00e0 des activit\u00e9s litigieuses<\/li>\n<li>Achats des terrains, immeubles et des complexes<\/li>\n<li>Contrats de construction; de cl\u00e9 en main; contrat d&rsquo;ing\u00e9nierie; de gestion de projets; de direction technique; de commercialisation; d&rsquo;exploitation; d&rsquo;h\u00f4tellerie; contrat \u00e0 caract\u00e8re financier; et de tout ce qui concerne le secteur immobilier et de la construction<\/li>\n<li>Le d\u00e9lai de construction, inaccomplissement des contrats, p\u00e9nalisations et d\u00e9viations<\/li>\n<li>D\u00e9fauts et anomalies dans la construction<\/li>\n<\/ul>\n[\/vc_column_text][\/vc_column][vc_column width=\u00a0\u00bb1\/2&Prime;][vc_column_text]\n<h3>Entreprise familiale<\/h3>\n<ul>\n<li>Protocoles familiaux<\/li>\n<li>Organes gouvernementaux; relations entre les institutions et la famille<\/li>\n<li>Planification successorale<\/li>\n<li>Structure juridique pour l&rsquo;optimalisation fiscale<\/li>\n<\/ul>\n[\/vc_column_text][\/vc_column][\/vc_row]\n","protected":false},"excerpt":{"rendered":"<p>[vc_row][vc_column][vc_column_text]Le D\u00e9partement du Commerce\u00a0de notre Cabinet est int\u00e8gre par avocats avec une\u00a0 vaste \u00a0formation et une exp\u00e9rience \u00e9conomique consid\u00e9rable, lesquels dans leurs interventions agissent, tout en conservant une vision orient\u00e9e vers les affaires de nos clients et envers leurs valeurs. Pour tout \u00e7a, dans les dossiers\u00a0 qui nous sont confi\u00e9es notre engagement avec le client,&#8230;<\/p>\n","protected":false},"author":1,"featured_media":0,"parent":7885,"menu_order":0,"comment_status":"closed","ping_status":"closed","template":"","meta":[],"_links":{"self":[{"href":"https:\/\/brosa.es\/fr\/wp-json\/wp\/v2\/pages\/7762"}],"collection":[{"href":"https:\/\/brosa.es\/fr\/wp-json\/wp\/v2\/pages"}],"about":[{"href":"https:\/\/brosa.es\/fr\/wp-json\/wp\/v2\/types\/page"}],"author":[{"embeddable":true,"href":"https:\/\/brosa.es\/fr\/wp-json\/wp\/v2\/users\/1"}],"replies":[{"embeddable":true,"href":"https:\/\/brosa.es\/fr\/wp-json\/wp\/v2\/comments?post=7762"}],"version-history":[{"count":5,"href":"https:\/\/brosa.es\/fr\/wp-json\/wp\/v2\/pages\/7762\/revisions"}],"predecessor-version":[{"id":7945,"href":"https:\/\/brosa.es\/fr\/wp-json\/wp\/v2\/pages\/7762\/revisions\/7945"}],"up":[{"embeddable":true,"href":"https:\/\/brosa.es\/fr\/wp-json\/wp\/v2\/pages\/7885"}],"wp:attachment":[{"href":"https:\/\/brosa.es\/fr\/wp-json\/wp\/v2\/media?parent=7762"}],"curies":[{"name":"wp","href":"https:\/\/api.w.org\/{rel}","templated":true}]}}