{"id":7791,"date":"2017-03-30T18:05:57","date_gmt":"2017-03-30T17:05:57","guid":{"rendered":"http:\/\/brosa.es\/droit-procedural\/"},"modified":"2017-04-05T12:59:39","modified_gmt":"2017-04-05T11:59:39","slug":"droit-procedural","status":"publish","type":"page","link":"https:\/\/brosa.es\/fr\/competences\/droit-procedural\/","title":{"rendered":"Droit proc\u00e9dural"},"content":{"rendered":"<p>[vc_row][vc_column][vc_column_text]Le conseil juridique et l&rsquo;exercice du droit de la d\u00e9fense le plus complet et le plus efficace comprennent tous les \u00e9l\u00e9ments afin de d\u00e9fendre le client devant n&rsquo;importe quel ordre judiciaire infligeant une solution arbitrale.\u00a0<strong>BROSA<\/strong>\u00a0pense qu&rsquo;il ne faut jamais \u00e9carter l&rsquo;opportunit\u00e9 et la bont\u00e9 des solutions extrajudiciaires ou transactionnelles.<\/p>\n<ul>\n<li>Droit commercial et civil<\/li>\n<li>Responsabilit\u00e9 pour dommages et int\u00e9r\u00eats<\/li>\n<li>Le contentieux administratif<\/li>\n<li>Droit constitutionnel<\/li>\n<li>Recours pr\u00e9judiciels europ\u00e9ens.<\/li>\n<li>Arbitrages nationaux et internationaux<\/li>\n<li>Transactions judiciaires et extrajudiciaires<\/li>\n<\/ul>\n[\/vc_column_text][\/vc_column][\/vc_row]\n","protected":false},"excerpt":{"rendered":"<p>[vc_row][vc_column][vc_column_text]Le conseil juridique et l&rsquo;exercice du droit de la d\u00e9fense le plus complet et le plus efficace comprennent tous les \u00e9l\u00e9ments afin de d\u00e9fendre le client devant n&rsquo;importe quel ordre judiciaire infligeant une solution arbitrale.\u00a0BROSA\u00a0pense qu&rsquo;il ne faut jamais \u00e9carter l&rsquo;opportunit\u00e9 et la bont\u00e9 des solutions extrajudiciaires ou transactionnelles. Droit commercial et civil Responsabilit\u00e9 pour&#8230;<\/p>\n","protected":false},"author":1,"featured_media":0,"parent":7885,"menu_order":0,"comment_status":"closed","ping_status":"closed","template":"","meta":[],"_links":{"self":[{"href":"https:\/\/brosa.es\/fr\/wp-json\/wp\/v2\/pages\/7791"}],"collection":[{"href":"https:\/\/brosa.es\/fr\/wp-json\/wp\/v2\/pages"}],"about":[{"href":"https:\/\/brosa.es\/fr\/wp-json\/wp\/v2\/types\/page"}],"author":[{"embeddable":true,"href":"https:\/\/brosa.es\/fr\/wp-json\/wp\/v2\/users\/1"}],"replies":[{"embeddable":true,"href":"https:\/\/brosa.es\/fr\/wp-json\/wp\/v2\/comments?post=7791"}],"version-history":[{"count":2,"href":"https:\/\/brosa.es\/fr\/wp-json\/wp\/v2\/pages\/7791\/revisions"}],"predecessor-version":[{"id":7987,"href":"https:\/\/brosa.es\/fr\/wp-json\/wp\/v2\/pages\/7791\/revisions\/7987"}],"up":[{"embeddable":true,"href":"https:\/\/brosa.es\/fr\/wp-json\/wp\/v2\/pages\/7885"}],"wp:attachment":[{"href":"https:\/\/brosa.es\/fr\/wp-json\/wp\/v2\/media?parent=7791"}],"curies":[{"name":"wp","href":"https:\/\/api.w.org\/{rel}","templated":true}]}}