{"id":7793,"date":"2017-03-30T18:06:54","date_gmt":"2017-03-30T17:06:54","guid":{"rendered":"http:\/\/brosa.es\/droit-civil\/"},"modified":"2017-04-05T13:00:20","modified_gmt":"2017-04-05T12:00:20","slug":"droit-civil","status":"publish","type":"page","link":"https:\/\/brosa.es\/fr\/competences\/droit-civil\/","title":{"rendered":"Droit Civil"},"content":{"rendered":"<p>[vc_row][vc_column][vc_column_text]Le d\u00e9partement du droit civil de\u00a0<strong>Brosa Abogados y Economistas<\/strong>, en collaboration avec les d\u00e9partements du droit commercial et fiscal, vous offre du conseil l\u00e9gal sur des affaires contractuels, du droit de la famille et des successions.<\/p>\n<ul>\n<li>Contrats<\/li>\n<li>Droits r\u00e9els<\/li>\n<li>Succession dans les entreprises familiales<\/li>\n<li>Succession des patrimoines particuliers<\/li>\n<li>Fondations et associations<\/li>\n<\/ul>\n[\/vc_column_text][\/vc_column][\/vc_row]\n","protected":false},"excerpt":{"rendered":"<p>[vc_row][vc_column][vc_column_text]Le d\u00e9partement du droit civil de\u00a0Brosa Abogados y Economistas, en collaboration avec les d\u00e9partements du droit commercial et fiscal, vous offre du conseil l\u00e9gal sur des affaires contractuels, du droit de la famille et des successions. Contrats Droits r\u00e9els Succession dans les entreprises familiales Succession des patrimoines particuliers Fondations et associations [\/vc_column_text][\/vc_column][\/vc_row]<\/p>\n","protected":false},"author":1,"featured_media":0,"parent":7885,"menu_order":0,"comment_status":"closed","ping_status":"closed","template":"","meta":[],"_links":{"self":[{"href":"https:\/\/brosa.es\/fr\/wp-json\/wp\/v2\/pages\/7793"}],"collection":[{"href":"https:\/\/brosa.es\/fr\/wp-json\/wp\/v2\/pages"}],"about":[{"href":"https:\/\/brosa.es\/fr\/wp-json\/wp\/v2\/types\/page"}],"author":[{"embeddable":true,"href":"https:\/\/brosa.es\/fr\/wp-json\/wp\/v2\/users\/1"}],"replies":[{"embeddable":true,"href":"https:\/\/brosa.es\/fr\/wp-json\/wp\/v2\/comments?post=7793"}],"version-history":[{"count":2,"href":"https:\/\/brosa.es\/fr\/wp-json\/wp\/v2\/pages\/7793\/revisions"}],"predecessor-version":[{"id":7943,"href":"https:\/\/brosa.es\/fr\/wp-json\/wp\/v2\/pages\/7793\/revisions\/7943"}],"up":[{"embeddable":true,"href":"https:\/\/brosa.es\/fr\/wp-json\/wp\/v2\/pages\/7885"}],"wp:attachment":[{"href":"https:\/\/brosa.es\/fr\/wp-json\/wp\/v2\/media?parent=7793"}],"curies":[{"name":"wp","href":"https:\/\/api.w.org\/{rel}","templated":true}]}}