{"id":7795,"date":"2017-03-30T18:09:19","date_gmt":"2017-03-30T17:09:19","guid":{"rendered":"http:\/\/brosa.es\/droit-penal\/"},"modified":"2017-04-05T13:00:49","modified_gmt":"2017-04-05T12:00:49","slug":"droit-penal","status":"publish","type":"page","link":"https:\/\/brosa.es\/fr\/competences\/droit-penal\/","title":{"rendered":"Droit p\u00e9nal"},"content":{"rendered":"<p>[vc_row][vc_column][vc_column_text css=\u00a0\u00bb.vc_custom_1486643179438{margin-bottom: 0px !important;}\u00a0\u00bb]Le Cabinet se consacre enti\u00e8rement aux conseils juridiques de tout ce qui est relatif \u00e0 l&rsquo;entreprise et au contexte qui la contourne. Notre Cabinet accorde \u00e9galement une attention particuli\u00e8re \u00e0 la d\u00e9fense l\u00e9gale dans les proc\u00e8s li\u00e9s \u00e0 tout type de d\u00e9lit en relation avec l&rsquo;activit\u00e9 mercantile et patronale.<\/p>\n<p>A ce qui \u00e9tait mentionn\u00e9 auparavant, on note une demande croissante de consultations juridiques sur les actes illicites de toute sorte, lesquels peuvent surgirent durant la traite ou dans le milieu de l&rsquo;entreprise, nos juristes vous aident \u00e0 les pr\u00e9voir, mais aussi, une fois se produisent, ils vous aident \u00e0 se d\u00e9fendre avec une r\u00e9plique l\u00e9gale et efficace.<\/p>\n<p>Nos experts du D\u00e9partement du Droit P\u00e9nal Patronal, offre des consultations int\u00e9grales avec une pleine capacit\u00e9 professionnelle dans les domaines suivants:[\/vc_column_text][\/vc_column][\/vc_row][vc_row][vc_column width=\u00a0\u00bb1\/2&Prime;][vc_column_text]\n<ul>\n<li>D\u00e9lits de partenariat et administration d\u00e9loyale<\/li>\n<li>D\u00e9lits de faillite et carences punissables<\/li>\n<li>D\u00e9lits \u00e9conomiques au sens le plus large (escroqueries, d\u00e9tournement de fonds, falsification des documents, etc.)<\/li>\n<li>D\u00e9lits sociaux et des accidents du travail. Entreprise et harc\u00e8lement sexuel<\/li>\n<li>D\u00e9lits contre la Tr\u00e9sorerie Publique et la S\u00e9curit\u00e9 Sociale<\/li>\n<\/ul>\n[\/vc_column_text][\/vc_column][vc_column width=\u00a0\u00bb1\/2&Prime;][vc_column_text]\n<ul>\n<li>D\u00e9lits urbanistiques et environnementaux<\/li>\n<li>Entreprise, Administration Publique et les manipulations<\/li>\n<li>D\u00e9lits contre la propri\u00e9t\u00e9 industrielle et intellectuelle<\/li>\n<li>La violation du si\u00e8ge de l&rsquo;entreprise; les secrets de l&rsquo;entreprise et les r\u00e9v\u00e9lations<\/li>\n<li>La protection de la raison sociale de l&rsquo;entreprise. L&rsquo;image de l&rsquo;entreprise en relation avec le fracas judiciaire (cesse de financement, m\u00e9fiance de la client\u00e8le)<\/li>\n<\/ul>\n[\/vc_column_text][\/vc_column][\/vc_row]\n","protected":false},"excerpt":{"rendered":"<p>[vc_row][vc_column][vc_column_text css=\u00a0\u00bb.vc_custom_1486643179438{margin-bottom: 0px !important;}\u00a0\u00bb]Le Cabinet se consacre enti\u00e8rement aux conseils juridiques de tout ce qui est relatif \u00e0 l&rsquo;entreprise et au contexte qui la contourne. Notre Cabinet accorde \u00e9galement une attention particuli\u00e8re \u00e0 la d\u00e9fense l\u00e9gale dans les proc\u00e8s li\u00e9s \u00e0 tout type de d\u00e9lit en relation avec l&rsquo;activit\u00e9 mercantile et patronale. A ce qui&#8230;<\/p>\n","protected":false},"author":1,"featured_media":0,"parent":7885,"menu_order":0,"comment_status":"closed","ping_status":"closed","template":"","meta":[],"_links":{"self":[{"href":"https:\/\/brosa.es\/fr\/wp-json\/wp\/v2\/pages\/7795"}],"collection":[{"href":"https:\/\/brosa.es\/fr\/wp-json\/wp\/v2\/pages"}],"about":[{"href":"https:\/\/brosa.es\/fr\/wp-json\/wp\/v2\/types\/page"}],"author":[{"embeddable":true,"href":"https:\/\/brosa.es\/fr\/wp-json\/wp\/v2\/users\/1"}],"replies":[{"embeddable":true,"href":"https:\/\/brosa.es\/fr\/wp-json\/wp\/v2\/comments?post=7795"}],"version-history":[{"count":4,"href":"https:\/\/brosa.es\/fr\/wp-json\/wp\/v2\/pages\/7795\/revisions"}],"predecessor-version":[{"id":7988,"href":"https:\/\/brosa.es\/fr\/wp-json\/wp\/v2\/pages\/7795\/revisions\/7988"}],"up":[{"embeddable":true,"href":"https:\/\/brosa.es\/fr\/wp-json\/wp\/v2\/pages\/7885"}],"wp:attachment":[{"href":"https:\/\/brosa.es\/fr\/wp-json\/wp\/v2\/media?parent=7795"}],"curies":[{"name":"wp","href":"https:\/\/api.w.org\/{rel}","templated":true}]}}