{"id":7799,"date":"2017-03-30T18:20:26","date_gmt":"2017-03-30T17:20:26","guid":{"rendered":"http:\/\/brosa.es\/droit-administratif\/"},"modified":"2017-04-05T13:01:22","modified_gmt":"2017-04-05T12:01:22","slug":"droit-administratif","status":"publish","type":"page","link":"https:\/\/brosa.es\/fr\/competences\/droit-administratif\/","title":{"rendered":"Droit administratif"},"content":{"rendered":"<p>[vc_row][vc_column][vc_column_text css=\u00a0\u00bb.vc_custom_1486643332476{margin-bottom: 0px !important;}\u00a0\u00bb]L&rsquo;importance des Administrations comme celle d&rsquo;aujourd&rsquo;hui est une r\u00e9alit\u00e9 juridique et \u00e9conomique &#8211; depuis l&rsquo;Union europ\u00e9enne jusqu&rsquo;aux institutions de l&rsquo;administration local, en passant par l&rsquo;Administration G\u00e9n\u00e9rale de l&rsquo;Etat et celles des Communaut\u00e9s Autonomes &#8211; ce fait, est chaque fois plus fr\u00e9quent et plus complexe.\u00a0<strong>BROSA<\/strong>\u00a0jouisse d&rsquo;une comp\u00e9tence juridique assez sp\u00e9cialis\u00e9e, et propose un service de consultations juridiques de bonne qualit\u00e9 dans le domaine du Droit Public, ceci dit, une assistance juridique pendant les d\u00e9marches devant les Administrations Publiques et, surtout, en cas de conflits avec celles-ci. Et, \u00e9ventuellement des conflits avec les instances nationales et supranationales.<\/p>\n<p>Les domaines du Droit Public dans lesquels\u00a0<strong>BROSA<\/strong>\u00a0offre des conseils juridiques, sont les suivants\u00a0:[\/vc_column_text][\/vc_column][\/vc_row][vc_row][vc_column width=\u00a0\u00bb1\/2&Prime;][vc_column_text css=\u00a0\u00bb.vc_custom_1486643372106{margin-bottom: 0px !important;}\u00a0\u00bb]\n<ul>\n<li><strong>Contrats administratifs<\/strong>\u00a0Travaux publiques; services publiques; livraison; assistance technique; consultations et services ; contrats avec les Administrations des travaux publics, etc.<\/li>\n<li><strong>Financement et gestion priv\u00e9e d&rsquo;infrastructures et des services publics: <\/strong>Concessions administratives, Project finance, p\u00e9age, titularisation des actifs et des droits de payement, hypoth\u00e8que de concessions, contrats pignoratifs sur les actions et les participations, etc.<\/li>\n<li><strong>L&rsquo;Urbanisme et le Droit Immobilier<\/strong><a href=\"http:\/\/www.brosa.es\/fra\/asp\/servicios_urbanistico.asp\"><strong>.<\/strong><\/a><strong>-Droit des eaux:\u00a0<\/strong>Approvisionnement d&rsquo;eau, autorisations et concessions, limitation de la propri\u00e9t\u00e9 priv\u00e9, infrastructures hydrauliques, services de distribution et d\u00e9nuement des eaux<\/li>\n<li><strong>Droit publique et maritime<\/strong><\/li>\n<li><strong>Droit des mines:<\/strong>\u00a0Autorisations et concessions, permis d&rsquo;investigation et d&rsquo;exploration, exploitations des mines<\/li>\n<li><strong>L&rsquo;environnement:<\/strong>\u00a0Contr\u00f4le et pr\u00e9vention int\u00e9gr\u00e9e de la contamination, protection contre la contamination atmosph\u00e9rique et acoustique, \u00e9valuation de l&rsquo;impacte environnemental, les r\u00e9sidus, soles contamin\u00e9s, espaces naturels prot\u00e9g\u00e9s, auditorats environnementaux<\/li>\n<li><strong>Droit des march\u00e9s financiers: <\/strong>Intervention administrative aux niveau des march\u00e9s des capitaux, les banques, le march\u00e9 des valeurs et le march\u00e9 des assurances<\/li>\n<li><strong>Droit sur la concurrence:<\/strong>\u00a0Pratiques restrictives de la concurrence, concurrence d\u00e9loyale, regroupement \u00e9conomique, assistance devant la Cour de D\u00e9fense pour la Concurrence, repr\u00e9sentation au niveau de la Commission Europ\u00e9enne et de la Cour Communautaire de Justice<\/li>\n<li><strong>Droit Public sur la consommation<\/strong><\/li>\n<li><strong>Droit Public sur l&rsquo;industrie et l&rsquo;\u00e9conomie<\/strong><\/li>\n<li><strong>Secteurs r\u00e9gul\u00e9s<\/strong><\/li>\n<\/ul>\n[\/vc_column_text][\/vc_column][vc_column width=\u00a0\u00bb1\/2&Prime;][vc_column_text]\n<ul>\n<li>Secteur des t\u00e9l\u00e9communications, secteur de l&rsquo;\u00e9nergie \u00e9lectrique, secteur du GAS ainsi que les hydrauliques et le secteur du courrier postal.<\/li>\n<li>Droit agroalimentaire<\/li>\n<li>Droit des forets et montagnes<\/li>\n<li>Droit sanitaire et pharmaceutique<\/li>\n<li>Partenariat dans les secteurs r\u00e9gul\u00e9s<a href=\"http:\/\/www.brosa.es\/fra\/asp\/servicios_mercantil.asp\">:\u00a0<\/a>Fusions, scission, acquisitions, et autres comme la restructuration d&rsquo;entreprises, due diligence<\/li>\n<li>Expropriation forc\u00e9e<\/li>\n<li>Responsabilit\u00e9 sur le patrimoine des Administrations Publiques<\/li>\n<li>Droit administratif sanctionaire<\/li>\n<li>Droit communautaire europ\u00e9en<\/li>\n<li>Droit public international<\/li>\n<li>Proc\u00e9dures administratives en mati\u00e8re de l&rsquo;urbanisme, proc\u00e9dures d&rsquo;expropriation, de sanction, responsabilit\u00e9 sur les biens patrimoniaux et tributaire, etc.<\/li>\n<li>Proc\u00e8s contentieux administratif<\/li>\n<li>Proc\u00e8s de d\u00e9fense devant le Tribunal Constitutionnel<\/li>\n<li>Proc\u00e8s devant la Commission Europ\u00e9enne et devant le Tribunal de justice de la Communaut\u00e9 Europ\u00e9enne.<\/li>\n<\/ul>\n[\/vc_column_text][\/vc_column][\/vc_row]\n","protected":false},"excerpt":{"rendered":"<p>[vc_row][vc_column][vc_column_text css=\u00a0\u00bb.vc_custom_1486643332476{margin-bottom: 0px !important;}\u00a0\u00bb]L&rsquo;importance des Administrations comme celle d&rsquo;aujourd&rsquo;hui est une r\u00e9alit\u00e9 juridique et \u00e9conomique &#8211; depuis l&rsquo;Union europ\u00e9enne jusqu&rsquo;aux institutions de l&rsquo;administration local, en passant par l&rsquo;Administration G\u00e9n\u00e9rale de l&rsquo;Etat et celles des Communaut\u00e9s Autonomes &#8211; ce fait, est chaque fois plus fr\u00e9quent et plus complexe.\u00a0BROSA\u00a0jouisse d&rsquo;une comp\u00e9tence juridique assez sp\u00e9cialis\u00e9e, et propose un&#8230;<\/p>\n","protected":false},"author":1,"featured_media":0,"parent":7885,"menu_order":0,"comment_status":"closed","ping_status":"closed","template":"","meta":[],"_links":{"self":[{"href":"https:\/\/brosa.es\/fr\/wp-json\/wp\/v2\/pages\/7799"}],"collection":[{"href":"https:\/\/brosa.es\/fr\/wp-json\/wp\/v2\/pages"}],"about":[{"href":"https:\/\/brosa.es\/fr\/wp-json\/wp\/v2\/types\/page"}],"author":[{"embeddable":true,"href":"https:\/\/brosa.es\/fr\/wp-json\/wp\/v2\/users\/1"}],"replies":[{"embeddable":true,"href":"https:\/\/brosa.es\/fr\/wp-json\/wp\/v2\/comments?post=7799"}],"version-history":[{"count":4,"href":"https:\/\/brosa.es\/fr\/wp-json\/wp\/v2\/pages\/7799\/revisions"}],"predecessor-version":[{"id":7940,"href":"https:\/\/brosa.es\/fr\/wp-json\/wp\/v2\/pages\/7799\/revisions\/7940"}],"up":[{"embeddable":true,"href":"https:\/\/brosa.es\/fr\/wp-json\/wp\/v2\/pages\/7885"}],"wp:attachment":[{"href":"https:\/\/brosa.es\/fr\/wp-json\/wp\/v2\/media?parent=7799"}],"curies":[{"name":"wp","href":"https:\/\/api.w.org\/{rel}","templated":true}]}}