{"id":7803,"date":"2017-03-30T18:24:06","date_gmt":"2017-03-30T17:24:06","guid":{"rendered":"http:\/\/brosa.es\/droit-de-la-construction\/"},"modified":"2017-04-05T13:01:49","modified_gmt":"2017-04-05T12:01:49","slug":"droit-de-la-construction","status":"publish","type":"page","link":"https:\/\/brosa.es\/fr\/competences\/droit-de-la-construction\/","title":{"rendered":"Droit de la construction"},"content":{"rendered":"<p>[vc_row][vc_column][vc_column_text]Notre Cabinet offre un conseil juridique int\u00e9gral sur toutes les questions qui inclurent la mati\u00e8re de l&rsquo;urbanisme, gr\u00e2ce \u00e0 une exp\u00e9rience longue et notable dans nos relations avec les Administrations Publiques (autonomes, locales ou \u00e0 caract\u00e8re sectoriel).<\/p>\n<p>Nos juristes sont sp\u00e9cialis\u00e9s autant en planification qu&rsquo;en la gestion urbanistique; ils connaissent donc parfaitement les comp\u00e9tences de chaque Administration, ainsi que les politiques sectorielles et les alternatives l\u00e9gislatives qui peuvent exister afin de r\u00e9soudre tous les probl\u00e8mes sp\u00e9cifiques. Nous pr\u00eatons une attention sp\u00e9ciale aux \u00e9ventualit\u00e9s d\u00e9viantes du r\u00e8glement sectoriel sur l&rsquo;Environnement, les routes, sur les l\u00e9gislations des eaux, et puis, sur les c\u00f4tes maritimes et les ports.[\/vc_column_text][\/vc_column][\/vc_row][vc_row][vc_column width=\u00a0\u00bb1\/2&Prime;][vc_column_text]\n<h3>Planification urbaine<\/h3>\n<p>Nous travaillons avec la client\u00e8le pendant la phase de l&rsquo;\u00e9laboration d&rsquo;instruments de planification ou pendant les d\u00e9marches de toute sorte, et en particulier, durant les proc\u00e9dures de r\u00e9vision de cadastre. Nous participons dans les proc\u00e9dures d&rsquo;approbations de plans moyennant l&rsquo;interposition des requ\u00eates d&rsquo;all\u00e9gations et de n\u00e9gociations et aussi dans les d\u00e9marches des conventions urbaines avec les Administrations concern\u00e9es.[\/vc_column_text][\/vc_column][vc_column width=\u00a0\u00bb1\/2&Prime;][vc_column_text]\n<h3>Gestion urbaine<\/h3>\n<p>Nous conseillons \u00e9galement toute la proc\u00e9dure de gestion urbaine, avec ses diff\u00e9rentes modalit\u00e9s. &#8211; Conseils de compensation, proc\u00e9dure d&rsquo;urbanisation, proc\u00e9dure de l&rsquo;expropriation et organismes d&rsquo;urbanisation en collaboration avec l&rsquo;Administration urbaine. Nous n\u00e9gocions avec des agents publics et priv\u00e9s, avec les autorit\u00e9s techniques et politiques; et nous vous conseillons de tout ce qui concerne la gestion des devoirs et des responsabilit\u00e9s de nature urbaine[\/vc_column_text][\/vc_column][\/vc_row][vc_row][vc_column width=\u00a0\u00bb1\/2&Prime;][vc_column_text]\n<h3>Droit urbain<\/h3>\n<p>Nous proc\u00e9dons tout type de licences, permis et autorisations. Les licences de travaux, de premier ordre, licence d&rsquo;ouverture, licence d&rsquo;activit\u00e9 et d&rsquo;activit\u00e9 class\u00e9e. Aussi, nous nous occupons des dossiers de l\u00e9galisation, d&rsquo;am\u00e9nagement, de r\u00e9habilitation, des affaires de ruine et tout les autres proc\u00e9dures dans le domaine de l&rsquo;urbanisme.[\/vc_column_text][\/vc_column][vc_column width=\u00a0\u00bb1\/2&Prime;][vc_column_text]\n<h3>Rapports et opinions<\/h3>\n<p>Nous \u00e9laborons des rapports de Due Diligence, opinions et consultations sur l&rsquo;urbanisation pr\u00e9alables \u00e0 l&rsquo;acquisition du terrain.<\/p>\n<h3>Recours<\/h3>\n<p>Nous d\u00e9fendons tout type de proc\u00e9dures urbaines moyennant des contentieux administratifs et des recours par voie administrative.[\/vc_column_text][\/vc_column][\/vc_row][vc_row][vc_column width=\u00a0\u00bb1\/2&Prime;][\/vc_column][vc_column width=\u00a0\u00bb1\/2&Prime;][\/vc_column][\/vc_row]\n","protected":false},"excerpt":{"rendered":"<p>[vc_row][vc_column][vc_column_text]Notre Cabinet offre un conseil juridique int\u00e9gral sur toutes les questions qui inclurent la mati\u00e8re de l&rsquo;urbanisme, gr\u00e2ce \u00e0 une exp\u00e9rience longue et notable dans nos relations avec les Administrations Publiques (autonomes, locales ou \u00e0 caract\u00e8re sectoriel). Nos juristes sont sp\u00e9cialis\u00e9s autant en planification qu&rsquo;en la gestion urbanistique; ils connaissent donc parfaitement les comp\u00e9tences de&#8230;<\/p>\n","protected":false},"author":1,"featured_media":0,"parent":7885,"menu_order":0,"comment_status":"closed","ping_status":"closed","template":"","meta":[],"_links":{"self":[{"href":"https:\/\/brosa.es\/fr\/wp-json\/wp\/v2\/pages\/7803"}],"collection":[{"href":"https:\/\/brosa.es\/fr\/wp-json\/wp\/v2\/pages"}],"about":[{"href":"https:\/\/brosa.es\/fr\/wp-json\/wp\/v2\/types\/page"}],"author":[{"embeddable":true,"href":"https:\/\/brosa.es\/fr\/wp-json\/wp\/v2\/users\/1"}],"replies":[{"embeddable":true,"href":"https:\/\/brosa.es\/fr\/wp-json\/wp\/v2\/comments?post=7803"}],"version-history":[{"count":5,"href":"https:\/\/brosa.es\/fr\/wp-json\/wp\/v2\/pages\/7803\/revisions"}],"predecessor-version":[{"id":7989,"href":"https:\/\/brosa.es\/fr\/wp-json\/wp\/v2\/pages\/7803\/revisions\/7989"}],"up":[{"embeddable":true,"href":"https:\/\/brosa.es\/fr\/wp-json\/wp\/v2\/pages\/7885"}],"wp:attachment":[{"href":"https:\/\/brosa.es\/fr\/wp-json\/wp\/v2\/media?parent=7803"}],"curies":[{"name":"wp","href":"https:\/\/api.w.org\/{rel}","templated":true}]}}