{"id":7809,"date":"2017-03-30T18:26:08","date_gmt":"2017-03-30T17:26:08","guid":{"rendered":"http:\/\/brosa.es\/propriete-intellectuelle-et-industrielle\/"},"modified":"2017-04-05T13:03:15","modified_gmt":"2017-04-05T12:03:15","slug":"propriete-intellectuelle-et-industrielle","status":"publish","type":"page","link":"https:\/\/brosa.es\/fr\/competences\/propriete-intellectuelle-et-industrielle\/","title":{"rendered":"Propri\u00e9t\u00e9 intellectuelle et industrielle"},"content":{"rendered":"<p>[vc_row][vc_column][vc_column_text]Puisque l&rsquo;importance des droits de la propri\u00e9t\u00e9 industrielle et intellectuelle dans le monde de globalisation \u00e9volue continuellement,\u00a0<strong>BROSA<\/strong>\u00a0offre des consultations sur les strat\u00e9gies de protection et de d\u00e9fense de ces droits, autant au niveau national qu&rsquo;au niveau europ\u00e9en ou international.<\/p>\n<ul>\n<li>Propri\u00e9t\u00e9 industrielle<\/li>\n<li>Propri\u00e9t\u00e9 intellectuelle. Droits d&rsquo;auteurs<\/li>\n<li>Contrats dans le milieu audiovisuel, \u00e9ditorial et publicitaire<\/li>\n<li>D\u00e9fense des droits de propri\u00e9t\u00e9 industrielle et intellectuelle<\/li>\n<\/ul>\n[\/vc_column_text][\/vc_column][\/vc_row][vc_row][vc_column][vc_column_text]\n<h3>Agence de propriete industrielle et intellectuelle<\/h3>\n<p>Afin de compl\u00e9ter cette n\u00e9cessit\u00e9 de protection des droits de la propri\u00e9t\u00e9 industrielle et intellectuelle, qu&rsquo;elle soit au niveau national ou au niveau international, notre Cabinet dispose de son Agence propre, \u00e0 travers laquelle, nous proposons de fa\u00e7on exceptionnelle et exclusive, les services suivants qui touche aux marques, appellations commerciaux, brevets, mod\u00e8les, droits d&rsquo;auteurs, etc.\u00a0:<\/p>\n<ul>\n<li>Investigation<\/li>\n<li>Proc\u00e9dures d&rsquo;inscriptions<\/li>\n<li>Le suivi<\/li>\n<li>Sollicitation du nom de d\u00e9nomination<\/li>\n<li>Maintenance<\/li>\n<\/ul>\n[\/vc_column_text][\/vc_column][\/vc_row]\n","protected":false},"excerpt":{"rendered":"<p>[vc_row][vc_column][vc_column_text]Puisque l&rsquo;importance des droits de la propri\u00e9t\u00e9 industrielle et intellectuelle dans le monde de globalisation \u00e9volue continuellement,\u00a0BROSA\u00a0offre des consultations sur les strat\u00e9gies de protection et de d\u00e9fense de ces droits, autant au niveau national qu&rsquo;au niveau europ\u00e9en ou international. Propri\u00e9t\u00e9 industrielle Propri\u00e9t\u00e9 intellectuelle. Droits d&rsquo;auteurs Contrats dans le milieu audiovisuel, \u00e9ditorial et publicitaire D\u00e9fense des&#8230;<\/p>\n","protected":false},"author":1,"featured_media":0,"parent":7885,"menu_order":0,"comment_status":"closed","ping_status":"closed","template":"","meta":[],"_links":{"self":[{"href":"https:\/\/brosa.es\/fr\/wp-json\/wp\/v2\/pages\/7809"}],"collection":[{"href":"https:\/\/brosa.es\/fr\/wp-json\/wp\/v2\/pages"}],"about":[{"href":"https:\/\/brosa.es\/fr\/wp-json\/wp\/v2\/types\/page"}],"author":[{"embeddable":true,"href":"https:\/\/brosa.es\/fr\/wp-json\/wp\/v2\/users\/1"}],"replies":[{"embeddable":true,"href":"https:\/\/brosa.es\/fr\/wp-json\/wp\/v2\/comments?post=7809"}],"version-history":[{"count":3,"href":"https:\/\/brosa.es\/fr\/wp-json\/wp\/v2\/pages\/7809\/revisions"}],"predecessor-version":[{"id":7990,"href":"https:\/\/brosa.es\/fr\/wp-json\/wp\/v2\/pages\/7809\/revisions\/7990"}],"up":[{"embeddable":true,"href":"https:\/\/brosa.es\/fr\/wp-json\/wp\/v2\/pages\/7885"}],"wp:attachment":[{"href":"https:\/\/brosa.es\/fr\/wp-json\/wp\/v2\/media?parent=7809"}],"curies":[{"name":"wp","href":"https:\/\/api.w.org\/{rel}","templated":true}]}}