{"id":7812,"date":"2017-03-30T18:29:16","date_gmt":"2017-03-30T17:29:16","guid":{"rendered":"http:\/\/brosa.es\/droit-communautaire-et-international\/"},"modified":"2017-04-05T13:03:53","modified_gmt":"2017-04-05T12:03:53","slug":"droit-communautaire-et-international","status":"publish","type":"page","link":"https:\/\/brosa.es\/fr\/competences\/droit-communautaire-et-international\/","title":{"rendered":"Droit communautaire et international"},"content":{"rendered":"<p>[vc_row][vc_column][vc_column_text]Nous sugg\u00e9rons notamment d&rsquo;autres services juridiques dans les domaines suivants\u00a0:<\/p>\n<ul>\n<li>Droit de concurrence<\/li>\n<li>Aides financi\u00e8res et subventions<\/li>\n<li>Concours europ\u00e9en<\/li>\n<li>Lobbying<\/li>\n<li>Monitoring<\/li>\n<li>Commerce intracommunautaire et commerce ext\u00e9rieur<\/li>\n<li>Contrat international<\/li>\n<li>R\u00e9clamations et arbitrages europ\u00e9ens et internationaux<\/li>\n<li>Investissements \u00e9trangers<\/li>\n<\/ul>\n[\/vc_column_text][\/vc_column][\/vc_row]\n","protected":false},"excerpt":{"rendered":"<p>[vc_row][vc_column][vc_column_text]Nous sugg\u00e9rons notamment d&rsquo;autres services juridiques dans les domaines suivants\u00a0: Droit de concurrence Aides financi\u00e8res et subventions Concours europ\u00e9en Lobbying Monitoring Commerce intracommunautaire et commerce ext\u00e9rieur Contrat international R\u00e9clamations et arbitrages europ\u00e9ens et internationaux Investissements \u00e9trangers [\/vc_column_text][\/vc_column][\/vc_row]<\/p>\n","protected":false},"author":1,"featured_media":0,"parent":7885,"menu_order":0,"comment_status":"closed","ping_status":"closed","template":"","meta":[],"_links":{"self":[{"href":"https:\/\/brosa.es\/fr\/wp-json\/wp\/v2\/pages\/7812"}],"collection":[{"href":"https:\/\/brosa.es\/fr\/wp-json\/wp\/v2\/pages"}],"about":[{"href":"https:\/\/brosa.es\/fr\/wp-json\/wp\/v2\/types\/page"}],"author":[{"embeddable":true,"href":"https:\/\/brosa.es\/fr\/wp-json\/wp\/v2\/users\/1"}],"replies":[{"embeddable":true,"href":"https:\/\/brosa.es\/fr\/wp-json\/wp\/v2\/comments?post=7812"}],"version-history":[{"count":2,"href":"https:\/\/brosa.es\/fr\/wp-json\/wp\/v2\/pages\/7812\/revisions"}],"predecessor-version":[{"id":7991,"href":"https:\/\/brosa.es\/fr\/wp-json\/wp\/v2\/pages\/7812\/revisions\/7991"}],"up":[{"embeddable":true,"href":"https:\/\/brosa.es\/fr\/wp-json\/wp\/v2\/pages\/7885"}],"wp:attachment":[{"href":"https:\/\/brosa.es\/fr\/wp-json\/wp\/v2\/media?parent=7812"}],"curies":[{"name":"wp","href":"https:\/\/api.w.org\/{rel}","templated":true}]}}