{"id":7814,"date":"2017-03-30T18:32:33","date_gmt":"2017-03-30T17:32:33","guid":{"rendered":"http:\/\/brosa.es\/droit-agroalimentaire\/"},"modified":"2017-04-05T13:04:25","modified_gmt":"2017-04-05T12:04:25","slug":"droit-agroalimentaire","status":"publish","type":"page","link":"https:\/\/brosa.es\/fr\/competences\/droit-agroalimentaire\/","title":{"rendered":"Droit agroalimentaire"},"content":{"rendered":"<p>[vc_row][vc_column][vc_column_text]Dans le D\u00e9partement du droit agroalimentaire nous proposons un service juridique complet, sp\u00e9cialis\u00e9 en droit de l&rsquo;alimentation et de la production alimentaire. L&rsquo;objet de notre travail est un des secteurs les plus anciens et \u00e0 la fois le plus sophistiqu\u00e9 de l&rsquo;\u00e9conomie, il se d\u00e9die \u00e0 la production et au commerce des aliments, et se base sur un r\u00e9gime l\u00e9gal interventionniste. Notre client est le producteur des aliments et en m\u00eame temps le distributeur et le consommateur final.<\/p>\n<p>Nous adaptons nos conseils juridiques \u00e0 la sp\u00e9cialit\u00e9 de l&rsquo;entreprise alimentaire, on prend aussi en compte les particularit\u00e9s de l&rsquo;entreprise familiale, de la coop\u00e9rative et des autres formes d&rsquo;organisation productive dans le secteur primaire.[\/vc_column_text][\/vc_column][\/vc_row][vc_row][vc_column width=\u00a0\u00bb1\/2&Prime;][vc_column_text]\n<h5>Le commerce des aliments, la s\u00e9curit\u00e9 alimentaire<\/h5>\n<p>Nos experts informent les clients de tous les aspects juridiques qu&rsquo;il faut tenir en compte autant dans le fonctionnement de l&rsquo;entreprise alimentaire que dans le commerce des aliments, prenant en compte certains aspects comme la libre circulation des aliments en Espagne et en Europe, l&rsquo;application des normes d&rsquo;hygi\u00e8ne, la s\u00e9curit\u00e9 alimentaire et la responsabilit\u00e9. Nous accordons des conseils juridiques pr\u00e9ventifs et nous repr\u00e9sentons nos clients aux recours face \u00e0 des sanctions, \u00e0 l&rsquo;immobilisation ou \u00e0 des emp\u00eachements dans la distribution d&rsquo;un produit.[\/vc_column_text][\/vc_column][vc_column width=\u00a0\u00bb1\/2&Prime;][vc_column_text]\n<h5>Les nouvelles cat\u00e9gories d&rsquo;aliments<\/h5>\n<p>Nous aidons notre client\u00e8le dans tous ces domaines juridiques qu&rsquo;il faut prendre en compte, la fabrication et la commercialisation des aliments bios, les aliments fonctionnels, les organismes modifi\u00e9s g\u00e9n\u00e9tiquement, les aliments nouveaux. De la m\u00eame mani\u00e8re, nous informons sur la r\u00e9glementation, sur les additifs, la contamination et les d\u00e9chets.[\/vc_column_text][\/vc_column][\/vc_row][vc_row][vc_column width=\u00a0\u00bb1\/2&Prime;][vc_column_text]\n<h5>L&rsquo;application des normes de la concurrence des aliments et de l&rsquo;entreprise alimentaire<\/h5>\n<p>La publicit\u00e9 alimentaire, concurrence d\u00e9loyale. Nos sp\u00e9cialistes pr\u00e9viennent les clients des implications concurrentielles des accords et les fusions dans le secteur alimentaire et sur les possibilit\u00e9s d&rsquo;abus de pouvoir. Aussi, sur la Loi de la Concurrence et des Organisations Interprofessionnels.[\/vc_column_text][\/vc_column][vc_column width=\u00a0\u00bb1\/2&Prime;][vc_column_text]\n<h5>Les responsabilit\u00e9s de l&rsquo;entrepreneur alimentaire et le patrimoine de l&rsquo;Administration<\/h5>\n<p>Nous appuyons notre client\u00e8le en tout ce qui concerne la responsabilit\u00e9 civile, l\u00e9gale et administrative de l&rsquo;entrepreneur alimentaire, en le repr\u00e9sentant au niveau administratif et juridique. Dans ce sens, nous poss\u00e9dant une exp\u00e9rience reconnue dans les questions de responsabilit\u00e9 patrimonial de l&rsquo;Administration.[\/vc_column_text][\/vc_column][\/vc_row][vc_row][vc_column width=\u00a0\u00bb1\/2&Prime;][vc_column_text]\n<h5>Convention nationale et internationale<\/h5>\n<p>Avec l&rsquo;appui de nos experts du D\u00e9partement de Commerce, nous informons nos clients de l&rsquo;engagement commercial et de la distribution des aliments au niveau national et international. Nous supportons l&rsquo;implantation \u00e0 l&rsquo;\u00e9tranger, la distribution, l&rsquo;ouverture de succursales, l&rsquo;acquisition de soci\u00e9t\u00e9s. Ainsi que les contrats de louage, les m\u00e9tayages, les contrats de rattachement, etc., puis le contrat \u00e9lectronique des aliments.[\/vc_column_text][\/vc_column][vc_column width=\u00a0\u00bb1\/2&Prime;][vc_column_text]\n<h5>Droit corporatif et fiscal de l&rsquo;entreprise alimentaire<\/h5>\n<p>Droit corporatif et fiscal de l&rsquo;entreprise alimentaire, gr\u00e2ce \u00e0 la collaboration de nos avocats et de nos \u00e9conomistes du D\u00e9partement Fiscal, nous assurons la fiscalit\u00e9 de l&rsquo;alimentation, \u00e0 l&rsquo;entreprise familiale, aux coop\u00e9ratives et aux organisations de producteurs et interprofessionnels.[\/vc_column_text][\/vc_column][\/vc_row][vc_row][vc_column width=\u00a0\u00bb1\/2&Prime;][vc_column_text]\n<h5>Les appellations alimentaires et les marques<\/h5>\n<p>Droit \u00e0 la propri\u00e9t\u00e9 industrielle et intellectuelle. Registre et d\u00e9fense des appellations d&rsquo;origine, indications g\u00e9ographiques et marques de qualit\u00e9.[\/vc_column_text][\/vc_column][\/vc_row]\n","protected":false},"excerpt":{"rendered":"<p>[vc_row][vc_column][vc_column_text]Dans le D\u00e9partement du droit agroalimentaire nous proposons un service juridique complet, sp\u00e9cialis\u00e9 en droit de l&rsquo;alimentation et de la production alimentaire. L&rsquo;objet de notre travail est un des secteurs les plus anciens et \u00e0 la fois le plus sophistiqu\u00e9 de l&rsquo;\u00e9conomie, il se d\u00e9die \u00e0 la production et au commerce des aliments, et se&#8230;<\/p>\n","protected":false},"author":1,"featured_media":0,"parent":7885,"menu_order":0,"comment_status":"closed","ping_status":"closed","template":"","meta":[],"_links":{"self":[{"href":"https:\/\/brosa.es\/fr\/wp-json\/wp\/v2\/pages\/7814"}],"collection":[{"href":"https:\/\/brosa.es\/fr\/wp-json\/wp\/v2\/pages"}],"about":[{"href":"https:\/\/brosa.es\/fr\/wp-json\/wp\/v2\/types\/page"}],"author":[{"embeddable":true,"href":"https:\/\/brosa.es\/fr\/wp-json\/wp\/v2\/users\/1"}],"replies":[{"embeddable":true,"href":"https:\/\/brosa.es\/fr\/wp-json\/wp\/v2\/comments?post=7814"}],"version-history":[{"count":5,"href":"https:\/\/brosa.es\/fr\/wp-json\/wp\/v2\/pages\/7814\/revisions"}],"predecessor-version":[{"id":7941,"href":"https:\/\/brosa.es\/fr\/wp-json\/wp\/v2\/pages\/7814\/revisions\/7941"}],"up":[{"embeddable":true,"href":"https:\/\/brosa.es\/fr\/wp-json\/wp\/v2\/pages\/7885"}],"wp:attachment":[{"href":"https:\/\/brosa.es\/fr\/wp-json\/wp\/v2\/media?parent=7814"}],"curies":[{"name":"wp","href":"https:\/\/api.w.org\/{rel}","templated":true}]}}