{"id":7823,"date":"2017-03-30T18:36:23","date_gmt":"2017-03-30T17:36:23","guid":{"rendered":"http:\/\/brosa.es\/droit-maritime-et-des-transports\/"},"modified":"2017-04-05T13:05:12","modified_gmt":"2017-04-05T12:05:12","slug":"droit-maritime-et-des-transports","status":"publish","type":"page","link":"https:\/\/brosa.es\/fr\/competences\/droit-maritime-et-des-transports\/","title":{"rendered":"Droit maritime et des transports"},"content":{"rendered":"<p>[vc_row][vc_column][vc_column_text]Notre Cabinet offre aux clients un service sp\u00e9cialis\u00e9 en r\u00e9solution des affaires qui concerne la Navigation. On accorde des conseils juridiques de tout ce qui est maritime, a\u00e9rien, ainsi que le transport terrestre, en \u00e9tant, dans une situation judiciaire, extrajudiciaire ou tout simplement comme consultation.<\/p>\n<p>La r\u00e9partition g\u00e9ographique de nos cabinets aide \u00e0 atteindre cet objectif (\u00e7a nous permet de s&rsquo;occuper de tout le littoral national, le p\u00e9ninsulaire et l&rsquo;insulaire), nous nous appartenons aussi \u00e0 un r\u00e9seau international de collaborateurs. Le D\u00e9partement du Droit Maritime et du Transport collabore en plus, avec des collaborateurs externes au niveau nautique et d&rsquo;expertise.[\/vc_column_text][\/vc_column][\/vc_row][vc_row][vc_column width=\u00a0\u00bb1\/2&Prime;][vc_column_text]\n<h5>Droit des Transports<\/h5>\n<ul>\n<li>Contrats d&rsquo;exploitation de bateaux<\/li>\n<li>Transport multimodal<\/li>\n<li>Contrats de Remorquage Maritime<\/li>\n<li>Contrats de Transport Maritime pour Passagers<\/li>\n<li>Techniques d&#8217;embarquement. B\/L et documents similaires<\/li>\n<li>Contrat international d&rsquo;achats et de ventes et de cr\u00e9dits. Import et export<\/li>\n<\/ul>\n[\/vc_column_text][\/vc_column][vc_column width=\u00a0\u00bb1\/2&Prime;][vc_column_text]\n<h5>Transport maritime et Affr\u00e8tement<\/h5>\n<ul>\n<li>Contrats de services logistiques<\/li>\n<li>Distribution, d\u00e9p\u00f4ts<\/li>\n<li>Connaissements<\/li>\n<li>Conditions g\u00e9n\u00e9rales des contrats de transport<\/li>\n<li>Relation entre agents du transport<\/li>\n<li>Responsabilit\u00e9 par incidents et accidents<\/li>\n<li>Droit douanier (administratif et fiscal)<\/li>\n<li>Intervention face au juridiction ordinaire<\/li>\n<li>Intervention face au tribunaux d\u2019arbitrage nationaux et \u00e9trangers<\/li>\n<li>Contrats internationaux<\/li>\n<\/ul>\n[\/vc_column_text][\/vc_column][\/vc_row][vc_row][vc_column width=\u00a0\u00bb1\/2&Prime;][vc_column_text]\n<h5>Statut juridique des embarcations<\/h5>\n<ul>\n<li>Construction et commerce des navires.<\/li>\n<li>Registre des bateaux et inscriptions.<\/li>\n<li>Hypoth\u00e8que navale.<\/li>\n<li>Privil\u00e8ges Maritimes.<\/li>\n<li>Saisie pr\u00e9ventive des b\u00e2timents.<\/li>\n<\/ul>\n[\/vc_column_text][\/vc_column][vc_column width=\u00a0\u00bb1\/2&Prime;][vc_column_text]\n<h5>Accidents de Navigation. Les Ports et la Marine Marchande<\/h5>\n<ul>\n<li>Abordage<\/li>\n<li>Sauvetages Maritimes<\/li>\n<li>R\u00e9clamations de chargement<\/li>\n<li>L\u00e9gislation portuaire. Concessions et Autorisations Administratives<\/li>\n<li>Naufrages et Trouvaille. Patrimoine historico-culturel<\/li>\n<li>Enqu\u00eates et sanctions<\/li>\n<\/ul>\n[\/vc_column_text][\/vc_column][\/vc_row][vc_row][vc_column width=\u00a0\u00bb1\/2&Prime;][vc_column_text]\n<h5>Responsabilit\u00e9 Maritime. S\u00e9curit\u00e9 et l&rsquo;environnement<\/h5>\n<ul>\n<li>R\u00e8glement sur la responsabilit\u00e9 du navire. Limitation de la responsabilit\u00e9.<\/li>\n<li>Convention SOLAS Y MARPOL.<\/li>\n<li>Convention CLC\/Fondo y SNP.<\/li>\n<li>Entreprises de classifications.<\/li>\n<\/ul>\n[\/vc_column_text][\/vc_column][vc_column width=\u00a0\u00bb1\/2&Prime;][vc_column_text]\n<h5>Assurances Maritimes<\/h5>\n<ul>\n<li>Assurance de coques, assurance des marchandises et le lucrum cessans<\/li>\n<li>Responsabilit\u00e9 civile<\/li>\n<li>Cartonnage de la p\u00eache<\/li>\n<li>Risques de protection et indemnit\u00e9, assurance des responsabilit\u00e9s dans le milieu maritime<\/li>\n<li>Mod\u00e8les contractuels et interpr\u00e9tations des polices<\/li>\n<li>Avarie partielle et commune<\/li>\n<li>Arbitrage national et international. Reconnaissance et ex\u00e9cution des jugements et sentences \u00e9trang\u00e8res<\/li>\n<\/ul>\n[\/vc_column_text][\/vc_column][\/vc_row]\n","protected":false},"excerpt":{"rendered":"<p>[vc_row][vc_column][vc_column_text]Notre Cabinet offre aux clients un service sp\u00e9cialis\u00e9 en r\u00e9solution des affaires qui concerne la Navigation. On accorde des conseils juridiques de tout ce qui est maritime, a\u00e9rien, ainsi que le transport terrestre, en \u00e9tant, dans une situation judiciaire, extrajudiciaire ou tout simplement comme consultation. La r\u00e9partition g\u00e9ographique de nos cabinets aide \u00e0 atteindre cet&#8230;<\/p>\n","protected":false},"author":1,"featured_media":0,"parent":7885,"menu_order":0,"comment_status":"closed","ping_status":"closed","template":"","meta":[],"_links":{"self":[{"href":"https:\/\/brosa.es\/fr\/wp-json\/wp\/v2\/pages\/7823"}],"collection":[{"href":"https:\/\/brosa.es\/fr\/wp-json\/wp\/v2\/pages"}],"about":[{"href":"https:\/\/brosa.es\/fr\/wp-json\/wp\/v2\/types\/page"}],"author":[{"embeddable":true,"href":"https:\/\/brosa.es\/fr\/wp-json\/wp\/v2\/users\/1"}],"replies":[{"embeddable":true,"href":"https:\/\/brosa.es\/fr\/wp-json\/wp\/v2\/comments?post=7823"}],"version-history":[{"count":5,"href":"https:\/\/brosa.es\/fr\/wp-json\/wp\/v2\/pages\/7823\/revisions"}],"predecessor-version":[{"id":7992,"href":"https:\/\/brosa.es\/fr\/wp-json\/wp\/v2\/pages\/7823\/revisions\/7992"}],"up":[{"embeddable":true,"href":"https:\/\/brosa.es\/fr\/wp-json\/wp\/v2\/pages\/7885"}],"wp:attachment":[{"href":"https:\/\/brosa.es\/fr\/wp-json\/wp\/v2\/media?parent=7823"}],"curies":[{"name":"wp","href":"https:\/\/api.w.org\/{rel}","templated":true}]}}