{"id":7831,"date":"2017-03-30T18:37:28","date_gmt":"2017-03-30T17:37:28","guid":{"rendered":"http:\/\/brosa.es\/droit-de-la-famille\/"},"modified":"2017-04-05T13:05:43","modified_gmt":"2017-04-05T12:05:43","slug":"droit-de-la-famille","status":"publish","type":"page","link":"https:\/\/brosa.es\/fr\/competences\/droit-de-la-famille\/","title":{"rendered":"Droit de la famille"},"content":{"rendered":"<p>[vc_row][vc_column][vc_column_text]Notre Cabinet propose un conseil juridique int\u00e9gral de tout ce qui touche aux droits et aux devoirs de la famille, ainsi qu&rsquo;\u00e0 la paternit\u00e9, la maternit\u00e9 et \u00e0 la protection des mineurs de fa\u00e7on g\u00e9n\u00e9rale. L&rsquo;\u00e9quipe des juristes du D\u00e9partement de Droit de la Famille est constitu\u00e9e d&rsquo;avocats sp\u00e9cialis\u00e9s en traitement l\u00e9gal de crise de couple, (matrimonial ou vivant en m\u00e9nage) et en la r\u00e9organisation de la vie familiale apr\u00e8s la rupture, moyennant un plan d&rsquo;encadrement l\u00e9gal o\u00f9 les droits et les devoirs, personnels et patrimoniaux, s&rsquo;expriment \u00e9quitablement et s&rsquo;exercent convenablement. On pr\u00eate \u00e9galement une attention sp\u00e9ciale \u00e0 tout type de proc\u00e8s judiciaires, provoqu\u00e9s par ce genre de crises.<\/p>\n<p>Une s\u00e9paration l\u00e9gale, c&rsquo;est aussi une s\u00e9paration des biens; d&rsquo;une part, il est donc n\u00e9cessaire en cons\u00e9quence, que le couple dissout et liquide le r\u00e9gime \u00e9conomique matrimonial sous lequel il \u00e9tait unit (soci\u00e9t\u00e9 b\u00e9n\u00e9ficiaires, r\u00e9gime d&rsquo;actionnariat, etc.) ou arriver \u00e0 un compromis de vente ou \u00e0 l&rsquo;adjudication des biens communs et pro-indiviso, et de l&rsquo;autre part, il est indispensable de r\u00e9gir sa convivialit\u00e9 \u00e0 la s\u00e9paration des biens. Nos experts en Droit de la Famille jouissent d&rsquo;une exp\u00e9rience ample dans la r\u00e9solution de toutes ces questions, qui permet l&rsquo;organisation d&rsquo;une nouvelle vie familiale avec une planification \u00e9conomique et fiscale meilleure.<\/p>\n<p>Parfois, \u00e7a arrive que la situation r\u00e9gul\u00e9e initialement a pu souffrir des changement quand elles sont substantielles, nos juristes proposent une modification des cons\u00e9quences de la s\u00e9paration ou du divorce, (extinction ou r\u00e9duction de la pension de d\u00e9dommagement d\u00fb \u00e0 une nouvelle liaison stable ou mariage, ou \u00e0 cause d&rsquo;une dispute sur la fortune de l&rsquo;un ou de l&rsquo;autre conjoint; l&rsquo;\u00e2ge de la majorit\u00e9 ou l&rsquo;ind\u00e9pendance \u00e9conomique des enfants, et extinction ou r\u00e9duction des pensions alimentaires; changement de domicile et son effet sur le r\u00e9gime de visites, etc.). Sur ces sujets, notre \u00e9quipe offre des conseils juridiques, en adaptant des moyens l\u00e9gaux \u00e0 des circonstances nouvelles.<\/p>\n<p>Par ailleurs, notre Cabinet, mis en garde les concern\u00e9s des autres situations qui d\u00e9rivent de la relation de parent\u00e9, comme les proc\u00e8s sur la capacit\u00e9 des personnes, actions de filiation, paternit\u00e9 et maternit\u00e9, r\u00e9clamation des pensions alimentaires, les adoptions et les tutelles.<\/p>\n<h3>Successions et h\u00e9ritages<\/h3>\n<p>Le d\u00e9c\u00e8s de certain personnes provoque des situations l\u00e9gales et patrimoniales nouvelles qui doivent se restructurer d&rsquo;apr\u00e8s une assistance juridique et l\u00e9gale ad\u00e9quate. Notre Cabinet, compos\u00e9 des sp\u00e9cialistes en cette mati\u00e8re, poss\u00e8de la capacit\u00e9 n\u00e9cessaire pour d\u00e9fendre et obtenir la reconnaissance des droits d&rsquo;h\u00e9ritage de nos clients, gr\u00e2ce \u00e0 une efficacit\u00e9 juridique pleine et \u00e0 une bonne planification fiscale; de cette fa\u00e7on pour partager, attribuer et liquider le bien h\u00e9rit\u00e9, conform\u00e9ment \u00e0 la derni\u00e8re volont\u00e9 du d\u00e9c\u00e9d\u00e9, s&rsquo;il a fait un testament, sinon \u00e0 travers la d\u00e9claration correspondante des h\u00e9ritiers \u00a0\u00bb ab intestat \u00a0\u00bb et son acceptation post\u00e9rieur et finalement, \u00e0 travers une manifestation d&rsquo;h\u00e9ritage.[\/vc_column_text][\/vc_column][\/vc_row]\n","protected":false},"excerpt":{"rendered":"<p>[vc_row][vc_column][vc_column_text]Notre Cabinet propose un conseil juridique int\u00e9gral de tout ce qui touche aux droits et aux devoirs de la famille, ainsi qu&rsquo;\u00e0 la paternit\u00e9, la maternit\u00e9 et \u00e0 la protection des mineurs de fa\u00e7on g\u00e9n\u00e9rale. L&rsquo;\u00e9quipe des juristes du D\u00e9partement de Droit de la Famille est constitu\u00e9e d&rsquo;avocats sp\u00e9cialis\u00e9s en traitement l\u00e9gal de crise de&#8230;<\/p>\n","protected":false},"author":1,"featured_media":0,"parent":7885,"menu_order":0,"comment_status":"closed","ping_status":"closed","template":"","meta":[],"_links":{"self":[{"href":"https:\/\/brosa.es\/fr\/wp-json\/wp\/v2\/pages\/7831"}],"collection":[{"href":"https:\/\/brosa.es\/fr\/wp-json\/wp\/v2\/pages"}],"about":[{"href":"https:\/\/brosa.es\/fr\/wp-json\/wp\/v2\/types\/page"}],"author":[{"embeddable":true,"href":"https:\/\/brosa.es\/fr\/wp-json\/wp\/v2\/users\/1"}],"replies":[{"embeddable":true,"href":"https:\/\/brosa.es\/fr\/wp-json\/wp\/v2\/comments?post=7831"}],"version-history":[{"count":1,"href":"https:\/\/brosa.es\/fr\/wp-json\/wp\/v2\/pages\/7831\/revisions"}],"predecessor-version":[{"id":7832,"href":"https:\/\/brosa.es\/fr\/wp-json\/wp\/v2\/pages\/7831\/revisions\/7832"}],"up":[{"embeddable":true,"href":"https:\/\/brosa.es\/fr\/wp-json\/wp\/v2\/pages\/7885"}],"wp:attachment":[{"href":"https:\/\/brosa.es\/fr\/wp-json\/wp\/v2\/media?parent=7831"}],"curies":[{"name":"wp","href":"https:\/\/api.w.org\/{rel}","templated":true}]}}