{"id":7833,"date":"2017-03-30T18:38:15","date_gmt":"2017-03-30T17:38:15","guid":{"rendered":"http:\/\/brosa.es\/droit-bancaire\/"},"modified":"2017-03-31T11:47:49","modified_gmt":"2017-03-31T10:47:49","slug":"droit-bancaire","status":"publish","type":"page","link":"https:\/\/brosa.es\/fr\/competences\/droit-bancaire\/","title":{"rendered":"Droit bancaire"},"content":{"rendered":"<ul>\n<li>R\u00e9clamations des cl\u00e1usulas suelo (clause qui \u00e9tablie un minimum taux d\u2019int\u00e9r\u00eat en cr\u00e9dits immobiliers)<\/li>\n<li>R\u00e9clamations d\u00e9riv\u00e9es des d\u00e9penses de formalisation de cr\u00e9dits<\/li>\n<\/ul>\n","protected":false},"excerpt":{"rendered":"<p>R\u00e9clamations des cl\u00e1usulas suelo (clause qui \u00e9tablie un minimum taux d\u2019int\u00e9r\u00eat en cr\u00e9dits immobiliers) R\u00e9clamations d\u00e9riv\u00e9es des d\u00e9penses de formalisation de cr\u00e9dits<\/p>\n","protected":false},"author":1,"featured_media":0,"parent":7885,"menu_order":0,"comment_status":"closed","ping_status":"closed","template":"","meta":[],"_links":{"self":[{"href":"https:\/\/brosa.es\/fr\/wp-json\/wp\/v2\/pages\/7833"}],"collection":[{"href":"https:\/\/brosa.es\/fr\/wp-json\/wp\/v2\/pages"}],"about":[{"href":"https:\/\/brosa.es\/fr\/wp-json\/wp\/v2\/types\/page"}],"author":[{"embeddable":true,"href":"https:\/\/brosa.es\/fr\/wp-json\/wp\/v2\/users\/1"}],"replies":[{"embeddable":true,"href":"https:\/\/brosa.es\/fr\/wp-json\/wp\/v2\/comments?post=7833"}],"version-history":[{"count":1,"href":"https:\/\/brosa.es\/fr\/wp-json\/wp\/v2\/pages\/7833\/revisions"}],"predecessor-version":[{"id":7942,"href":"https:\/\/brosa.es\/fr\/wp-json\/wp\/v2\/pages\/7833\/revisions\/7942"}],"up":[{"embeddable":true,"href":"https:\/\/brosa.es\/fr\/wp-json\/wp\/v2\/pages\/7885"}],"wp:attachment":[{"href":"https:\/\/brosa.es\/fr\/wp-json\/wp\/v2\/media?parent=7833"}],"curies":[{"name":"wp","href":"https:\/\/api.w.org\/{rel}","templated":true}]}}