{"id":7834,"date":"2017-03-30T18:40:22","date_gmt":"2017-03-30T17:40:22","guid":{"rendered":"http:\/\/brosa.es\/droit-pharmaceutique\/"},"modified":"2017-04-05T13:06:29","modified_gmt":"2017-04-05T12:06:29","slug":"droit-pharmaceutique","status":"publish","type":"page","link":"https:\/\/brosa.es\/fr\/competences\/droit-pharmaceutique\/","title":{"rendered":"Droit pharmaceutique"},"content":{"rendered":"<p>[vc_row][vc_column][vc_column_text]Traditionnellement BROSA a offert et offre conseils juridiques et \u00e9conomiques \u00e0 entreprises et organisations pharmaceutiques.<\/p>\n<p>Nos services sont orient\u00e9s \u00e0 offrir conseils dans les cases suivants :<\/p>\n<ul>\n<li>Demande d\u2019ouverture des pharmacies<\/li>\n<li>Demande de d\u00e9placement<\/li>\n<li>Conseils en mesures<\/li>\n<li>Bo\u00eetes \u00e0 pharmacie<\/li>\n<li>Droits et obligations des bureaux pharmaceutiques<\/li>\n<li>Entreprise de distribution pharmaceutique et publicit\u00e9<\/li>\n<li>Proc\u00e9dures administratifs et judiciaires<\/li>\n<li>Sanctions<\/li>\n<li>Achat-vente des pharmacies<\/li>\n<\/ul>\n[\/vc_column_text][\/vc_column][\/vc_row]\n","protected":false},"excerpt":{"rendered":"<p>[vc_row][vc_column][vc_column_text]Traditionnellement BROSA a offert et offre conseils juridiques et \u00e9conomiques \u00e0 entreprises et organisations pharmaceutiques. Nos services sont orient\u00e9s \u00e0 offrir conseils dans les cases suivants : Demande d\u2019ouverture des pharmacies Demande de d\u00e9placement Conseils en mesures Bo\u00eetes \u00e0 pharmacie Droits et obligations des bureaux pharmaceutiques Entreprise de distribution pharmaceutique et publicit\u00e9 Proc\u00e9dures administratifs et&#8230;<\/p>\n","protected":false},"author":1,"featured_media":0,"parent":7885,"menu_order":0,"comment_status":"closed","ping_status":"closed","template":"","meta":[],"_links":{"self":[{"href":"https:\/\/brosa.es\/fr\/wp-json\/wp\/v2\/pages\/7834"}],"collection":[{"href":"https:\/\/brosa.es\/fr\/wp-json\/wp\/v2\/pages"}],"about":[{"href":"https:\/\/brosa.es\/fr\/wp-json\/wp\/v2\/types\/page"}],"author":[{"embeddable":true,"href":"https:\/\/brosa.es\/fr\/wp-json\/wp\/v2\/users\/1"}],"replies":[{"embeddable":true,"href":"https:\/\/brosa.es\/fr\/wp-json\/wp\/v2\/comments?post=7834"}],"version-history":[{"count":2,"href":"https:\/\/brosa.es\/fr\/wp-json\/wp\/v2\/pages\/7834\/revisions"}],"predecessor-version":[{"id":7993,"href":"https:\/\/brosa.es\/fr\/wp-json\/wp\/v2\/pages\/7834\/revisions\/7993"}],"up":[{"embeddable":true,"href":"https:\/\/brosa.es\/fr\/wp-json\/wp\/v2\/pages\/7885"}],"wp:attachment":[{"href":"https:\/\/brosa.es\/fr\/wp-json\/wp\/v2\/media?parent=7834"}],"curies":[{"name":"wp","href":"https:\/\/api.w.org\/{rel}","templated":true}]}}