{"id":7841,"date":"2017-03-30T18:43:26","date_gmt":"2017-03-30T17:43:26","guid":{"rendered":"http:\/\/brosa.es\/mentions-legales\/"},"modified":"2017-03-30T18:43:26","modified_gmt":"2017-03-30T17:43:26","slug":"mentions-legales","status":"publish","type":"page","link":"https:\/\/brosa.es\/fr\/mentions-legales\/","title":{"rendered":"Mentions l\u00e9gales"},"content":{"rendered":"<p>Le pr\u00e9sent site web, accessible \u00e0 partir de l\u2019adresse <a href=\"http:\/\/www.brosa.es\">www.brosa.es<\/a> est propri\u00e9t\u00e9 exclusive de BROSA Abogados y Economistas S.L.P., CIF B-60145752, registr\u00e9 au Registre du Commerce de Barcelona, Tome 32204, Feuillet 163, Page B-83268 et avec num\u00e9ro 180 au Registre de Soci\u00e9t\u00e9s Professionnelles d\u2019Avocats du Barreau de Barcelone.<\/p>\n","protected":false},"excerpt":{"rendered":"<p>Le pr\u00e9sent site web, accessible \u00e0 partir de l\u2019adresse www.brosa.es est propri\u00e9t\u00e9 exclusive de BROSA Abogados y Economistas S.L.P., CIF B-60145752, registr\u00e9 au Registre du Commerce de Barcelona, Tome 32204, Feuillet 163, Page B-83268 et avec num\u00e9ro 180 au Registre de Soci\u00e9t\u00e9s Professionnelles d\u2019Avocats du Barreau de Barcelone.<\/p>\n","protected":false},"author":1,"featured_media":0,"parent":0,"menu_order":0,"comment_status":"closed","ping_status":"closed","template":"","meta":[],"_links":{"self":[{"href":"https:\/\/brosa.es\/fr\/wp-json\/wp\/v2\/pages\/7841"}],"collection":[{"href":"https:\/\/brosa.es\/fr\/wp-json\/wp\/v2\/pages"}],"about":[{"href":"https:\/\/brosa.es\/fr\/wp-json\/wp\/v2\/types\/page"}],"author":[{"embeddable":true,"href":"https:\/\/brosa.es\/fr\/wp-json\/wp\/v2\/users\/1"}],"replies":[{"embeddable":true,"href":"https:\/\/brosa.es\/fr\/wp-json\/wp\/v2\/comments?post=7841"}],"version-history":[{"count":0,"href":"https:\/\/brosa.es\/fr\/wp-json\/wp\/v2\/pages\/7841\/revisions"}],"wp:attachment":[{"href":"https:\/\/brosa.es\/fr\/wp-json\/wp\/v2\/media?parent=7841"}],"curies":[{"name":"wp","href":"https:\/\/api.w.org\/{rel}","templated":true}]}}