{"id":7843,"date":"2017-03-30T18:49:11","date_gmt":"2017-03-30T17:49:11","guid":{"rendered":"http:\/\/brosa.es\/actualite\/"},"modified":"2017-03-30T19:15:16","modified_gmt":"2017-03-30T18:15:16","slug":"actualite","status":"publish","type":"page","link":"https:\/\/brosa.es\/fr\/actualite\/","title":{"rendered":"Actualit\u00e9"},"content":{"rendered":"<p>[vc_row equal_height=\u00a0\u00bbyes\u00a0\u00bb][vc_column][vc_text_separator title=\u00a0\u00bbBlog\u00a0\u00bb el_class=\u00a0\u00bbseparador-actualidad\u00a0\u00bb][vc_basic_grid post_type=\u00a0\u00bbpost\u00a0\u00bb max_items=\u00a0\u00bb3&Prime; item=\u00a0\u00bb6708&Prime; grid_id=\u00a0\u00bbvc_gid:1487078199980-56ff363e5aac4cc8289be2d77d244b15-5&Prime;][vc_btn title=\u00a0\u00bbVoir tous les articles du blog\u00a0\u00bb shape=\u00a0\u00bbsquare\u00a0\u00bb color=\u00a0\u00bbwarning\u00a0\u00bb align=\u00a0\u00bbcenter\u00a0\u00bb i_icon_fontawesome=\u00a0\u00bbfa fa-arrow-right\u00a0\u00bb add_icon=\u00a0\u00bbtrue\u00a0\u00bb link=\u00a0\u00bburl:http%3A%2F%2Fbrosa.es%2Fblog|||\u00a0\u00bb][vc_empty_space][\/vc_column][\/vc_row][vc_row][vc_column][vc_text_separator title=\u00a0\u00bbPublications\u00a0\u00bb el_class=\u00a0\u00bbseparador-actualidad\u00a0\u00bb][\/vc_column][\/vc_row][vc_row][vc_column width=\u00a0\u00bb1\/4&Prime;][vc_single_image image=\u00a0\u00bb6715&Prime; img_size=\u00a0\u00bbfull\u00a0\u00bb alignment=\u00a0\u00bbcenter\u00a0\u00bb][\/vc_column][vc_column width=\u00a0\u00bb3\/4&Prime;][vc_column_text]\n<h3>C\u00f3digo Concursal de la Empresa<\/h3>\n<p>Auteur: <strong>Marta Brosa<\/strong>. \u00c9ditorial: <strong>Difusi\u00f3n Jur\u00eddica<\/strong> (Madrid 2010)<\/p>\n<p>Ce travail vise \u00e0 r\u00e9unir la l\u00e9gislation applicable \u00e0 la proc\u00e9dure de faillite de perspective commerciale g\u00e9n\u00e9rale, sans tenir compte des secteurs sp\u00e9cifiques.<br \/>\nIl se compose de deux blocs. La premi\u00e8re comprend les lois sur la faillite sp\u00e9cifiques, contenant la r\u00e9forme des faillites LO 8\/2003 de la magistrature; Droit de l&rsquo;insolvabilit\u00e9 22\/2003 -Modified par RDL 3\/2009 et loi 13 \/ 2009-; RD 685\/2005 sur la publicit\u00e9 des r\u00e9solutions de faillite; RD 1860\/2004 sur les droits tarifaires des administrateurs d&rsquo;insolvabilit\u00e9; et de la directive 2008\/94 \/ CE relative \u00e0 la protection des travailleurs salari\u00e9s en cas d&rsquo;insolvabilit\u00e9.<br \/>\nLa seconde contient les principales r\u00e9f\u00e9rences normatives \u00e0 une proc\u00e9dure d&rsquo;insolvabilit\u00e9 dispers\u00e9es dans le syst\u00e8me juridique, syst\u00e9matis\u00e9es par sujet.[\/vc_column_text][\/vc_column][\/vc_row]\n","protected":false},"excerpt":{"rendered":"<p>[vc_row equal_height=\u00a0\u00bbyes\u00a0\u00bb][vc_column][vc_text_separator title=\u00a0\u00bbBlog\u00a0\u00bb el_class=\u00a0\u00bbseparador-actualidad\u00a0\u00bb][vc_basic_grid post_type=\u00a0\u00bbpost\u00a0\u00bb max_items=\u00a0\u00bb3&Prime; item=\u00a0\u00bb6708&Prime; grid_id=\u00a0\u00bbvc_gid:1487078199980-56ff363e5aac4cc8289be2d77d244b15-5&Prime;][vc_btn title=\u00a0\u00bbVoir tous les articles du blog\u00a0\u00bb shape=\u00a0\u00bbsquare\u00a0\u00bb color=\u00a0\u00bbwarning\u00a0\u00bb align=\u00a0\u00bbcenter\u00a0\u00bb i_icon_fontawesome=\u00a0\u00bbfa fa-arrow-right\u00a0\u00bb add_icon=\u00a0\u00bbtrue\u00a0\u00bb link=\u00a0\u00bburl:http%3A%2F%2Fbrosa.es%2Fblog|||\u00a0\u00bb][vc_empty_space][\/vc_column][\/vc_row][vc_row][vc_column][vc_text_separator title=\u00a0\u00bbPublications\u00a0\u00bb el_class=\u00a0\u00bbseparador-actualidad\u00a0\u00bb][\/vc_column][\/vc_row][vc_row][vc_column width=\u00a0\u00bb1\/4&Prime;][vc_single_image image=\u00a0\u00bb6715&Prime; img_size=\u00a0\u00bbfull\u00a0\u00bb alignment=\u00a0\u00bbcenter\u00a0\u00bb][\/vc_column][vc_column width=\u00a0\u00bb3\/4&Prime;][vc_column_text] C\u00f3digo Concursal de la Empresa Auteur: Marta Brosa. \u00c9ditorial: Difusi\u00f3n Jur\u00eddica (Madrid 2010) Ce travail vise \u00e0 r\u00e9unir la l\u00e9gislation applicable \u00e0 la proc\u00e9dure de faillite de&#8230;<\/p>\n","protected":false},"author":1,"featured_media":0,"parent":0,"menu_order":0,"comment_status":"closed","ping_status":"closed","template":"","meta":[],"_links":{"self":[{"href":"https:\/\/brosa.es\/fr\/wp-json\/wp\/v2\/pages\/7843"}],"collection":[{"href":"https:\/\/brosa.es\/fr\/wp-json\/wp\/v2\/pages"}],"about":[{"href":"https:\/\/brosa.es\/fr\/wp-json\/wp\/v2\/types\/page"}],"author":[{"embeddable":true,"href":"https:\/\/brosa.es\/fr\/wp-json\/wp\/v2\/users\/1"}],"replies":[{"embeddable":true,"href":"https:\/\/brosa.es\/fr\/wp-json\/wp\/v2\/comments?post=7843"}],"version-history":[{"count":5,"href":"https:\/\/brosa.es\/fr\/wp-json\/wp\/v2\/pages\/7843\/revisions"}],"predecessor-version":[{"id":7865,"href":"https:\/\/brosa.es\/fr\/wp-json\/wp\/v2\/pages\/7843\/revisions\/7865"}],"wp:attachment":[{"href":"https:\/\/brosa.es\/fr\/wp-json\/wp\/v2\/media?parent=7843"}],"curies":[{"name":"wp","href":"https:\/\/api.w.org\/{rel}","templated":true}]}}