{"id":7848,"date":"2017-03-30T18:54:57","date_gmt":"2017-03-30T17:54:57","guid":{"rendered":"http:\/\/brosa.es\/contact\/"},"modified":"2017-07-26T10:54:27","modified_gmt":"2017-07-26T09:54:27","slug":"contact","status":"publish","type":"page","link":"https:\/\/brosa.es\/fr\/contact\/","title":{"rendered":"Contact"},"content":{"rendered":"<p>[vc_row 0=\u00a0\u00bb\u00a0\u00bb][vc_column width=\u00a0\u00bb2\/3&Prime;][vc_column_text 0=\u00a0\u00bb\u00a0\u00bb]Vous pouvez nos faire une consultation professionnelle \u00e0 travers le formulaire ci-dessous ou consulter nos <a href=\"https:\/\/brosa.es\/fr\/sieges-et-networking\/\">bureaux<\/a>.[\/vc_column_text]\n<div class=\"wpcf7 no-js\" id=\"wpcf7-f7933-o1\" lang=\"es-ES\" dir=\"ltr\">\n<div class=\"screen-reader-response\"><p role=\"status\" aria-live=\"polite\" aria-atomic=\"true\"><\/p> <ul><\/ul><\/div>\n<form action=\"\/fr\/wp-json\/wp\/v2\/pages\/7848#wpcf7-f7933-o1\" method=\"post\" class=\"wpcf7-form init\" aria-label=\"Formulario de contacto\" novalidate=\"novalidate\" data-status=\"init\">\n<div style=\"display: none;\">\n<input type=\"hidden\" name=\"_wpcf7\" value=\"7933\" \/>\n<input type=\"hidden\" name=\"_wpcf7_version\" value=\"5.7.7\" \/>\n<input type=\"hidden\" name=\"_wpcf7_locale\" value=\"es_ES\" \/>\n<input type=\"hidden\" name=\"_wpcf7_unit_tag\" value=\"wpcf7-f7933-o1\" \/>\n<input type=\"hidden\" name=\"_wpcf7_container_post\" value=\"0\" \/>\n<input type=\"hidden\" name=\"_wpcf7_posted_data_hash\" value=\"\" \/>\n<\/div>\n<p><label>Pr\u00e9nom* <span class=\"wpcf7-form-control-wrap\" data-name=\"nombre\"><input size=\"40\" class=\"wpcf7-form-control wpcf7-text wpcf7-validates-as-required\" aria-required=\"true\" aria-invalid=\"false\" value=\"\" type=\"text\" name=\"nombre\" \/><\/span><\/label>\n<\/p>\n<p><br \/>\n<label>Nom* <span class=\"wpcf7-form-control-wrap\" data-name=\"apellido\"><input size=\"40\" class=\"wpcf7-form-control wpcf7-text wpcf7-validates-as-required\" aria-required=\"true\" aria-invalid=\"false\" value=\"\" type=\"text\" name=\"apellido\" \/><\/span><\/label><br \/>\n<label>Organisation <span class=\"wpcf7-form-control-wrap\" data-name=\"empresa\"><input size=\"40\" class=\"wpcf7-form-control wpcf7-text\" aria-invalid=\"false\" value=\"\" type=\"text\" name=\"empresa\" \/><\/span><\/label><br \/>\n<label>Ville* <span class=\"wpcf7-form-control-wrap\" data-name=\"ciudad\"><input size=\"40\" class=\"wpcf7-form-control wpcf7-text wpcf7-validates-as-required\" aria-required=\"true\" aria-invalid=\"false\" value=\"\" type=\"text\" name=\"ciudad\" \/><\/span><\/label><br \/>\n<label>Pays* <span class=\"wpcf7-form-control-wrap\" data-name=\"pais\"><input size=\"40\" class=\"wpcf7-form-control wpcf7-text wpcf7-validates-as-required\" aria-required=\"true\" aria-invalid=\"false\" value=\"\" type=\"text\" name=\"pais\" \/><\/span><\/label><br \/>\n<label>T\u00e9l\u00e9phone <span class=\"wpcf7-form-control-wrap\" data-name=\"telefono\"><input size=\"40\" class=\"wpcf7-form-control wpcf7-text wpcf7-tel wpcf7-validates-as-tel\" aria-invalid=\"false\" value=\"\" type=\"tel\" name=\"telefono\" \/><\/span><\/label><br \/>\n<label>Adresse email* <span class=\"wpcf7-form-control-wrap\" data-name=\"email\"><input size=\"40\" class=\"wpcf7-form-control wpcf7-text wpcf7-email wpcf7-validates-as-required wpcf7-validates-as-email\" aria-required=\"true\" aria-invalid=\"false\" value=\"\" type=\"email\" name=\"email\" \/><\/span><\/label><br \/>\n<label>Message <span class=\"wpcf7-form-control-wrap\" data-name=\"mensaje\"><textarea cols=\"40\" rows=\"10\" class=\"wpcf7-form-control wpcf7-textarea\" aria-invalid=\"false\" name=\"mensaje\"><\/textarea><\/span> <\/label>\n<\/p>\n<p><input class=\"wpcf7-form-control has-spinner wpcf7-submit\" type=\"submit\" value=\"Envoyer\" \/>\n<\/p><div class=\"wpcf7-response-output\" aria-hidden=\"true\"><\/div>\n<\/form>\n<\/div>\n[vc_column_text 0=\u00a0\u00bb\u00a0\u00bb]Conform\u00e9ment \u00e0 la Loi concernant la protection de juridique des bases des donn\u00e9es, \u00a0nous vous informons que les donn\u00e9es ici fournies seront int\u00e9gr\u00e9s dans n\u00f4tres fichiers (dot\u00e9s des n\u00e9cessaires mesures de s\u00e9curit\u00e9), exclusivement pour la r\u00e9mission d\u2019information de votre int\u00e9r\u00eat, pr\u00e9alable consentement ici pr\u00eat\u00e9e. Dans le cas o\u00f9 vous n\u2019exprime votre consentement pour recevoir d\u2019autres informations compl\u00e9mentaires de notre part. nous nous abstiendrons de vous remettre plus d\u2019information, en vertu du \u00e9tablie dans la LSSI.<\/p>\n<p>En n\u2019importe quel moment si vous d\u00e9sirez ne recevoir\u00a0 plus d\u2019informations o bien vous voulez exercer les droits d\u2019acc\u00e8s, rectification, annulation ou opposition de vos coordonn\u00e9es, vous pouvez le faire \u00e0 l\u2019adresse suivante\u00a0:<\/p>\n<p>BROSA Abogados y Economistas, S.L.P. CIF: B60145752<br \/>\nAribau 191-193, 08021 Barcelona<br \/>\nTel. +34 932404151\u00a0<a href=\"mailto:info@brosa.es\">E-mail: info@brosa.es<\/a>[\/vc_column_text][\/vc_column][vc_column width=\u00a0\u00bb1\/3&Prime;][\/vc_column][\/vc_row]\n","protected":false},"excerpt":{"rendered":"<p>[vc_row 0=\u00a0\u00bb\u00a0\u00bb][vc_column width=\u00a0\u00bb2\/3&Prime;][vc_column_text 0=\u00a0\u00bb\u00a0\u00bb]Vous pouvez nos faire une consultation professionnelle \u00e0 travers le formulaire ci-dessous ou consulter nos bureaux.[\/vc_column_text][vc_column_text 0=\u00a0\u00bb\u00a0\u00bb]Conform\u00e9ment \u00e0 la Loi concernant la protection de juridique des bases des donn\u00e9es, \u00a0nous vous informons que les donn\u00e9es ici fournies seront int\u00e9gr\u00e9s dans n\u00f4tres fichiers (dot\u00e9s des n\u00e9cessaires mesures de s\u00e9curit\u00e9), exclusivement pour la r\u00e9mission&#8230;<\/p>\n","protected":false},"author":1,"featured_media":0,"parent":0,"menu_order":0,"comment_status":"closed","ping_status":"closed","template":"","meta":[],"_links":{"self":[{"href":"https:\/\/brosa.es\/fr\/wp-json\/wp\/v2\/pages\/7848"}],"collection":[{"href":"https:\/\/brosa.es\/fr\/wp-json\/wp\/v2\/pages"}],"about":[{"href":"https:\/\/brosa.es\/fr\/wp-json\/wp\/v2\/types\/page"}],"author":[{"embeddable":true,"href":"https:\/\/brosa.es\/fr\/wp-json\/wp\/v2\/users\/1"}],"replies":[{"embeddable":true,"href":"https:\/\/brosa.es\/fr\/wp-json\/wp\/v2\/comments?post=7848"}],"version-history":[{"count":5,"href":"https:\/\/brosa.es\/fr\/wp-json\/wp\/v2\/pages\/7848\/revisions"}],"predecessor-version":[{"id":8023,"href":"https:\/\/brosa.es\/fr\/wp-json\/wp\/v2\/pages\/7848\/revisions\/8023"}],"wp:attachment":[{"href":"https:\/\/brosa.es\/fr\/wp-json\/wp\/v2\/media?parent=7848"}],"curies":[{"name":"wp","href":"https:\/\/api.w.org\/{rel}","templated":true}]}}