{"id":7851,"date":"2017-03-30T19:09:14","date_gmt":"2017-03-30T18:09:14","guid":{"rendered":"http:\/\/brosa.es\/sieges-et-networking\/"},"modified":"2021-08-30T15:13:55","modified_gmt":"2021-08-30T14:13:55","slug":"sieges-et-networking","status":"publish","type":"page","link":"https:\/\/brosa.es\/fr\/sieges-et-networking\/","title":{"rendered":"Si\u00e8ges et Networking"},"content":{"rendered":"<p>[vc_row 0=\u00a0\u00bb\u00a0\u00bb][vc_column 0=\u00a0\u00bb\u00a0\u00bb][vc_text_separator title=\u00a0\u00bbNos si\u00e8ges\u00a0\u00bb][\/vc_column][\/vc_row][vc_row 0=\u00a0\u00bb\u00a0\u00bb][vc_column width=\u00a0\u00bb1\/3&Prime;][vc_column_text 0=\u00a0\u00bb\u00a0\u00bb]\n<h3>Barcelona<\/h3>\n<p>Aribau 191-193, 4\u00ba 1\u00aa &#8211;\u00a008021 Barcelona<br \/>\n<i class=\"fa fa-phone\" style=\"margin-right: 10px;\"> <\/i>+34 93 240 41 51<br \/>\n<i class=\"fa fa-fax\" style=\"margin-right: 10px;\"> <\/i>+34 93 414 07 29<br \/>\n<i class=\"fa fa-envelope\" style=\"margin-right: 10px;\"> <\/i>info@brosa.es<\/p>\n<p>Contact: Marta Brosa<\/p>\n<div class=\"mapa-overlay\"><\/div>\n<p><iframe loading=\"lazy\" style=\"border: 0;\" src=\"https:\/\/www.google.com\/maps\/embed?pb=!1m18!1m12!1m3!1d1496.5618814253132!2d2.1454636804606015!3d41.393118538484586!2m3!1f0!2f0!3f0!3m2!1i1024!2i768!4f13.1!3m3!1m2!1s0x0%3A0x61f4fc1423e859be!2sBrosa+Abogados+y+Economistas!5e0!3m2!1sca!2ses!4v1486289171201\" width=\"100%\" height=\"150\" frameborder=\"0\" allowfullscreen=\"allowfullscreen\"><\/iframe>[\/vc_column_text][\/vc_column][vc_column width=\u00a0\u00bb1\/3&Prime;][vc_column_text 0=\u00a0\u00bb\u00a0\u00bb]\n<h3>Madrid<\/h3>\n<p>C\/ O\u2019Donnell n\u00famero 30, 3\u00ba A.\u00a028009 Madrid<br \/>\n<i class=\"fa fa-phone\" style=\"margin-right: 10px;\"> <\/i>+34 91 593 42 44<br \/>\n<i class=\"fa fa-fax\" style=\"margin-right: 10px;\"> <\/i>+34 91 593 04 55<br \/>\n<i class=\"fa fa-envelope\" style=\"margin-right: 10px;\"> <\/i>info@brosa.es<\/p>\n<p>Contact: Jaime Brosa<\/p>\n<div class=\"mapa-overlay\"><\/div>\n<p><iframe loading=\"lazy\" style=\"border: 0;\" src=\"https:\/\/www.google.com\/maps\/embed?pb=!1m18!1m12!1m3!1d3037.4423526152827!2d-3.6773901843509833!3d40.42120286329094!2m3!1f0!2f0!3f0!3m2!1i1024!2i768!4f13.1!3m3!1m2!1s0xd4228a45449669d%3A0xc2594fb305a24f23!2sCalle%20de%20O'Donnell%2C%2030%2C%2028009%20Madrid!5e0!3m2!1ses!2ses!4v1630332642616!5m2!1ses!2ses\" width=\"100%\" height=\"150\" allowfullscreen=\"allowfullscreen\"><\/iframe>[\/vc_column_text][\/vc_column][vc_column width=\u00a0\u00bb1\/3&Prime;][vc_column_text 0=\u00a0\u00bb\u00a0\u00bb]\n<h3>Bilbao<\/h3>\n<p>Gran V\u00eda, 42, Ppal. izqda. &#8211; 48011 Bilbao<br \/>\n<i class=\"fa fa-phone\" style=\"margin-right: 10px;\"> <\/i>+34 94 435 53 80<br \/>\n<i class=\"fa fa-fax\" style=\"margin-right: 10px;\"> <\/i>+34 94 435 53 81<br \/>\n<i class=\"fa fa-envelope\" style=\"margin-right: 10px;\"> <\/i>info@brosa.es<\/p>\n<p>Contact: Jordi Brosa<\/p>\n<div class=\"mapa-overlay\"><\/div>\n<p><iframe loading=\"lazy\" style=\"border: 0;\" src=\"https:\/\/www.google.com\/maps\/embed?pb=!1m18!1m12!1m3!1d1221.5741116339032!2d-2.9371910786140405!3d43.26380136887613!2m3!1f0!2f0!3f0!3m2!1i1024!2i768!4f13.1!3m3!1m2!1s0xd4e4fd819def913%3A0x92043dd63b0c6b2e!2sOn+Diego+L%C3%B3pez+Haroko+Kale+Nagusia%2C+42%2C+48009+Bilbo%2C+Bizkaia!5e0!3m2!1sca!2ses!4v1486289447433\" width=\"100%\" height=\"150\" frameborder=\"0\" allowfullscreen=\"allowfullscreen\"><\/iframe>[\/vc_column_text][\/vc_column][\/vc_row][vc_row 0=\u00a0\u00bb\u00a0\u00bb][vc_column width=\u00a0\u00bb1\/2&Prime;][vc_column_text 0=\u00a0\u00bb\u00a0\u00bb]\n<h3>Portugal<\/h3>\n<p><strong>Franco Caiado &amp; Associados<\/strong><br \/>\nRua de Emenda, 69, 1\u00aa<br \/>\n1200 &#8211; 169 Lisboa<br \/>\n<i class=\"fa fa-phone\" style=\"margin-right: 10px;\"> <\/i> +35 1 213 241 750<br \/>\n<i class=\"fa fa-fax\" style=\"margin-right: 10px;\"> <\/i>+35 1 213 241 751<br \/>\n<i class=\"fa fa-envelope\" style=\"margin-right: 10px;\"> <\/i>info.pt@brosa.es<\/p>\n<p><iframe loading=\"lazy\" style=\"border: 0;\" src=\"https:\/\/www.google.com\/maps\/embed?pb=!1m18!1m12!1m3!1d3113.349536725662!2d-9.146683384235384!3d38.70978327960002!2m3!1f0!2f0!3f0!3m2!1i1024!2i768!4f13.1!3m3!1m2!1s0xd19347e37697897%3A0x7fba2dd367972a2d!2sRua+da+Emenda+69%2C+1200-001+Lisboa%2C+Portugal!5e0!3m2!1sca!2ses!4v1486289536888\" width=\"100%\" height=\"150\" frameborder=\"0\" allowfullscreen=\"allowfullscreen\"><\/iframe>[\/vc_column_text][\/vc_column][vc_column width=\u00a0\u00bb1\/2&Prime;][vc_column_text 0=\u00a0\u00bb\u00a0\u00bb]\n<h3>Florida (EE.UU.)<\/h3>\n<p><a href=\"http:\/\/www.internationalhubportmanatee.com\"><strong>International Trade Hub Port Manatee<br \/>\n<\/strong><\/a> 1905 International Circle Building, Palmetto, FL US<br \/>\n<i class=\"fa fa-phone\" style=\"margin-right: 10px;\"> <\/i>+1 941 721 2370 \/ +34 93 240 41 51<br \/>\n<i class=\"fa fa-envelope\" style=\"margin-right: 10px;\"> <\/i>pere.casanova@brosa.es<\/p>\n<p>Contact: Pere Casanova<\/p>\n<div class=\"mapa-overlay\"><\/div>\n<p><iframe loading=\"lazy\" style=\"border: 0;\" src=\"https:\/\/www.google.com\/maps\/embed?pb=!1m18!1m12!1m3!1d8406.75076301905!2d-82.55457666428923!3d27.63680064796853!2m3!1f0!2f0!3f0!3m2!1i1024!2i768!4f13.1!3m3!1m2!1s0x88c321f1291742ef%3A0x226750c27fac63b4!2sPort+Manatee!5e0!3m2!1sca!2ses!4v1486290429654\" width=\"100%\" height=\"150\" frameborder=\"0\" allowfullscreen=\"allowfullscreen\"><\/iframe>[\/vc_column_text][\/vc_column][\/vc_row][vc_row full_width=\u00a0\u00bbstretch_row\u00a0\u00bb css=\u00a0\u00bb.vc_custom_1486335944087{background-color: #ee8d40 !important;}\u00a0\u00bb][vc_column 0=\u00a0\u00bb\u00a0\u00bb][vc_text_separator title=\u00a0\u00bbCabinets associ\u00e9s et collaborateurs\u00a0\u00bb color=\u00a0\u00bbwhite\u00a0\u00bb el_class=\u00a0\u00bbseparador-negativo\u00a0\u00bb][vc_row_inner 0=\u00a0\u00bb\u00a0\u00bb][vc_column_inner width=\u00a0\u00bb1\/3&Prime;][vc_column_text el_class=\u00a0\u00bbcolaborador\u00a0\u00bb]<a href=\"http:\/\/www.tucom.es\"><img decoding=\"async\" loading=\"lazy\" class=\"alignnone wp-image-6562 \" src=\"https:\/\/brosa.es\/wp-content\/uploads\/2017\/01\/tucom-logo.gif\" width=\"220\" height=\"46\" \/><\/a>[\/vc_column_text][\/vc_column_inner][vc_column_inner width=\u00a0\u00bb1\/3&Prime;][vc_column_text el_class=\u00a0\u00bbcolaborador\u00a0\u00bb]<a href=\"http:\/\/indabasolutions.com\"><img decoding=\"async\" loading=\"lazy\" class=\"alignnone wp-image-6560\" src=\"https:\/\/brosa.es\/wp-content\/uploads\/2017\/01\/indaba_horizontal_72dpi_web1-2.png\" width=\"297\" height=\"59\" \/><\/a>[\/vc_column_text][\/vc_column_inner][vc_column_inner width=\u00a0\u00bb1\/3&Prime;][vc_column_text el_class=\u00a0\u00bbcolaborador\u00a0\u00bb]<a href=\"http:\/\/www.goldenarts.es\"><img decoding=\"async\" loading=\"lazy\" class=\"alignnone wp-image-6564\" src=\"https:\/\/brosa.es\/wp-content\/uploads\/2017\/01\/golden-arts-1.png\" width=\"146\" height=\"66\" \/><\/a>[\/vc_column_text][\/vc_column_inner][\/vc_row_inner][vc_row_inner 0=\u00a0\u00bb\u00a0\u00bb][vc_column_inner width=\u00a0\u00bb1\/4&Prime;][vc_column_text el_class=\u00a0\u00bbcolaborador\u00a0\u00bb]<img decoding=\"async\" loading=\"lazy\" class=\"alignnone wp-image-6557\" src=\"https:\/\/brosa.es\/wp-content\/uploads\/2017\/01\/ionictec.png\" alt=\"\" width=\"204\" height=\"87\" \/>[\/vc_column_text][\/vc_column_inner][vc_column_inner width=\u00a0\u00bb1\/4&Prime;][vc_column_text el_class=\u00a0\u00bbcolaborador\u00a0\u00bb]<img decoding=\"async\" loading=\"lazy\" class=\"aligncenter\" src=\"https:\/\/brosa.es\/wp-content\/uploads\/2017\/01\/Logo-Euroadvisers-2011.jpg\" width=\"253\" height=\"69\" \/>[\/vc_column_text][\/vc_column_inner][vc_column_inner width=\u00a0\u00bb1\/4&Prime;][vc_column_text el_class=\u00a0\u00bbcolaborador\u00a0\u00bb]<a href=\"http:\/\/www.internationalhubportmanatee.com\"><img decoding=\"async\" loading=\"lazy\" class=\"alignnone wp-image-6561 size-full\" src=\"https:\/\/brosa.es\/wp-content\/uploads\/2017\/01\/ithub-logo.png\" width=\"175\" height=\"83\" \/><\/a>[\/vc_column_text][\/vc_column_inner][vc_column_inner width=\u00a0\u00bb1\/4&Prime;][vc_column_text el_class=\u00a0\u00bbcolaborador\u00a0\u00bb]<img decoding=\"async\" loading=\"lazy\" class=\"alignnone wp-image-6724 size-medium\" src=\"https:\/\/brosa.es\/wp-content\/uploads\/2017\/01\/pb-gestion-300x79.jpg\" width=\"300\" height=\"79\" srcset=\"https:\/\/brosa.es\/wp-content\/uploads\/2017\/01\/pb-gestion-300x79.jpg 300w, https:\/\/brosa.es\/wp-content\/uploads\/2017\/01\/pb-gestion-768x202.jpg 768w, https:\/\/brosa.es\/wp-content\/uploads\/2017\/01\/pb-gestion-710x187.jpg 710w, https:\/\/brosa.es\/wp-content\/uploads\/2017\/01\/pb-gestion.jpg 900w\" sizes=\"(max-width: 300px) 100vw, 300px\" \/>[\/vc_column_text][\/vc_column_inner][\/vc_row_inner][\/vc_column][\/vc_row][vc_row 0=\u00a0\u00bb\u00a0\u00bb][vc_column 0=\u00a0\u00bb\u00a0\u00bb][vc_text_separator title=\u00a0\u00bbR\u00e9seaux nationaux\u00a0\u00bb][vc_column_text el_class=\u00a0\u00bborganizaciones-nacionales\u00a0\u00bb]\n<p style=\"text-align: center;\">Notre cabinet et nos professionnels sont membres de diff\u00e9rents r\u00e9seaux nationaux :<\/p>\n<p><img decoding=\"async\" loading=\"lazy\" class=\"alignnone \" src=\"https:\/\/brosa.es\/wp-content\/uploads\/2017\/01\/logoicab.jpg\" alt=\"\" width=\"132\" height=\"109\" \/><img decoding=\"async\" loading=\"lazy\" class=\"alignnone \" src=\"https:\/\/brosa.es\/wp-content\/uploads\/2017\/01\/club-transitario-maritimo.jpg\" alt=\"\" width=\"131\" height=\"59\" \/><img decoding=\"async\" loading=\"lazy\" class=\"alignnone \" src=\"https:\/\/brosa.es\/wp-content\/uploads\/2017\/01\/isaca.png\" alt=\"\" width=\"161\" height=\"60\" \/><img decoding=\"async\" loading=\"lazy\" class=\"alignnone \" src=\"https:\/\/brosa.es\/wp-content\/uploads\/2017\/01\/CEC.gif\" alt=\"\" width=\"171\" height=\"42\" \/> <img decoding=\"async\" loading=\"lazy\" class=\"alignnone \" src=\"https:\/\/brosa.es\/wp-content\/uploads\/2017\/01\/pimec.jpg\" alt=\"\" width=\"132\" height=\"91\" \/><img decoding=\"async\" loading=\"lazy\" class=\"alignnone \" src=\"https:\/\/brosa.es\/wp-content\/uploads\/2017\/01\/Logo-Camera-v4.png\" alt=\"\" width=\"119\" height=\"58\" \/><img decoding=\"async\" loading=\"lazy\" class=\"alignnone \" src=\"https:\/\/brosa.es\/wp-content\/uploads\/2017\/01\/icil-fundacion-logo.png\" alt=\"\" width=\"190\" height=\"52\" \/>[\/vc_column_text][vc_text_separator title=\u00a0\u00bbR\u00e9seaux internationaux\u00a0\u00bb][\/vc_column][\/vc_row][vc_row 0=\u00a0\u00bb\u00a0\u00bb][vc_column width=\u00a0\u00bb1\/4&Prime;][vc_single_image image=\u00a0\u00bb6217&Prime; img_size=\u00a0\u00bbfull\u00a0\u00bb][\/vc_column][vc_column width=\u00a0\u00bb3\/4&Prime;][vc_column_text 0=\u00a0\u00bb\u00a0\u00bb]Notre Cabinet est membre en exclusivit\u00e9 en Espagne de l&rsquo;organisation <a href=\"http:\/\/www.iln.com\/\"><strong>INTERNATIONAL LAWYERS NETWORK<\/strong><\/a>.<\/p>\n<p>International Lawyers Network, est un des plus grands r\u00e9seaux d\u2019avocats exp\u00e9riment\u00e9s dans le monde, une plate-forme \u00e0 la port\u00e9e des clients lesquelles peuvent avoir acc\u00e8s aux professionnels juridiques de qualit\u00e9 dans tout le monde, avec les services personnalis\u00e9s et l\u2019effectivit\u00e9 des co\u00fbts que seulement les cabinets locaux et ind\u00e9pendants peuvent offrir. L\u2019International Lawyers Network est un r\u00e9seau de plus de 85 cabinets d&rsquo;avocats sp\u00e9cialis\u00e9s, d\u2019haute qualification. Il y a \u00a0qui offrent des services complets dans tous les domaines et des autre qui sont sp\u00e9cialis\u00e9s en domaines plus particuliers. Dans les r\u00e9seaux il \u2018ya \u00a0plus de 4.500 avocats dans 61 pays dans les cinq continents. L\u2019excellence, l\u2019exp\u00e9rience d\u00e9montr\u00e9e, leur \u00a0pr\u00e9sence autour du monde et relations de International Lawyers Network est une combinaison que fait de ce r\u00e9seau un des leaders des associations des cabinets juridiques ind\u00e9pendants du monde[\/vc_column_text][\/vc_column][\/vc_row]\n","protected":false},"excerpt":{"rendered":"<p>[vc_row 0=\u00a0\u00bb\u00a0\u00bb][vc_column 0=\u00a0\u00bb\u00a0\u00bb][vc_text_separator title=\u00a0\u00bbNos si\u00e8ges\u00a0\u00bb][\/vc_column][\/vc_row][vc_row 0=\u00a0\u00bb\u00a0\u00bb][vc_column width=\u00a0\u00bb1\/3&Prime;][vc_column_text 0=\u00a0\u00bb\u00a0\u00bb] Barcelona Aribau 191-193, 4\u00ba 1\u00aa &#8211;\u00a008021 Barcelona +34 93 240 41 51 +34 93 414 07 29 info@brosa.es Contact: Marta Brosa [\/vc_column_text][\/vc_column][vc_column width=\u00a0\u00bb1\/3&Prime;][vc_column_text 0=\u00a0\u00bb\u00a0\u00bb] Madrid C\/ O\u2019Donnell n\u00famero 30, 3\u00ba A.\u00a028009 Madrid +34 91 593 42 44 +34 91 593 04 55 info@brosa.es Contact: Jaime Brosa [\/vc_column_text][\/vc_column][vc_column&#8230;<\/p>\n","protected":false},"author":1,"featured_media":0,"parent":0,"menu_order":0,"comment_status":"closed","ping_status":"closed","template":"","meta":[],"_links":{"self":[{"href":"https:\/\/brosa.es\/fr\/wp-json\/wp\/v2\/pages\/7851"}],"collection":[{"href":"https:\/\/brosa.es\/fr\/wp-json\/wp\/v2\/pages"}],"about":[{"href":"https:\/\/brosa.es\/fr\/wp-json\/wp\/v2\/types\/page"}],"author":[{"embeddable":true,"href":"https:\/\/brosa.es\/fr\/wp-json\/wp\/v2\/users\/1"}],"replies":[{"embeddable":true,"href":"https:\/\/brosa.es\/fr\/wp-json\/wp\/v2\/comments?post=7851"}],"version-history":[{"count":5,"href":"https:\/\/brosa.es\/fr\/wp-json\/wp\/v2\/pages\/7851\/revisions"}],"predecessor-version":[{"id":9522,"href":"https:\/\/brosa.es\/fr\/wp-json\/wp\/v2\/pages\/7851\/revisions\/9522"}],"wp:attachment":[{"href":"https:\/\/brosa.es\/fr\/wp-json\/wp\/v2\/media?parent=7851"}],"curies":[{"name":"wp","href":"https:\/\/api.w.org\/{rel}","templated":true}]}}