{"id":7870,"date":"2017-03-30T21:08:30","date_gmt":"2017-03-30T20:08:30","guid":{"rendered":"http:\/\/brosa.es\/accueil\/"},"modified":"2017-03-30T22:14:18","modified_gmt":"2017-03-30T21:14:18","slug":"accueil","status":"publish","type":"page","link":"https:\/\/brosa.es\/fr\/","title":{"rendered":"Accueil"},"content":{"rendered":"<p>[vc_row][vc_column][vc_text_separator title=\u00a0\u00bbPrincipes\u00a0\u00bb color=\u00a0\u00bbcustom\u00a0\u00bb][\/vc_column][\/vc_row][vc_row el_class=\u00a0\u00bbfive-columns fila-principios-actuacion\u00a0\u00bb][vc_column css_animation=\u00a0\u00bbnone\u00a0\u00bb width=\u00a0\u00bb1\/6&Prime;][vc_icon icon_fontawesome=\u00a0\u00bbfa fa-star\u00a0\u00bb color=\u00a0\u00bbcustom\u00a0\u00bb background_style=\u00a0\u00bbrounded\u00a0\u00bb background_color=\u00a0\u00bbwhite\u00a0\u00bb align=\u00a0\u00bbcenter\u00a0\u00bb css_animation=\u00a0\u00bbnone\u00a0\u00bb custom_color=\u00a0\u00bb#ee8d40&Prime; css=\u00a0\u00bb.vc_custom_1486231820312{margin-bottom: 0px !important;}\u00a0\u00bb][vc_column_text]\n<p style=\"text-align: center;\">Qualit\u00e9 et eficacit\u00e9<\/p>\n[\/vc_column_text][\/vc_column][vc_column width=\u00a0\u00bb1\/6&Prime;][vc_icon icon_fontawesome=\u00a0\u00bbfa fa-briefcase\u00a0\u00bb color=\u00a0\u00bbcustom\u00a0\u00bb background_style=\u00a0\u00bbrounded\u00a0\u00bb background_color=\u00a0\u00bbwhite\u00a0\u00bb align=\u00a0\u00bbcenter\u00a0\u00bb css_animation=\u00a0\u00bbnone\u00a0\u00bb custom_color=\u00a0\u00bb#ee8d40&Prime; css=\u00a0\u00bb.vc_custom_1486232090660{margin-bottom: 0px !important;}\u00a0\u00bb][vc_column_text]\n<p style=\"text-align: center;\">Conseil aux entreprises<\/p>\n[\/vc_column_text][\/vc_column][vc_column width=\u00a0\u00bb1\/6&Prime;][vc_icon icon_fontawesome=\u00a0\u00bbfa fa-retweet\u00a0\u00bb color=\u00a0\u00bbcustom\u00a0\u00bb background_style=\u00a0\u00bbrounded\u00a0\u00bb background_color=\u00a0\u00bbwhite\u00a0\u00bb align=\u00a0\u00bbcenter\u00a0\u00bb css_animation=\u00a0\u00bbnone\u00a0\u00bb custom_color=\u00a0\u00bb#ee8d40&Prime; css=\u00a0\u00bb.vc_custom_1486232139008{margin-bottom: 0px !important;}\u00a0\u00bb][vc_column_text]\n<p style=\"text-align: center;\">Service int\u00e9gral<\/p>\n[\/vc_column_text][\/vc_column][vc_column width=\u00a0\u00bb1\/6&Prime; el_class=\u00a0\u00bbcolumna-salto\u00a0\u00bb][vc_icon icon_fontawesome=\u00a0\u00bbfa fa-book\u00a0\u00bb color=\u00a0\u00bbcustom\u00a0\u00bb background_style=\u00a0\u00bbrounded\u00a0\u00bb background_color=\u00a0\u00bbwhite\u00a0\u00bb align=\u00a0\u00bbcenter\u00a0\u00bb css_animation=\u00a0\u00bbnone\u00a0\u00bb custom_color=\u00a0\u00bb#ee8d40&Prime; css=\u00a0\u00bb.vc_custom_1486232175891{margin-bottom: 0px !important;}\u00a0\u00bb][vc_column_text]\n<p style=\"text-align: center;\">Assistance juridiques pr\u00e9ventive<\/p>\n[\/vc_column_text][\/vc_column][vc_column width=\u00a0\u00bb1\/6&Prime;][vc_icon icon_fontawesome=\u00a0\u00bbfa fa-users\u00a0\u00bb color=\u00a0\u00bbcustom\u00a0\u00bb background_style=\u00a0\u00bbrounded\u00a0\u00bb background_color=\u00a0\u00bbwhite\u00a0\u00bb align=\u00a0\u00bbcenter\u00a0\u00bb css_animation=\u00a0\u00bbnone\u00a0\u00bb custom_color=\u00a0\u00bb#ee8d40&Prime; css=\u00a0\u00bb.vc_custom_1486232207512{margin-bottom: 0px !important;}\u00a0\u00bb][vc_column_text]\n<p style=\"text-align: center;\">Avocats et \u00e9conomistes<\/p>\n[\/vc_column_text][\/vc_column][vc_column width=\u00a0\u00bb1\/6&Prime;][\/vc_column][\/vc_row][vc_row][vc_column][vc_btn title=\u00a0\u00bbLes caract\u00e9ristiques qui nous d\u00e9finissent\u00a0\u00bb style=\u00a0\u00bbcustom\u00a0\u00bb custom_background=\u00a0\u00bb#ee8d40&Prime; custom_text=\u00a0\u00bb#ffffff\u00a0\u00bb shape=\u00a0\u00bbsquare\u00a0\u00bb size=\u00a0\u00bbsm\u00a0\u00bb align=\u00a0\u00bbcenter\u00a0\u00bb i_align=\u00a0\u00bbright\u00a0\u00bb i_icon_fontawesome=\u00a0\u00bbfa fa-caret-right\u00a0\u00bb add_icon=\u00a0\u00bbtrue\u00a0\u00bb link=\u00a0\u00bburl:http%3A%2F%2Fbrosa.es%2Fla-firma%2F%231486557288742-85a85a90-7e21|||\u00a0\u00bb][vc_empty_space height=\u00a0\u00bb24px\u00a0\u00bb][vc_text_separator title=\u00a0\u00bbComp\u00e9tences\u00a0\u00bb color=\u00a0\u00bbcustom\u00a0\u00bb][\/vc_column][\/vc_row][vc_row el_class=\u00a0\u00bbfila-areas-de-practica\u00a0\u00bb][vc_column width=\u00a0\u00bb1\/4&Prime; offset=\u00a0\u00bbvc_col-md-offset-0 vc_col-sm-offset-0&Prime;][vc_column_text el_class=\u00a0\u00bblista-areas-practica\u00a0\u00bb css=\u00a0\u00bb.vc_custom_1486673071704{margin-bottom: 10px !important;}\u00a0\u00bb]\n<ul>\n<li><a href=\"https:\/\/brosa.es\/fr\/competences\/droit-des-societes\/\">Droit des Soci\u00e9t\u00e9s<\/a><\/li>\n<li><a href=\"https:\/\/brosa.es\/fr\/competences\/droit-bancaire\/\">Droit Bancaire<\/a><\/li>\n<li><a href=\"https:\/\/brosa.es\/fr\/competences\/droit-de-la-faillite\/\">Droit de la Faillite<\/a><\/li>\n<li><a href=\"https:\/\/brosa.es\/fr\/competences\/droit-fiscal\/\">Droit Fiscal et Comptable<\/a><\/li>\n<li><a href=\"https:\/\/brosa.es\/fr\/competences\/economique-et-financier\/\">Droit \u00c9conomique et Financier<\/a><\/li>\n<\/ul>\n[\/vc_column_text][\/vc_column][vc_column width=\u00a0\u00bb1\/4&Prime;][vc_column_text el_class=\u00a0\u00bblista-areas-practica\u00a0\u00bb css=\u00a0\u00bb.vc_custom_1486673078655{margin-bottom: 10px !important;}\u00a0\u00bb]\n<ul>\n<li><a href=\"https:\/\/brosa.es\/fr\/competences\/droit-du-travail\/\">Droit du Travail<\/a><\/li>\n<li><a href=\"https:\/\/brosa.es\/fr\/competences\/droit-procedural\/\">Droit Proc\u00e9dural<\/a><\/li>\n<li><a href=\"https:\/\/brosa.es\/fr\/competences\/droit-civil\/\">Droit Civil<\/a><\/li>\n<li><a href=\"https:\/\/brosa.es\/fr\/competences\/droit-penal\/\">Droit P\u00e9nal<\/a><\/li>\n<li><a href=\"https:\/\/brosa.es\/fr\/competences\/droit-administratif\/\">Droit Administratif<\/a><\/li>\n<\/ul>\n[\/vc_column_text][\/vc_column][vc_column width=\u00a0\u00bb1\/4&Prime;][vc_column_text el_class=\u00a0\u00bblista-areas-practica\u00a0\u00bb css=\u00a0\u00bb.vc_custom_1489420319827{margin-bottom: 10px !important;}\u00a0\u00bb]\n<ul>\n<li><a href=\"https:\/\/brosa.es\/fr\/competences\/droit-de-la-construction\/\">Droit de la Construction<\/a><\/li>\n<li><a href=\"https:\/\/brosa.es\/fr\/competences\/propriete-intellectuelle-et-industrielle\/\">Propri\u00e9t\u00e9 Intellectuelle et Industrielle<\/a><\/li>\n<li>Droit de l\u2019Information et des Communications et Cybers\u00e9curit\u00e9<\/li>\n<li><a href=\"https:\/\/brosa.es\/fr\/competences\/droit-communautaire-et-international\/\">Droit Communautaire et International<\/a><\/li>\n<li><a href=\"https:\/\/brosa.es\/fr\/competences\/droit-agroalimentaire\/\">Droit Agroalimentaire<\/a><\/li>\n<\/ul>\n[\/vc_column_text][\/vc_column][vc_column width=\u00a0\u00bb1\/4&Prime;][vc_column_text el_class=\u00a0\u00bblista-areas-practica\u00a0\u00bb]\n<ul>\n<li><a href=\"https:\/\/brosa.es\/fr\/competences\/droit-maritime-et-des-transports\/\">Droit Maritime et des Transports<\/a><\/li>\n<li><a href=\"https:\/\/brosa.es\/fr\/competences\/droit-de-la-famille\/\">Droit de la Famille<\/a><\/li>\n<li><a href=\"https:\/\/brosa.es\/fr\/competences\/droit-pharmaceutique\/\">Droit Pharmaceutique<\/a><\/li>\n<li><a href=\"https:\/\/brosa.es\/fr\/competences\/italian-desk\/\">Italian Desk<\/a><\/li>\n<li><a href=\"https:\/\/brosa.es\/fr\/competences\/usa-desk\/\">USA Desk<\/a><\/li>\n<\/ul>\n[\/vc_column_text][\/vc_column][\/vc_row][vc_row][vc_column][vc_empty_space][vc_column_text]<div class=\"featured_block\"><div class=\"featured_content\">\n<h3>L&rsquo;\u00e9quipe la plus compl\u00e8te d&rsquo;avocats et d&rsquo;\u00e9conomistes<\/h3>\n<\/div><div class=\"featured_button\"><div class=\"featured_button_inner\"><a class=\"button_large\" href=\"equipo\" title=\"L'\u00e9quipe de Brosa\">L'\u00e9quipe de Brosa<\/a><\/div><\/div><\/div>[\/vc_column_text][\/vc_column][\/vc_row][vc_row][vc_column][vc_empty_space][vc_text_separator title=\u00a0\u00bbBlog\u00a0\u00bb color=\u00a0\u00bbcustom\u00a0\u00bb][vc_basic_grid post_type=\u00a0\u00bbpost\u00a0\u00bb max_items=\u00a0\u00bb3&Prime; item=\u00a0\u00bb6708&Prime; grid_id=\u00a0\u00bbvc_gid:1489420303302-b32f30ed-2e66-6&Prime;][vc_btn title=\u00a0\u00bbVoir tous les articles du blog\u00a0\u00bb style=\u00a0\u00bbcustom\u00a0\u00bb custom_background=\u00a0\u00bb#ee8d40&Prime; custom_text=\u00a0\u00bb#ffffff\u00a0\u00bb shape=\u00a0\u00bbsquare\u00a0\u00bb align=\u00a0\u00bbcenter\u00a0\u00bb i_icon_fontawesome=\u00a0\u00bbfa fa-arrow-right\u00a0\u00bb add_icon=\u00a0\u00bbtrue\u00a0\u00bb link=\u00a0\u00bburl:http%3A%2F%2Fbrosa.es%2Fblog|||\u00a0\u00bb][\/vc_column][\/vc_row]\n","protected":false},"excerpt":{"rendered":"<p>[vc_row][vc_column][vc_text_separator title=\u00a0\u00bbPrincipes\u00a0\u00bb color=\u00a0\u00bbcustom\u00a0\u00bb][\/vc_column][\/vc_row][vc_row el_class=\u00a0\u00bbfive-columns fila-principios-actuacion\u00a0\u00bb][vc_column css_animation=\u00a0\u00bbnone\u00a0\u00bb width=\u00a0\u00bb1\/6&Prime;][vc_icon icon_fontawesome=\u00a0\u00bbfa fa-star\u00a0\u00bb color=\u00a0\u00bbcustom\u00a0\u00bb background_style=\u00a0\u00bbrounded\u00a0\u00bb background_color=\u00a0\u00bbwhite\u00a0\u00bb align=\u00a0\u00bbcenter\u00a0\u00bb css_animation=\u00a0\u00bbnone\u00a0\u00bb custom_color=\u00a0\u00bb#ee8d40&Prime; css=\u00a0\u00bb.vc_custom_1486231820312{margin-bottom: 0px !important;}\u00a0\u00bb][vc_column_text] Qualit\u00e9 et eficacit\u00e9 [\/vc_column_text][\/vc_column][vc_column width=\u00a0\u00bb1\/6&Prime;][vc_icon icon_fontawesome=\u00a0\u00bbfa fa-briefcase\u00a0\u00bb color=\u00a0\u00bbcustom\u00a0\u00bb background_style=\u00a0\u00bbrounded\u00a0\u00bb background_color=\u00a0\u00bbwhite\u00a0\u00bb align=\u00a0\u00bbcenter\u00a0\u00bb css_animation=\u00a0\u00bbnone\u00a0\u00bb custom_color=\u00a0\u00bb#ee8d40&Prime; css=\u00a0\u00bb.vc_custom_1486232090660{margin-bottom: 0px !important;}\u00a0\u00bb][vc_column_text] Conseil aux entreprises [\/vc_column_text][\/vc_column][vc_column width=\u00a0\u00bb1\/6&Prime;][vc_icon icon_fontawesome=\u00a0\u00bbfa fa-retweet\u00a0\u00bb color=\u00a0\u00bbcustom\u00a0\u00bb background_style=\u00a0\u00bbrounded\u00a0\u00bb background_color=\u00a0\u00bbwhite\u00a0\u00bb align=\u00a0\u00bbcenter\u00a0\u00bb css_animation=\u00a0\u00bbnone\u00a0\u00bb custom_color=\u00a0\u00bb#ee8d40&Prime; css=\u00a0\u00bb.vc_custom_1486232139008{margin-bottom: 0px !important;}\u00a0\u00bb][vc_column_text] Service int\u00e9gral [\/vc_column_text][\/vc_column][vc_column width=\u00a0\u00bb1\/6&Prime; el_class=\u00a0\u00bbcolumna-salto\u00a0\u00bb][vc_icon&#8230;<\/p>\n","protected":false},"author":1,"featured_media":0,"parent":0,"menu_order":0,"comment_status":"closed","ping_status":"closed","template":"","meta":[],"_links":{"self":[{"href":"https:\/\/brosa.es\/fr\/wp-json\/wp\/v2\/pages\/7870"}],"collection":[{"href":"https:\/\/brosa.es\/fr\/wp-json\/wp\/v2\/pages"}],"about":[{"href":"https:\/\/brosa.es\/fr\/wp-json\/wp\/v2\/types\/page"}],"author":[{"embeddable":true,"href":"https:\/\/brosa.es\/fr\/wp-json\/wp\/v2\/users\/1"}],"replies":[{"embeddable":true,"href":"https:\/\/brosa.es\/fr\/wp-json\/wp\/v2\/comments?post=7870"}],"version-history":[{"count":5,"href":"https:\/\/brosa.es\/fr\/wp-json\/wp\/v2\/pages\/7870\/revisions"}],"predecessor-version":[{"id":7939,"href":"https:\/\/brosa.es\/fr\/wp-json\/wp\/v2\/pages\/7870\/revisions\/7939"}],"wp:attachment":[{"href":"https:\/\/brosa.es\/fr\/wp-json\/wp\/v2\/media?parent=7870"}],"curies":[{"name":"wp","href":"https:\/\/api.w.org\/{rel}","templated":true}]}}