{"id":7885,"date":"2017-03-30T21:12:07","date_gmt":"2017-03-30T20:12:07","guid":{"rendered":"http:\/\/brosa.es\/competences\/"},"modified":"2017-03-30T22:13:59","modified_gmt":"2017-03-30T21:13:59","slug":"competences","status":"publish","type":"page","link":"https:\/\/brosa.es\/fr\/competences\/","title":{"rendered":"Comp\u00e9tences"},"content":{"rendered":"<p>[vc_row el_class=\u00a0\u00bbfila-areas-de-practica\u00a0\u00bb][vc_column width=\u00a0\u00bb1\/4&Prime;][vc_column_text el_class=\u00a0\u00bblista-areas-practica\u00a0\u00bb css=\u00a0\u00bb.vc_custom_1486673011660{margin-bottom: 10px !important;}\u00a0\u00bb]\n<ul>\n<li><a href=\"https:\/\/brosa.es\/fr\/competences\/droit-des-societes\/\">Droit des Soci\u00e9t\u00e9s<\/a><\/li>\n<li><a href=\"https:\/\/brosa.es\/fr\/competences\/droit-bancaire\/\">Droit Bancaire<\/a><\/li>\n<li><a href=\"https:\/\/brosa.es\/fr\/competences\/droit-de-la-faillite\/\">Droit de la Faillite<\/a><\/li>\n<li><a href=\"https:\/\/brosa.es\/fr\/competences\/droit-fiscal\/\">Droit Fiscal et Comptable<\/a><\/li>\n<li><a href=\"https:\/\/brosa.es\/fr\/competences\/economique-et-financier\/\">Droit \u00c9conomique et Financier<\/a><\/li>\n<\/ul>\n[\/vc_column_text][\/vc_column][vc_column width=\u00a0\u00bb1\/4&Prime;][vc_column_text el_class=\u00a0\u00bblista-areas-practica\u00a0\u00bb css=\u00a0\u00bb.vc_custom_1486673020133{margin-bottom: 10px !important;}\u00a0\u00bb]\n<ul>\n<li><a href=\"https:\/\/brosa.es\/fr\/competences\/droit-du-travail\/\">Droit du Travail<\/a><\/li>\n<li><a href=\"https:\/\/brosa.es\/fr\/competences\/droit-procedural\/\">Droit Proc\u00e9dural<\/a><\/li>\n<li><a href=\"https:\/\/brosa.es\/fr\/competences\/droit-civil\/\">Droit Civil<\/a><\/li>\n<li><a href=\"https:\/\/brosa.es\/fr\/competences\/droit-penal\/\">Droit P\u00e9nal<\/a><\/li>\n<li><a href=\"https:\/\/brosa.es\/fr\/competences\/droit-administratif\/\">Droit Administratif<\/a><\/li>\n<\/ul>\n[\/vc_column_text][\/vc_column][vc_column width=\u00a0\u00bb1\/4&Prime;][vc_column_text el_class=\u00a0\u00bblista-areas-practica\u00a0\u00bb css=\u00a0\u00bb.vc_custom_1489420246225{margin-bottom: 10px !important;}\u00a0\u00bb]\n<ul>\n<li><a href=\"https:\/\/brosa.es\/fr\/competences\/droit-de-la-construction\/\">Droit de la Construction<\/a><\/li>\n<li><a href=\"https:\/\/brosa.es\/fr\/competences\/propriete-intellectuelle-et-industrielle\/\">Propri\u00e9t\u00e9 Intellectuelle et Industrielle<\/a><\/li>\n<li>Droit de l\u2019Information et des Communications et Cybers\u00e9curit\u00e9<\/li>\n<li><a href=\"https:\/\/brosa.es\/fr\/competences\/droit-communautaire-et-international\/\">Droit Communautaire et International<\/a><\/li>\n<li><a href=\"https:\/\/brosa.es\/fr\/competences\/droit-agroalimentaire\/\">Droit Agroalimentaire<\/a><\/li>\n<\/ul>\n[\/vc_column_text][\/vc_column][vc_column width=\u00a0\u00bb1\/4&Prime;][vc_column_text el_class=\u00a0\u00bblista-areas-practica\u00a0\u00bb]\n<ul>\n<li><a href=\"https:\/\/brosa.es\/fr\/competences\/droit-maritime-et-des-transports\/\">Droit Maritime et des Transports<\/a><\/li>\n<li><a href=\"https:\/\/brosa.es\/fr\/competences\/droit-de-la-famille\/\">Droit de la Famille<\/a><\/li>\n<li><a href=\"https:\/\/brosa.es\/fr\/competences\/droit-pharmaceutique\/\">Droit Pharmaceutique<\/a><\/li>\n<li><a href=\"https:\/\/brosa.es\/fr\/competences\/italian-desk\/\">Italian Desk<\/a><\/li>\n<li><a href=\"https:\/\/brosa.es\/fr\/competences\/usa-desk\/\">USA Desk<\/a><\/li>\n<\/ul>\n[\/vc_column_text][\/vc_column][\/vc_row]\n","protected":false},"excerpt":{"rendered":"<p>[vc_row el_class=\u00a0\u00bbfila-areas-de-practica\u00a0\u00bb][vc_column width=\u00a0\u00bb1\/4&Prime;][vc_column_text el_class=\u00a0\u00bblista-areas-practica\u00a0\u00bb css=\u00a0\u00bb.vc_custom_1486673011660{margin-bottom: 10px !important;}\u00a0\u00bb] Droit des Soci\u00e9t\u00e9s Droit Bancaire Droit de la Faillite Droit Fiscal et Comptable Droit \u00c9conomique et Financier [\/vc_column_text][\/vc_column][vc_column width=\u00a0\u00bb1\/4&Prime;][vc_column_text el_class=\u00a0\u00bblista-areas-practica\u00a0\u00bb css=\u00a0\u00bb.vc_custom_1486673020133{margin-bottom: 10px !important;}\u00a0\u00bb] Droit du Travail Droit Proc\u00e9dural Droit Civil Droit P\u00e9nal Droit Administratif [\/vc_column_text][\/vc_column][vc_column width=\u00a0\u00bb1\/4&Prime;][vc_column_text el_class=\u00a0\u00bblista-areas-practica\u00a0\u00bb css=\u00a0\u00bb.vc_custom_1489420246225{margin-bottom: 10px !important;}\u00a0\u00bb] Droit de la Construction Propri\u00e9t\u00e9 Intellectuelle et Industrielle&#8230;<\/p>\n","protected":false},"author":1,"featured_media":0,"parent":0,"menu_order":0,"comment_status":"closed","ping_status":"closed","template":"","meta":[],"_links":{"self":[{"href":"https:\/\/brosa.es\/fr\/wp-json\/wp\/v2\/pages\/7885"}],"collection":[{"href":"https:\/\/brosa.es\/fr\/wp-json\/wp\/v2\/pages"}],"about":[{"href":"https:\/\/brosa.es\/fr\/wp-json\/wp\/v2\/types\/page"}],"author":[{"embeddable":true,"href":"https:\/\/brosa.es\/fr\/wp-json\/wp\/v2\/users\/1"}],"replies":[{"embeddable":true,"href":"https:\/\/brosa.es\/fr\/wp-json\/wp\/v2\/comments?post=7885"}],"version-history":[{"count":5,"href":"https:\/\/brosa.es\/fr\/wp-json\/wp\/v2\/pages\/7885\/revisions"}],"predecessor-version":[{"id":7938,"href":"https:\/\/brosa.es\/fr\/wp-json\/wp\/v2\/pages\/7885\/revisions\/7938"}],"wp:attachment":[{"href":"https:\/\/brosa.es\/fr\/wp-json\/wp\/v2\/media?parent=7885"}],"curies":[{"name":"wp","href":"https:\/\/api.w.org\/{rel}","templated":true}]}}