{"id":7959,"date":"2017-04-05T12:46:05","date_gmt":"2017-04-05T11:46:05","guid":{"rendered":"http:\/\/brosa.es\/equipe\/"},"modified":"2025-11-17T10:47:33","modified_gmt":"2025-11-17T09:47:33","slug":"equipe","status":"publish","type":"page","link":"https:\/\/brosa.es\/fr\/equipe\/","title":{"rendered":"\u00c9quipe"},"content":{"rendered":"<p>[vc_row][vc_column][vc_text_separator title=\u00a0\u00bbPARTENAIRES DU CABINET\u00a0\u00bb][\/vc_column][\/vc_row][vc_row][vc_column width=\u00a0\u00bb1\/3&Prime;][vc_column_text]<div class=\"cmsms_our_team_wrap\"><div class=\"wrap_person\"><figure><a href=\"#\" data-group=\"img_7959\" title=\"\u00c9quipe\" class=\"preloader\"><img width=\"400\" height=\"300\" src=\"https:\/\/brosa.es\/wp-content\/uploads\/2017\/02\/jaume-brosa.jpg\" class=\"fullwidth\" alt=\"\" decoding=\"async\" loading=\"lazy\" srcset=\"https:\/\/brosa.es\/wp-content\/uploads\/2017\/02\/jaume-brosa.jpg 400w, https:\/\/brosa.es\/wp-content\/uploads\/2017\/02\/jaume-brosa-300x225.jpg 300w\" sizes=\"(max-width: 400px) 100vw, 400px\" \/><\/a><\/figure><div class=\"cmsms_team_rollover\"><\/div><\/div><div class=\"cmsms_header_wrap\"><header class=\"entry-header\"><h5 class=\"person_title\">Jaume Brosa<\/h5><p class=\"person_subtitle\">Avocat<\/p><\/header><div class=\"entry-content\">\n<p>Avocat. Dipl\u00f4m\u00e9 en sciences \u00e9conomiques et de l&rsquo;entreprise. Membre des d\u00e9partements du droit commercial et des affaires et du d\u00e9partement des technologies de l&rsquo;information. Sp\u00e9cialiste du commerce international et du droit des services de la soci\u00e9t\u00e9 de l&rsquo;information.<\/p>\n<\/div><\/div><\/div>[\/vc_column_text][\/vc_column][vc_column width=\u00a0\u00bb1\/3&Prime;][vc_column_text]<div class=\"cmsms_our_team_wrap\"><div class=\"wrap_person\"><figure><a href=\"#\" data-group=\"img_7959\" title=\"\u00c9quipe\" class=\"preloader\"><img width=\"400\" height=\"300\" src=\"https:\/\/brosa.es\/wp-content\/uploads\/2017\/02\/jordi-brosa.jpg\" class=\"fullwidth\" alt=\"\" decoding=\"async\" loading=\"lazy\" srcset=\"https:\/\/brosa.es\/wp-content\/uploads\/2017\/02\/jordi-brosa.jpg 400w, https:\/\/brosa.es\/wp-content\/uploads\/2017\/02\/jordi-brosa-300x225.jpg 300w\" sizes=\"(max-width: 400px) 100vw, 400px\" \/><\/a><\/figure><div class=\"cmsms_team_rollover\"><\/div><\/div><div class=\"cmsms_header_wrap\"><header class=\"entry-header\"><h5 class=\"person_title\">Jordi Brosa<\/h5><p class=\"person_subtitle\">Avocat<\/p><\/header><div class=\"entry-content\">\n<p>Avocat. Dipl\u00f4m\u00e9 en sciences \u00e9conomiques et de l&rsquo;entreprise. Membre des d\u00e9partements du droit commercial et des affaires et de l&rsquo;agroalimentaire. Sp\u00e9cialiste en droit pharmaceutique, droit immobilier et droit de la faillite.<\/p>\n<\/div><\/div><\/div>[\/vc_column_text][\/vc_column][vc_column width=\u00a0\u00bb1\/3&Prime;][vc_column_text]<div class=\"cmsms_our_team_wrap\"><div class=\"wrap_person\"><figure><a href=\"#\" data-group=\"img_7959\" title=\"\u00c9quipe\" class=\"preloader\"><img width=\"400\" height=\"300\" src=\"https:\/\/brosa.es\/wp-content\/uploads\/2017\/02\/marta-brosa.jpg\" class=\"fullwidth\" alt=\"\" decoding=\"async\" loading=\"lazy\" srcset=\"https:\/\/brosa.es\/wp-content\/uploads\/2017\/02\/marta-brosa.jpg 400w, https:\/\/brosa.es\/wp-content\/uploads\/2017\/02\/marta-brosa-300x225.jpg 300w\" sizes=\"(max-width: 400px) 100vw, 400px\" \/><\/a><\/figure><div class=\"cmsms_team_rollover\"><\/div><\/div><div class=\"cmsms_header_wrap\"><header class=\"entry-header\"><h5 class=\"person_title\">Marta Brosa<\/h5><p class=\"person_subtitle\">Avocate<\/p><\/header><div class=\"entry-content\">\n<p>Avocat. Master en conseil juridique de l&rsquo;Instituto de Empresa de Madrid. Membre des d\u00e9partements du droit commercial et des affaires, de l&rsquo;agroalimentaire et proc\u00e9dural. Sp\u00e9cialiste des litiges entre entreprises, du droit agroalimentaire et du droit des transports.<\/p>\n<\/div><\/div><\/div>[\/vc_column_text][\/vc_column][\/vc_row][vc_row][vc_column width=\u00a0\u00bb1\/3&Prime;][vc_column_text]<div class=\"cmsms_our_team_wrap\"><div class=\"wrap_person\"><figure><a href=\"#\" data-group=\"img_7959\" title=\"\u00c9quipe\" class=\"preloader\"><img width=\"400\" height=\"300\" src=\"https:\/\/brosa.es\/wp-content\/uploads\/2017\/02\/pere-casanovas.jpg\" class=\"fullwidth\" alt=\"\" decoding=\"async\" loading=\"lazy\" srcset=\"https:\/\/brosa.es\/wp-content\/uploads\/2017\/02\/pere-casanovas.jpg 400w, https:\/\/brosa.es\/wp-content\/uploads\/2017\/02\/pere-casanovas-300x225.jpg 300w\" sizes=\"(max-width: 400px) 100vw, 400px\" \/><\/a><\/figure><div class=\"cmsms_team_rollover\"><\/div><\/div><div class=\"cmsms_header_wrap\"><header class=\"entry-header\"><h5 class=\"person_title\">Pere Casanova<\/h5><p class=\"person_subtitle\">\u00c9conomiste<\/p><\/header><div class=\"entry-content\">\n<p>Dipl\u00f4m\u00e9 en sciences \u00e9conomiques et de l&rsquo;entreprise de l&rsquo;universit\u00e9 Pompeu Fabra. Master en gestion financi\u00e8re de l&rsquo;I.D.E.C. Dipl\u00f4m\u00e9 en administration et gestion des entreprises de l&rsquo;U.O.C. Directeur du d\u00e9partement de l&rsquo;administration et des finances et membre du d\u00e9partement fiscal et \u00e9conomique-financier. Sp\u00e9cialiste du conseil financier et du conseil en contr\u00f4le de gestion.<\/p>\n<\/div><\/div><\/div>[\/vc_column_text][\/vc_column][vc_column width=\u00a0\u00bb1\/3&Prime;][vc_column_text]<div class=\"cmsms_our_team_wrap\"><div class=\"wrap_person\"><figure><a href=\"#\" data-group=\"img_7959\" title=\"\u00c9quipe\" class=\"preloader\"><img width=\"400\" height=\"300\" src=\"https:\/\/brosa.es\/wp-content\/uploads\/2017\/02\/isabel-escudero.jpg\" class=\"fullwidth\" alt=\"\" decoding=\"async\" loading=\"lazy\" srcset=\"https:\/\/brosa.es\/wp-content\/uploads\/2017\/02\/isabel-escudero.jpg 400w, https:\/\/brosa.es\/wp-content\/uploads\/2017\/02\/isabel-escudero-300x225.jpg 300w\" sizes=\"(max-width: 400px) 100vw, 400px\" \/><\/a><\/figure><div class=\"cmsms_team_rollover\"><\/div><\/div><div class=\"cmsms_header_wrap\"><header class=\"entry-header\"><h5 class=\"person_title\">Isabel Escudero Guti\u00e9rrez<\/h5><p class=\"person_subtitle\">Avocate<\/p><\/header><div class=\"entry-content\">\n<p>Avocat. Sp\u00e9cialiste du droit de la famille, du droit proc\u00e9dural civil et du droit p\u00e9nal \u00e9conomique. Membre de l&rsquo;Association espagnole des avocats de la famille (AEAFA).<\/p>\n<\/div><\/div><\/div>[\/vc_column_text][\/vc_column][vc_column width=\u00a0\u00bb1\/3&Prime;][vc_column_text]<div class=\"cmsms_our_team_wrap\"><div class=\"wrap_person\"><figure><a href=\"#\" data-group=\"img_7959\" title=\"\u00c9quipe\" class=\"preloader\"><img width=\"400\" height=\"300\" src=\"https:\/\/brosa.es\/wp-content\/uploads\/2017\/02\/joan-rius.jpg\" class=\"fullwidth\" alt=\"\" decoding=\"async\" loading=\"lazy\" srcset=\"https:\/\/brosa.es\/wp-content\/uploads\/2017\/02\/joan-rius.jpg 400w, https:\/\/brosa.es\/wp-content\/uploads\/2017\/02\/joan-rius-300x225.jpg 300w\" sizes=\"(max-width: 400px) 100vw, 400px\" \/><\/a><\/figure><div class=\"cmsms_team_rollover\"><\/div><\/div><div class=\"cmsms_header_wrap\"><header class=\"entry-header\"><h5 class=\"person_title\">Joan Rius<\/h5><p class=\"person_subtitle\">\u00c9conomiste<\/p><\/header><div class=\"entry-content\">\n<p>Dipl\u00f4m\u00e9 en sciences \u00e9conomiques et de l&rsquo;entreprise. Master en fiscalit\u00e9 de l&rsquo;Ateneu Tributari de Barcelone. Membre du Registre Central des Conseillers Fiscaux du Conseil des Associations de Juristes d&rsquo;Affaires et de Commerce. Membre des d\u00e9partements fiscal et \u00e9conomique-financier. Sp\u00e9cialiste des taxes municipales et de l&rsquo;administration locale.<\/p>\n<\/div><\/div><\/div>[\/vc_column_text][\/vc_column][\/vc_row][vc_row][vc_column width=\u00a0\u00bb1\/3&Prime;][vc_column_text]<div class=\"cmsms_our_team_wrap\"><div class=\"wrap_person\"><figure><a href=\"#\" data-group=\"img_7959\" title=\"\u00c9quipe\" class=\"preloader\"><img width=\"400\" height=\"300\" src=\"https:\/\/brosa.es\/wp-content\/uploads\/2017\/02\/genis-torres.jpg\" class=\"fullwidth\" alt=\"\" decoding=\"async\" loading=\"lazy\" srcset=\"https:\/\/brosa.es\/wp-content\/uploads\/2017\/02\/genis-torres.jpg 400w, https:\/\/brosa.es\/wp-content\/uploads\/2017\/02\/genis-torres-300x225.jpg 300w\" sizes=\"(max-width: 400px) 100vw, 400px\" \/><\/a><\/figure><div class=\"cmsms_team_rollover\"><\/div><\/div><div class=\"cmsms_header_wrap\"><header class=\"entry-header\"><h5 class=\"person_title\">Gen\u00eds Torres<\/h5><p class=\"person_subtitle\">\u00c9conomiste<\/p><\/header><div class=\"entry-content\">\n<p>\u00c9conomiste, professeur de commerce et dipl\u00f4m\u00e9 en droit. Expert en droit fiscal, \u00e9conomique et financier. Sp\u00e9cialiste de la fiscalit\u00e9 des entreprises familiales.<\/p>\n<\/div><\/div><\/div>[\/vc_column_text][\/vc_column][vc_column width=\u00a0\u00bb1\/3&Prime;][\/vc_column][vc_column width=\u00a0\u00bb1\/3&Prime;][\/vc_column][\/vc_row][vc_row][vc_column][vc_text_separator title=\u00a0\u00bbPROFESSIONNELS \/ COLLABORATEURS\u00a0\u00bb][\/vc_column][\/vc_row][vc_row][vc_column width=\u00a0\u00bb1\/3&Prime;][vc_column_text]<div class=\"cmsms_our_team_wrap\"><div class=\"wrap_person\"><figure><a href=\"#\" data-group=\"img_7959\" title=\"\u00c9quipe\" class=\"preloader\"><img width=\"400\" height=\"300\" src=\"https:\/\/brosa.es\/wp-content\/uploads\/2017\/02\/josep-bertran.jpg\" class=\"fullwidth\" alt=\"\" decoding=\"async\" loading=\"lazy\" srcset=\"https:\/\/brosa.es\/wp-content\/uploads\/2017\/02\/josep-bertran.jpg 400w, https:\/\/brosa.es\/wp-content\/uploads\/2017\/02\/josep-bertran-300x225.jpg 300w\" sizes=\"(max-width: 400px) 100vw, 400px\" \/><\/a><\/figure><div class=\"cmsms_team_rollover\"><\/div><\/div><div class=\"cmsms_header_wrap\"><header class=\"entry-header\"><h5 class=\"person_title\">Josep Bertr\u00e1n Forn\u00f3s<\/h5><p class=\"person_subtitle\">Avocat<\/p><\/header><div class=\"entry-content\">\n<p>D\u00e9partement du droit des transports<\/p>\n<\/div><\/div><\/div>[\/vc_column_text][\/vc_column][vc_column width=\u00a0\u00bb1\/3&Prime;][vc_column_text]<div class=\"cmsms_our_team_wrap\"><div class=\"wrap_person\"><figure><a href=\"#\" data-group=\"img_7959\" title=\"\u00c9quipe\" class=\"preloader\"><img width=\"400\" height=\"300\" src=\"https:\/\/brosa.es\/wp-content\/uploads\/2017\/02\/angeles-subira-1.jpg\" class=\"fullwidth\" alt=\"\" decoding=\"async\" loading=\"lazy\" srcset=\"https:\/\/brosa.es\/wp-content\/uploads\/2017\/02\/angeles-subira-1.jpg 400w, https:\/\/brosa.es\/wp-content\/uploads\/2017\/02\/angeles-subira-1-300x225.jpg 300w\" sizes=\"(max-width: 400px) 100vw, 400px\" \/><\/a><\/figure><div class=\"cmsms_team_rollover\"><\/div><\/div><div class=\"cmsms_header_wrap\"><header class=\"entry-header\"><h5 class=\"person_title\">\u00c1ngeles Subir\u00e1 Go\u00f1i<\/h5><p class=\"person_subtitle\">Avocate<\/p><\/header><div class=\"entry-content\">\n<p>D\u00e9partement du droit commercial et des affaires (sp\u00e9cialis\u00e9 dans l&rsquo;insolvabilit\u00e9 et le droit des transports), d\u00e9partement des litiges<\/p>\n<\/div><\/div><\/div>[\/vc_column_text][\/vc_column][vc_column width=\u00a0\u00bb1\/3&Prime;][vc_column_text]<div class=\"cmsms_our_team_wrap\"><div class=\"wrap_person\"><figure><a href=\"#\" data-group=\"img_7959\" title=\"\u00c9quipe\" class=\"preloader\"><img width=\"400\" height=\"300\" src=\"https:\/\/brosa.es\/wp-content\/uploads\/2017\/02\/gerard-moliner.jpg\" class=\"fullwidth\" alt=\"\" decoding=\"async\" loading=\"lazy\" srcset=\"https:\/\/brosa.es\/wp-content\/uploads\/2017\/02\/gerard-moliner.jpg 400w, https:\/\/brosa.es\/wp-content\/uploads\/2017\/02\/gerard-moliner-300x225.jpg 300w\" sizes=\"(max-width: 400px) 100vw, 400px\" \/><\/a><\/figure><div class=\"cmsms_team_rollover\"><\/div><\/div><div class=\"cmsms_header_wrap\"><header class=\"entry-header\"><h5 class=\"person_title\">Gerard Moliner<\/h5><p class=\"person_subtitle\">\u00c9conomiste<\/p><\/header><div class=\"entry-content\">\n<p>D\u00e9partement fiscal et de comptabilit\u00e9<\/p>\n<\/div><\/div><\/div>[\/vc_column_text][\/vc_column][\/vc_row][vc_row][vc_column width=\u00a0\u00bb1\/3&Prime;][vc_column_text]<div class=\"cmsms_our_team_wrap\"><div class=\"wrap_person\"><figure><a href=\"#\" data-group=\"img_7959\" title=\"\u00c9quipe\" class=\"preloader\"><img width=\"470\" height=\"376\" src=\"https:\/\/brosa.es\/wp-content\/uploads\/2017\/02\/Foto-Paolo-Indolfi.jpg\" class=\"fullwidth\" alt=\"\" decoding=\"async\" loading=\"lazy\" srcset=\"https:\/\/brosa.es\/wp-content\/uploads\/2017\/02\/Foto-Paolo-Indolfi.jpg 470w, https:\/\/brosa.es\/wp-content\/uploads\/2017\/02\/Foto-Paolo-Indolfi-300x240.jpg 300w\" sizes=\"(max-width: 470px) 100vw, 470px\" \/><\/a><\/figure><div class=\"cmsms_team_rollover\"><\/div><\/div><div class=\"cmsms_header_wrap\"><header class=\"entry-header\"><h5 class=\"person_title\">Paolo Indolfi<\/h5><p class=\"person_subtitle\">Avocat<\/p><\/header><div class=\"entry-content\">\n<p>D\u00e9partement du droit commercial et des affaires<\/p>\n<\/div><\/div><\/div>[\/vc_column_text][\/vc_column][vc_column width=\u00a0\u00bb1\/3&Prime;][vc_column_text]<div class=\"cmsms_our_team_wrap\"><div class=\"wrap_person\"><figure><a href=\"#\" data-group=\"img_7959\" title=\"\u00c9quipe\" class=\"preloader\"><img width=\"470\" height=\"376\" src=\"https:\/\/brosa.es\/wp-content\/uploads\/2017\/02\/Francisco-Javier-Saguar.jpg\" class=\"fullwidth\" alt=\"\" decoding=\"async\" loading=\"lazy\" srcset=\"https:\/\/brosa.es\/wp-content\/uploads\/2017\/02\/Francisco-Javier-Saguar.jpg 470w, https:\/\/brosa.es\/wp-content\/uploads\/2017\/02\/Francisco-Javier-Saguar-300x240.jpg 300w\" sizes=\"(max-width: 470px) 100vw, 470px\" \/><\/a><\/figure><div class=\"cmsms_team_rollover\"><\/div><\/div><div class=\"cmsms_header_wrap\"><header class=\"entry-header\"><h5 class=\"person_title\">Francisco Javier Saguar Quer <\/h5><p class=\"person_subtitle\">Avocat<\/p><\/header><div class=\"entry-content\">\n<p>D\u00e9partement du droit commercial et des affaires (sp\u00e9cialis\u00e9 en droit bancaire)<\/p>\n<\/div><\/div><\/div>[\/vc_column_text][\/vc_column][vc_column width=\u00a0\u00bb1\/3&Prime;][\/vc_column][\/vc_row][vc_row][vc_column][vc_text_separator title=\u00a0\u00bbADMINISTRATION\u00a0\u00bb][\/vc_column][\/vc_row][vc_row][vc_column][vc_column_text][\/vc_column_text][\/vc_column][\/vc_row][vc_row][vc_column width=\u00a0\u00bb1\/3&Prime;][vc_column_text]<div class=\"cmsms_our_team_wrap\"><div class=\"wrap_person\"><figure><a href=\"#\" data-group=\"img_7959\" title=\"\u00c9quipe\" class=\"preloader\"><img width=\"400\" height=\"300\" src=\"https:\/\/brosa.es\/wp-content\/uploads\/2017\/02\/montse-chicharro.jpg\" class=\"fullwidth\" alt=\"\" decoding=\"async\" loading=\"lazy\" srcset=\"https:\/\/brosa.es\/wp-content\/uploads\/2017\/02\/montse-chicharro.jpg 400w, https:\/\/brosa.es\/wp-content\/uploads\/2017\/02\/montse-chicharro-300x225.jpg 300w\" sizes=\"(max-width: 400px) 100vw, 400px\" \/><\/a><\/figure><div class=\"cmsms_team_rollover\"><\/div><\/div><div class=\"cmsms_header_wrap\"><header class=\"entry-header\"><h5 class=\"person_title\">Montse Chicharro Agueda<\/h5><\/header><div class=\"entry-content\">\n<\/div><\/div><\/div>[\/vc_column_text][\/vc_column][vc_column width=\u00a0\u00bb1\/3&Prime;][vc_column_text]<div class=\"cmsms_our_team_wrap\"><div class=\"wrap_person\"><figure><a href=\"#\" data-group=\"img_7959\" title=\"\u00c9quipe\" class=\"preloader\"><img width=\"400\" height=\"300\" src=\"https:\/\/brosa.es\/wp-content\/uploads\/2017\/03\/judit-perarnau.jpg\" class=\"fullwidth\" alt=\"\" decoding=\"async\" loading=\"lazy\" srcset=\"https:\/\/brosa.es\/wp-content\/uploads\/2017\/03\/judit-perarnau.jpg 400w, https:\/\/brosa.es\/wp-content\/uploads\/2017\/03\/judit-perarnau-300x225.jpg 300w\" sizes=\"(max-width: 400px) 100vw, 400px\" \/><\/a><\/figure><div class=\"cmsms_team_rollover\"><\/div><\/div><div class=\"cmsms_header_wrap\"><header class=\"entry-header\"><h5 class=\"person_title\">Judit Perarnau Berruezo<\/h5><\/header><div class=\"entry-content\">\n<\/div><\/div><\/div>[\/vc_column_text][\/vc_column][vc_column width=\u00a0\u00bb1\/3&Prime;][vc_column_text el_class=\u00a0\u00bbprofessional-filtre\u00a0\u00bb]<div class=\"cmsms_our_team_wrap\"><div class=\"wrap_person\"><figure><a href=\"#\" data-group=\"img_7959\" title=\"\u00c9quipe\" class=\"preloader\"><img width=\"400\" height=\"300\" src=\"https:\/\/brosa.es\/wp-content\/uploads\/2024\/12\/julia-cruz.jpg\" class=\"fullwidth\" alt=\"\" decoding=\"async\" loading=\"lazy\" srcset=\"https:\/\/brosa.es\/wp-content\/uploads\/2024\/12\/julia-cruz.jpg 400w, https:\/\/brosa.es\/wp-content\/uploads\/2024\/12\/julia-cruz-300x225.jpg 300w\" sizes=\"(max-width: 400px) 100vw, 400px\" \/><\/a><\/figure><div class=\"cmsms_team_rollover\"><\/div><\/div><div class=\"cmsms_header_wrap\"><header class=\"entry-header\"><h5 class=\"person_title\">J\u00falia Cruz<\/h5><\/header><div class=\"entry-content\">\n<p style=\"text-align: center;\"><\/div><\/div><\/div>\n[\/vc_column_text][\/vc_column][\/vc_row]\n","protected":false},"excerpt":{"rendered":"<p>[vc_row][vc_column][vc_text_separator title=\u00a0\u00bbPARTENAIRES DU CABINET\u00a0\u00bb][\/vc_column][\/vc_row][vc_row][vc_column width=\u00a0\u00bb1\/3&Prime;][vc_column_text][\/vc_column_text][\/vc_column][vc_column width=\u00a0\u00bb1\/3&Prime;][vc_column_text][\/vc_column_text][\/vc_column][vc_column width=\u00a0\u00bb1\/3&Prime;][vc_column_text][\/vc_column_text][\/vc_column][\/vc_row][vc_row][vc_column width=\u00a0\u00bb1\/3&Prime;][vc_column_text][\/vc_column_text][\/vc_column][vc_column width=\u00a0\u00bb1\/3&Prime;][vc_column_text][\/vc_column_text][\/vc_column][vc_column width=\u00a0\u00bb1\/3&Prime;][vc_column_text][\/vc_column_text][\/vc_column][\/vc_row][vc_row][vc_column width=\u00a0\u00bb1\/3&Prime;][vc_column_text][\/vc_column_text][\/vc_column][vc_column width=\u00a0\u00bb1\/3&Prime;][\/vc_column][vc_column width=\u00a0\u00bb1\/3&Prime;][\/vc_column][\/vc_row][vc_row][vc_column][vc_text_separator title=\u00a0\u00bbPROFESSIONNELS \/ COLLABORATEURS\u00a0\u00bb][\/vc_column][\/vc_row][vc_row][vc_column width=\u00a0\u00bb1\/3&Prime;][vc_column_text][\/vc_column_text][\/vc_column][vc_column width=\u00a0\u00bb1\/3&Prime;][vc_column_text][\/vc_column_text][\/vc_column][vc_column width=\u00a0\u00bb1\/3&Prime;][vc_column_text][\/vc_column_text][\/vc_column][\/vc_row][vc_row][vc_column width=\u00a0\u00bb1\/3&Prime;][vc_column_text][\/vc_column_text][\/vc_column][vc_column width=\u00a0\u00bb1\/3&Prime;][vc_column_text][\/vc_column_text][\/vc_column][vc_column width=\u00a0\u00bb1\/3&Prime;][\/vc_column][\/vc_row][vc_row][vc_column][vc_text_separator title=\u00a0\u00bbADMINISTRATION\u00a0\u00bb][\/vc_column][\/vc_row][vc_row][vc_column][vc_column_text][\/vc_column_text][\/vc_column][\/vc_row][vc_row][vc_column width=\u00a0\u00bb1\/3&Prime;][vc_column_text][\/vc_column_text][\/vc_column][vc_column width=\u00a0\u00bb1\/3&Prime;][vc_column_text][\/vc_column_text][\/vc_column][vc_column width=\u00a0\u00bb1\/3&Prime;][vc_column_text el_class=\u00a0\u00bbprofessional-filtre\u00a0\u00bb] [\/vc_column_text][\/vc_column][\/vc_row]<\/p>\n","protected":false},"author":1,"featured_media":0,"parent":0,"menu_order":0,"comment_status":"closed","ping_status":"closed","template":"","meta":[],"_links":{"self":[{"href":"https:\/\/brosa.es\/fr\/wp-json\/wp\/v2\/pages\/7959"}],"collection":[{"href":"https:\/\/brosa.es\/fr\/wp-json\/wp\/v2\/pages"}],"about":[{"href":"https:\/\/brosa.es\/fr\/wp-json\/wp\/v2\/types\/page"}],"author":[{"embeddable":true,"href":"https:\/\/brosa.es\/fr\/wp-json\/wp\/v2\/users\/1"}],"replies":[{"embeddable":true,"href":"https:\/\/brosa.es\/fr\/wp-json\/wp\/v2\/comments?post=7959"}],"version-history":[{"count":7,"href":"https:\/\/brosa.es\/fr\/wp-json\/wp\/v2\/pages\/7959\/revisions"}],"predecessor-version":[{"id":10121,"href":"https:\/\/brosa.es\/fr\/wp-json\/wp\/v2\/pages\/7959\/revisions\/10121"}],"wp:attachment":[{"href":"https:\/\/brosa.es\/fr\/wp-json\/wp\/v2\/media?parent=7959"}],"curies":[{"name":"wp","href":"https:\/\/api.w.org\/{rel}","templated":true}]}}